{"id":87,"date":"2020-03-10T16:15:59","date_gmt":"2020-03-10T16:15:59","guid":{"rendered":"http:\/\/spkeblowo.strefa.pl\/wordpress\/?page_id=87"},"modified":"2020-03-13T16:39:39","modified_gmt":"2020-03-13T16:39:39","slug":"emocje-jak-sobie-z-nimi-radzic","status":"publish","type":"page","link":"https:\/\/spkeblowo.pl\/?page_id=87","title":{"rendered":"EMOCJE, JAK SOBIE Z NIMI RADZI\u0106?"},"content":{"rendered":"\n<figure class=\"wp-block-image size-large\"><img fetchpriority=\"high\" decoding=\"async\" width=\"1024\" height=\"1024\" src=\"https:\/\/spkeblowo.pl\/wp-content\/uploads\/2020\/03\/2634805-1024x1024.jpg\" alt=\"\" class=\"wp-image-583\" srcset=\"https:\/\/spkeblowo.pl\/wp-content\/uploads\/2020\/03\/2634805-1024x1024.jpg 1024w, https:\/\/spkeblowo.pl\/wp-content\/uploads\/2020\/03\/2634805-300x300.jpg 300w, https:\/\/spkeblowo.pl\/wp-content\/uploads\/2020\/03\/2634805-150x150.jpg 150w, https:\/\/spkeblowo.pl\/wp-content\/uploads\/2020\/03\/2634805-768x768.jpg 768w, https:\/\/spkeblowo.pl\/wp-content\/uploads\/2020\/03\/2634805-1536x1536.jpg 1536w, https:\/\/spkeblowo.pl\/wp-content\/uploads\/2020\/03\/2634805-70x70.jpg 70w, https:\/\/spkeblowo.pl\/wp-content\/uploads\/2020\/03\/2634805-246x246.jpg 246w, https:\/\/spkeblowo.pl\/wp-content\/uploads\/2020\/03\/2634805-276x276.jpg 276w, https:\/\/spkeblowo.pl\/wp-content\/uploads\/2020\/03\/2634805-125x125.jpg 125w, https:\/\/spkeblowo.pl\/wp-content\/uploads\/2020\/03\/2634805.jpg 2000w\" sizes=\"(max-width: 1024px) 100vw, 1024px\" \/><figcaption><a href=\"https:\/\/pl.freepik.com\/darmowe-zdjecie-wektory\/osoby\">Osoby pli<\/a><a href=\"https:\/\/pl.freepik.com\/darmowe-zdjecie-wektory\/osoby\" target=\"_blank\" rel=\"noreferrer noopener\" aria-label=\"k wektorowy utworzone przez pikisuperstar - pl.freepik.com (otwiera si\u0119 na nowej zak\u0142adce)\">k wektorowy utworzone przez pikisuperstar &#8211; pl.freepik.com<\/a><\/figcaption><\/figure>\n\n\n\n<p><a href=\"https:\/\/emocjedziecka.pl\/kiedy-czuje-potrzebuje-materialy-do-pracy-z-dzieckiem-emocje\/\">https:\/\/emocjedziecka.pl\/kiedy-czuje-potrzebuje-materialy-do-pracy-z-dzieckiem-emocje\/<\/a><\/p>\n","protected":false},"excerpt":{"rendered":"<p>https:\/\/emocjedziecka.pl\/kiedy-czuje-potrzebuje-materialy-do-pracy-z-dzieckiem-emocje\/<\/p>\n","protected":false},"author":1,"featured_media":0,"parent":0,"menu_order":0,"comment_status":"closed","ping_status":"closed","template":"","meta":{"footnotes":""},"class_list":["post-87","page","type-page","status-publish","hentry"],"yoast_head":"<!-- This site is optimized with the Yoast SEO plugin v27.4 - https:\/\/yoast.com\/product\/yoast-seo-wordpress\/ -->\n<title>EMOCJE, JAK SOBIE Z NIMI RADZI\u0106? - Szko\u0142a Podstawowa im. Jana Paw\u0142a II w K\u0119b\u0142owie<\/title>\n<meta name=\"robots\" content=\"index, follow, max-snippet:-1, max-image-preview:large, max-video-preview:-1\" \/>\n<link rel=\"canonical\" href=\"https:\/\/spkeblowo.pl\/?page_id=87\" \/>\n<meta property=\"og:locale\" content=\"pl_PL\" \/>\n<meta property=\"og:type\" content=\"article\" \/>\n<meta property=\"og:title\" content=\"EMOCJE, JAK SOBIE Z NIMI RADZI\u0106? - Szko\u0142a Podstawowa im. Jana Paw\u0142a II w K\u0119b\u0142owie\" \/>\n<meta property=\"og:description\" content=\"https:\/\/emocjedziecka.pl\/kiedy-czuje-potrzebuje-materialy-do-pracy-z-dzieckiem-emocje\/\" \/>\n<meta property=\"og:url\" content=\"https:\/\/spkeblowo.pl\/?page_id=87\" \/>\n<meta property=\"og:site_name\" content=\"Szko\u0142a Podstawowa im. Jana Paw\u0142a II w K\u0119b\u0142owie\" \/>\n<meta property=\"article:modified_time\" content=\"2020-03-13T16:39:39+00:00\" \/>\n<meta property=\"og:image\" content=\"https:\/\/spkeblowo.pl\/wp-content\/uploads\/2020\/03\/2634805-1024x1024.jpg\" \/>\n<meta name=\"twitter:card\" content=\"summary_large_image\" \/>\n<script type=\"application\/ld+json\" class=\"yoast-schema-graph\">{\"@context\":\"https:\\\/\\\/schema.org\",\"@graph\":[{\"@type\":\"WebPage\",\"@id\":\"https:\\\/\\\/spkeblowo.pl\\\/?page_id=87\",\"url\":\"https:\\\/\\\/spkeblowo.pl\\\/?page_id=87\",\"name\":\"EMOCJE, JAK SOBIE Z NIMI RADZI\u0106? - Szko\u0142a Podstawowa im. Jana Paw\u0142a II w K\u0119b\u0142owie\",\"isPartOf\":{\"@id\":\"https:\\\/\\\/spkeblowo.pl\\\/#website\"},\"primaryImageOfPage\":{\"@id\":\"https:\\\/\\\/spkeblowo.pl\\\/?page_id=87#primaryimage\"},\"image\":{\"@id\":\"https:\\\/\\\/spkeblowo.pl\\\/?page_id=87#primaryimage\"},\"thumbnailUrl\":\"https:\\\/\\\/spkeblowo.pl\\\/wp-content\\\/uploads\\\/2020\\\/03\\\/2634805-1024x1024.jpg\",\"datePublished\":\"2020-03-10T16:15:59+00:00\",\"dateModified\":\"2020-03-13T16:39:39+00:00\",\"breadcrumb\":{\"@id\":\"https:\\\/\\\/spkeblowo.pl\\\/?page_id=87#breadcrumb\"},\"inLanguage\":\"pl-PL\",\"potentialAction\":[{\"@type\":\"ReadAction\",\"target\":[\"https:\\\/\\\/spkeblowo.pl\\\/?page_id=87\"]}]},{\"@type\":\"ImageObject\",\"inLanguage\":\"pl-PL\",\"@id\":\"https:\\\/\\\/spkeblowo.pl\\\/?page_id=87#primaryimage\",\"url\":\"https:\\\/\\\/spkeblowo.pl\\\/wp-content\\\/uploads\\\/2020\\\/03\\\/2634805.jpg\",\"contentUrl\":\"https:\\\/\\\/spkeblowo.pl\\\/wp-content\\\/uploads\\\/2020\\\/03\\\/2634805.jpg\",\"width\":2000,\"height\":2000},{\"@type\":\"BreadcrumbList\",\"@id\":\"https:\\\/\\\/spkeblowo.pl\\\/?page_id=87#breadcrumb\",\"itemListElement\":[{\"@type\":\"ListItem\",\"position\":1,\"name\":\"Strona g\u0142\u00f3wna\",\"item\":\"https:\\\/\\\/spkeblowo.pl\\\/\"},{\"@type\":\"ListItem\",\"position\":2,\"name\":\"EMOCJE, JAK SOBIE Z&nbsp;NIMI RADZI\u0106?\"}]},{\"@type\":\"WebSite\",\"@id\":\"https:\\\/\\\/spkeblowo.pl\\\/#website\",\"url\":\"https:\\\/\\\/spkeblowo.pl\\\/\",\"name\":\"Szko\u0142a Podstawowa im. Jana Paw\u0142a II w K\u0119b\u0142owie\",\"description\":\"\",\"publisher\":{\"@id\":\"https:\\\/\\\/spkeblowo.pl\\\/#organization\"},\"potentialAction\":[{\"@type\":\"SearchAction\",\"target\":{\"@type\":\"EntryPoint\",\"urlTemplate\":\"https:\\\/\\\/spkeblowo.pl\\\/?s={search_term_string}\"},\"query-input\":{\"@type\":\"PropertyValueSpecification\",\"valueRequired\":true,\"valueName\":\"search_term_string\"}}],\"inLanguage\":\"pl-PL\"},{\"@type\":\"Organization\",\"@id\":\"https:\\\/\\\/spkeblowo.pl\\\/#organization\",\"name\":\"Szko\u0142a Podstawowa im. Jana Paw\u0142a II w K\u0119b\u0142owie\",\"url\":\"https:\\\/\\\/spkeblowo.pl\\\/\",\"logo\":{\"@type\":\"ImageObject\",\"inLanguage\":\"pl-PL\",\"@id\":\"https:\\\/\\\/spkeblowo.pl\\\/#\\\/schema\\\/logo\\\/image\\\/\",\"url\":\"https:\\\/\\\/spkeblowo.pl\\\/wp-content\\\/uploads\\\/2020\\\/03\\\/2-2.png\",\"contentUrl\":\"https:\\\/\\\/spkeblowo.pl\\\/wp-content\\\/uploads\\\/2020\\\/03\\\/2-2.png\",\"width\":1400,\"height\":350,\"caption\":\"Szko\u0142a Podstawowa im. Jana Paw\u0142a II w K\u0119b\u0142owie\"},\"image\":{\"@id\":\"https:\\\/\\\/spkeblowo.pl\\\/#\\\/schema\\\/logo\\\/image\\\/\"}}]}<\/script>\n<!-- \/ Yoast SEO plugin. -->","yoast_head_json":{"title":"EMOCJE, JAK SOBIE Z NIMI RADZI\u0106? - Szko\u0142a Podstawowa im. Jana Paw\u0142a II w K\u0119b\u0142owie","robots":{"index":"index","follow":"follow","max-snippet":"max-snippet:-1","max-image-preview":"max-image-preview:large","max-video-preview":"max-video-preview:-1"},"canonical":"https:\/\/spkeblowo.pl\/?page_id=87","og_locale":"pl_PL","og_type":"article","og_title":"EMOCJE, JAK SOBIE Z NIMI RADZI\u0106? - Szko\u0142a Podstawowa im. Jana Paw\u0142a II w K\u0119b\u0142owie","og_description":"https:\/\/emocjedziecka.pl\/kiedy-czuje-potrzebuje-materialy-do-pracy-z-dzieckiem-emocje\/","og_url":"https:\/\/spkeblowo.pl\/?page_id=87","og_site_name":"Szko\u0142a Podstawowa im. Jana Paw\u0142a II w K\u0119b\u0142owie","article_modified_time":"2020-03-13T16:39:39+00:00","og_image":[{"url":"https:\/\/spkeblowo.pl\/wp-content\/uploads\/2020\/03\/2634805-1024x1024.jpg","type":"","width":"","height":""}],"twitter_card":"summary_large_image","schema":{"@context":"https:\/\/schema.org","@graph":[{"@type":"WebPage","@id":"https:\/\/spkeblowo.pl\/?page_id=87","url":"https:\/\/spkeblowo.pl\/?page_id=87","name":"EMOCJE, JAK SOBIE Z NIMI RADZI\u0106? - Szko\u0142a Podstawowa im. Jana Paw\u0142a II w K\u0119b\u0142owie","isPartOf":{"@id":"https:\/\/spkeblowo.pl\/#website"},"primaryImageOfPage":{"@id":"https:\/\/spkeblowo.pl\/?page_id=87#primaryimage"},"image":{"@id":"https:\/\/spkeblowo.pl\/?page_id=87#primaryimage"},"thumbnailUrl":"https:\/\/spkeblowo.pl\/wp-content\/uploads\/2020\/03\/2634805-1024x1024.jpg","datePublished":"2020-03-10T16:15:59+00:00","dateModified":"2020-03-13T16:39:39+00:00","breadcrumb":{"@id":"https:\/\/spkeblowo.pl\/?page_id=87#breadcrumb"},"inLanguage":"pl-PL","potentialAction":[{"@type":"ReadAction","target":["https:\/\/spkeblowo.pl\/?page_id=87"]}]},{"@type":"ImageObject","inLanguage":"pl-PL","@id":"https:\/\/spkeblowo.pl\/?page_id=87#primaryimage","url":"https:\/\/spkeblowo.pl\/wp-content\/uploads\/2020\/03\/2634805.jpg","contentUrl":"https:\/\/spkeblowo.pl\/wp-content\/uploads\/2020\/03\/2634805.jpg","width":2000,"height":2000},{"@type":"BreadcrumbList","@id":"https:\/\/spkeblowo.pl\/?page_id=87#breadcrumb","itemListElement":[{"@type":"ListItem","position":1,"name":"Strona g\u0142\u00f3wna","item":"https:\/\/spkeblowo.pl\/"},{"@type":"ListItem","position":2,"name":"EMOCJE, JAK SOBIE Z&nbsp;NIMI RADZI\u0106?"}]},{"@type":"WebSite","@id":"https:\/\/spkeblowo.pl\/#website","url":"https:\/\/spkeblowo.pl\/","name":"Szko\u0142a Podstawowa im. Jana Paw\u0142a II w K\u0119b\u0142owie","description":"","publisher":{"@id":"https:\/\/spkeblowo.pl\/#organization"},"potentialAction":[{"@type":"SearchAction","target":{"@type":"EntryPoint","urlTemplate":"https:\/\/spkeblowo.pl\/?s={search_term_string}"},"query-input":{"@type":"PropertyValueSpecification","valueRequired":true,"valueName":"search_term_string"}}],"inLanguage":"pl-PL"},{"@type":"Organization","@id":"https:\/\/spkeblowo.pl\/#organization","name":"Szko\u0142a Podstawowa im. Jana Paw\u0142a II w K\u0119b\u0142owie","url":"https:\/\/spkeblowo.pl\/","logo":{"@type":"ImageObject","inLanguage":"pl-PL","@id":"https:\/\/spkeblowo.pl\/#\/schema\/logo\/image\/","url":"https:\/\/spkeblowo.pl\/wp-content\/uploads\/2020\/03\/2-2.png","contentUrl":"https:\/\/spkeblowo.pl\/wp-content\/uploads\/2020\/03\/2-2.png","width":1400,"height":350,"caption":"Szko\u0142a Podstawowa im. Jana Paw\u0142a II w K\u0119b\u0142owie"},"image":{"@id":"https:\/\/spkeblowo.pl\/#\/schema\/logo\/image\/"}}]}},"_links":{"self":[{"href":"https:\/\/spkeblowo.pl\/index.php?rest_route=\/wp\/v2\/pages\/87","targetHints":{"allow":["GET"]}}],"collection":[{"href":"https:\/\/spkeblowo.pl\/index.php?rest_route=\/wp\/v2\/pages"}],"about":[{"href":"https:\/\/spkeblowo.pl\/index.php?rest_route=\/wp\/v2\/types\/page"}],"author":[{"embeddable":true,"href":"https:\/\/spkeblowo.pl\/index.php?rest_route=\/wp\/v2\/users\/1"}],"replies":[{"embeddable":true,"href":"https:\/\/spkeblowo.pl\/index.php?rest_route=%2Fwp%2Fv2%2Fcomments&post=87"}],"version-history":[{"count":4,"href":"https:\/\/spkeblowo.pl\/index.php?rest_route=\/wp\/v2\/pages\/87\/revisions"}],"predecessor-version":[{"id":586,"href":"https:\/\/spkeblowo.pl\/index.php?rest_route=\/wp\/v2\/pages\/87\/revisions\/586"}],"wp:attachment":[{"href":"https:\/\/spkeblowo.pl\/index.php?rest_route=%2Fwp%2Fv2%2Fmedia&parent=87"}],"curies":[{"name":"wp","href":"https:\/\/api.w.org\/{rel}","templated":true}]}}