{"id":8065,"date":"2024-12-13T08:35:26","date_gmt":"2024-12-13T06:35:26","guid":{"rendered":"http:\/\/spkeblowo.strefa.pl\/wordpress\/?page_id=8065"},"modified":"2025-08-05T21:24:46","modified_gmt":"2025-08-05T19:24:46","slug":"projekty","status":"publish","type":"page","link":"https:\/\/spkeblowo.pl\/?page_id=8065","title":{"rendered":"PROJEKTY"},"content":{"rendered":"<p style=\"text-align: center;\"><span style=\"font-size: 18pt;\"><strong>W naszej plac\u00f3wce realizujemy nast\u0119puj\u0105ce projekty edukacyjne<\/strong><\/span><\/p>\n<p style=\"text-align: center;\"><em><span style=\"font-size: 18pt;\"><strong>\u201eProgram rozwoju edukacji przedszkolnej w Gminie Luzino\u201d<\/strong><\/span><\/em><\/p>\n<p><a href=\"https:\/\/samorzad.gov.pl\/web\/gmina-luzino\/gmina-luzino-realizuje-projekt-pt-program-rozwoju-edukacji-przedszkolnej-w-gminie-luzino\">https:\/\/samorzad.gov.pl\/web\/gmina-luzino\/gmina-luzino-realizuje-projekt-pt-program-rozwoju-edukacji-przedszkolnej-w-gminie-luzino<\/a><\/p>\n<p><img fetchpriority=\"high\" decoding=\"async\" class=\"wp-image-8542 size-full aligncenter\" src=\"https:\/\/spkeblowo.pl\/wp-content\/uploads\/2025\/02\/projekt1.jpg\" alt=\"\" width=\"715\" height=\"507\" srcset=\"https:\/\/spkeblowo.pl\/wp-content\/uploads\/2025\/02\/projekt1.jpg 715w, https:\/\/spkeblowo.pl\/wp-content\/uploads\/2025\/02\/projekt1-300x213.jpg 300w\" sizes=\"(max-width: 715px) 100vw, 715px\" \/><\/p>\n<p align=\"justify\">W ramach programu <b>Fundusze Europejskie dla Pomorza 2021 \u2013 2027<\/b>, Gmina Luzino otrzyma\u0142a dofinansowanie w projekcie pn. <b>\u201eProgram rozwoju edukacji przedszkolnej w Gminie Luzino\u201d<\/b>.<\/p>\n<p align=\"justify\">Celem realizowanego projektu jest poprawa jako\u015bci edukacji przedszkolnej oraz zniwelowanie barier spo\u0142ecznych w\u015br\u00f3d przedszkolak\u00f3w. Z projektu skorzysta\u0142o 183 dzieci oraz nauczyciele pracuj\u0105cy w 7 O\u015brodkach Wychowania Przedszkolnego w Gminie Luzino. Trudno\u015bci, z kt\u00f3rymi mierzy\u0142y si\u0119 te plac\u00f3wki, zosta\u0142y zidentyfikowane podczas prac projektowych.<\/p>\n<p align=\"justify\">W ramach projektu do 7 OWP w Gminie Luzino dostarczono wyposa\u017cenie meblowe, sprz\u0119t elektroniczny oraz pomoce dydaktyczne, m. in. pod\u0142oga interaktywna, tablety, pomoce do prowadzenia zaj\u0119\u0107: mi\u0119kkie pi\u0142eczki, zestawy gimnastyczne, piankowe Mega Bloki, dywany edukacyjne, poci\u0105g Lego, maty sensoryczne i \u0142y\u017cki zr\u0119czno\u015bciowe oraz zestawy meblowe, kt\u00f3re stworz\u0105 now\u0105 i mi\u0142\u0105 dla oka przestrze\u0144 w salach opieki.<\/p>\n<p align=\"justify\">Efektem tych dzia\u0142a\u0144 jest rozwi\u0105zanie i zniwelowanie problem\u00f3w zwi\u0105zanych z wcze\u015bniejszym niedostosowaniem sal oraz pomocy dydaktycznych do potrzeb dzieci.<\/p>\n<p align=\"justify\">\n<p align=\"justify\"><b>Okres realizacji projektu: 01.12.2023 \u2013\u00a030.06.2026<\/b><\/p>\n<p align=\"justify\"><b>Warto\u015b\u0107 projektu (ca\u0142kowity koszt projektu): 2 055 232,12 z\u0142<\/b><\/p>\n<p align=\"justify\"><b>Ca\u0142kowita wysoko\u015b\u0107 wk\u0142adu Funduszy Europejskich: 1 849 708,90 z\u0142<\/b><\/p>\n<p align=\"justify\"><b>Wysoko\u015b\u0107 wk\u0142adu Funduszy Europejskich na zakup doposa\u017cenia: 245 186,05 z\u0142<\/b><\/p>\n<p><b>#FunduszeUE lub #FunduszeEuropejskie<\/b><\/p>\n<p>&nbsp;<\/p>\n<p>&nbsp;<\/p>\n<p style=\"text-align: center;\"><em><strong><span style=\"font-size: 18pt;\">\u201ePodniesienie jako\u015bci edukacji w\u0142\u0105czaj\u0105cej w 6 szko\u0142ach podstawowych w Gminie Luzino\u201d<\/span><\/strong><\/em><\/p>\n<p style=\"text-align: center;\"><a href=\"https:\/\/samorzad.gov.pl\/web\/gmina-luzino\/podniesienie-jakosci-edukacji-wlaczajacej-w-6\" target=\"_blank\" rel=\"noopener\"><strong>https:\/\/samorzad.gov.pl\/web\/gmina-luzino\/podniesienie-jakosci-edukacji-wlaczajacej-w\u20116<\/strong><\/a><\/p>\n<p>&nbsp;<\/p>\n<p><img decoding=\"async\" class=\"aligncenter wp-image-8544 size-full\" src=\"https:\/\/spkeblowo.pl\/wp-content\/uploads\/2025\/02\/projekt2-1.jpg\" alt=\"\" width=\"696\" height=\"494\" srcset=\"https:\/\/spkeblowo.pl\/wp-content\/uploads\/2025\/02\/projekt2-1.jpg 696w, https:\/\/spkeblowo.pl\/wp-content\/uploads\/2025\/02\/projekt2-1-300x213.jpg 300w\" sizes=\"(max-width: 696px) 100vw, 696px\" \/><\/p>\n<p><b>Gmina Luzino wzmacnia wsparcie dla uczni\u00f3w poprzez nowe wyposa\u017cenie szk\u00f3\u0142 podstawowych<\/b><\/p>\n<p>Gmina Luzino zrealizowa\u0142a zakupy pomocy dydaktycznych i specjalistycznego wyposa\u017cenia dla 6 szk\u00f3\u0142 podstawowych, z my\u015bl\u0105 o uczniach wymagaj\u0105cych wsparcia w edukacji w\u0142\u0105czaj\u0105cej. Zakupione wyposa\u017cenie odpowiada na realne potrzeby uczni\u00f3w ze specjalnymi potrzebami psychofizycznymi oraz trudno\u015bciami w nauce i adaptacji.<\/p>\n<p>Do szk\u00f3\u0142 trafi\u0142y nowoczesne pomoce dydaktyczne, takie jak pakiety sensoryczne, hamaki, fotele bujane, dyski do balansowania, materace, trampoliny, a tak\u017ce specjalistyczny sprz\u0119t wspieraj\u0105cy terapi\u0119 i rozw\u00f3j kompetencji emocjonalno-spo\u0142ecznych, w tym programy multimedialne do pracy z dzie\u0107mi w spektrum autyzmu oraz do terapii logopedycznej.<\/p>\n<p>Ze wsparcia skorzysta 52 uczni\u00f3w, w tym 31 posiadaj\u0105cych orzeczenia o niepe\u0142nosprawno\u015bci lub zagro\u017conych niedostosowaniem spo\u0142ecznym. Realizacja tych zakup\u00f3w ma na celu zniwelowanie istniej\u0105cych barier i trudno\u015bci edukacyjnych uczni\u00f3w.<\/p>\n<p>Zakupy zosta\u0142y dokonane w ramach projektu pn. \u201ePodniesienie jako\u015bci edukacji w\u0142\u0105czaj\u0105cej w 6 szko\u0142ach podstawowych w Gminie Luzino\u201d, kt\u00f3ry realizowany jest od 01.04.2024 do 30.06.2026 roku.<\/p>\n<p><b>Projekt jest wsp\u00f3\u0142finansowany ze \u015brodk\u00f3w Funduszy Europejskich w ramach programu Fundusze Europejskie dla Pomorza 2021\u20132027.<\/b><\/p>\n<p><b>Warto\u015b\u0107 projektu wynosi: 1 512 495,43 z\u0142,<\/b><\/p>\n<p><b>Kwota dofinansowania z Funduszy Europejskich: 1 436 870,66 z\u0142,<\/b><\/p>\n<p><b>W tym na zakup wyposa\u017cenia: 126 029,61 z\u0142.<\/b><\/p>\n<p><b>#FunduszeUE #FunduszeEuropejskie<\/b><\/p>\n","protected":false},"excerpt":{"rendered":"<p>W naszej plac\u00f3wce realizujemy nast\u0119puj\u0105ce projekty edukacyjne \u201eProgram rozwoju edukacji przedszkolnej w Gminie Luzino\u201d https:\/\/samorzad.gov.pl\/web\/gmina-luzino\/gmina-luzino-realizuje-projekt-pt-program-rozwoju-edukacji-przedszkolnej-w-gminie-luzino W ramach programu Fundusze Europejskie &hellip; <\/p>\n","protected":false},"author":1,"featured_media":0,"parent":0,"menu_order":0,"comment_status":"closed","ping_status":"closed","template":"","meta":{"footnotes":""},"class_list":["post-8065","page","type-page","status-publish","hentry"],"yoast_head":"<!-- This site is optimized with the Yoast SEO plugin v27.4 - https:\/\/yoast.com\/product\/yoast-seo-wordpress\/ -->\n<title>PROJEKTY - Szko\u0142a Podstawowa im. Jana Paw\u0142a II w K\u0119b\u0142owie<\/title>\n<meta name=\"robots\" content=\"index, follow, max-snippet:-1, max-image-preview:large, max-video-preview:-1\" \/>\n<link rel=\"canonical\" href=\"https:\/\/spkeblowo.pl\/?page_id=8065\" \/>\n<meta property=\"og:locale\" content=\"pl_PL\" \/>\n<meta property=\"og:type\" content=\"article\" \/>\n<meta property=\"og:title\" content=\"PROJEKTY - Szko\u0142a Podstawowa im. Jana Paw\u0142a II w K\u0119b\u0142owie\" \/>\n<meta property=\"og:description\" content=\"W naszej plac\u00f3wce realizujemy nast\u0119puj\u0105ce projekty edukacyjne \u201eProgram rozwoju edukacji przedszkolnej w Gminie Luzino\u201d https:\/\/samorzad.gov.pl\/web\/gmina-luzino\/gmina-luzino-realizuje-projekt-pt-program-rozwoju-edukacji-przedszkolnej-w-gminie-luzino W ramach programu Fundusze Europejskie &hellip;\" \/>\n<meta property=\"og:url\" content=\"https:\/\/spkeblowo.pl\/?page_id=8065\" \/>\n<meta property=\"og:site_name\" content=\"Szko\u0142a Podstawowa im. Jana Paw\u0142a II w K\u0119b\u0142owie\" \/>\n<meta property=\"article:modified_time\" content=\"2025-08-05T19:24:46+00:00\" \/>\n<meta property=\"og:image\" content=\"https:\/\/spkeblowo.pl\/wp-content\/uploads\/2025\/02\/projekt1.jpg\" \/>\n<meta name=\"twitter:card\" content=\"summary_large_image\" \/>\n<meta name=\"twitter:label1\" content=\"Szacowany czas czytania\" \/>\n\t<meta name=\"twitter:data1\" content=\"3 minuty\" \/>\n<script type=\"application\/ld+json\" class=\"yoast-schema-graph\">{\"@context\":\"https:\\\/\\\/schema.org\",\"@graph\":[{\"@type\":\"WebPage\",\"@id\":\"https:\\\/\\\/spkeblowo.pl\\\/?page_id=8065\",\"url\":\"https:\\\/\\\/spkeblowo.pl\\\/?page_id=8065\",\"name\":\"PROJEKTY - Szko\u0142a Podstawowa im. Jana Paw\u0142a II w K\u0119b\u0142owie\",\"isPartOf\":{\"@id\":\"https:\\\/\\\/spkeblowo.pl\\\/#website\"},\"primaryImageOfPage\":{\"@id\":\"https:\\\/\\\/spkeblowo.pl\\\/?page_id=8065#primaryimage\"},\"image\":{\"@id\":\"https:\\\/\\\/spkeblowo.pl\\\/?page_id=8065#primaryimage\"},\"thumbnailUrl\":\"https:\\\/\\\/spkeblowo.pl\\\/wp-content\\\/uploads\\\/2025\\\/02\\\/projekt1.jpg\",\"datePublished\":\"2024-12-13T06:35:26+00:00\",\"dateModified\":\"2025-08-05T19:24:46+00:00\",\"breadcrumb\":{\"@id\":\"https:\\\/\\\/spkeblowo.pl\\\/?page_id=8065#breadcrumb\"},\"inLanguage\":\"pl-PL\",\"potentialAction\":[{\"@type\":\"ReadAction\",\"target\":[\"https:\\\/\\\/spkeblowo.pl\\\/?page_id=8065\"]}]},{\"@type\":\"ImageObject\",\"inLanguage\":\"pl-PL\",\"@id\":\"https:\\\/\\\/spkeblowo.pl\\\/?page_id=8065#primaryimage\",\"url\":\"https:\\\/\\\/spkeblowo.pl\\\/wp-content\\\/uploads\\\/2025\\\/02\\\/projekt1.jpg\",\"contentUrl\":\"https:\\\/\\\/spkeblowo.pl\\\/wp-content\\\/uploads\\\/2025\\\/02\\\/projekt1.jpg\",\"width\":715,\"height\":507},{\"@type\":\"BreadcrumbList\",\"@id\":\"https:\\\/\\\/spkeblowo.pl\\\/?page_id=8065#breadcrumb\",\"itemListElement\":[{\"@type\":\"ListItem\",\"position\":1,\"name\":\"Strona g\u0142\u00f3wna\",\"item\":\"https:\\\/\\\/spkeblowo.pl\\\/\"},{\"@type\":\"ListItem\",\"position\":2,\"name\":\"PROJEKTY\"}]},{\"@type\":\"WebSite\",\"@id\":\"https:\\\/\\\/spkeblowo.pl\\\/#website\",\"url\":\"https:\\\/\\\/spkeblowo.pl\\\/\",\"name\":\"Szko\u0142a Podstawowa im. Jana Paw\u0142a II w K\u0119b\u0142owie\",\"description\":\"\",\"publisher\":{\"@id\":\"https:\\\/\\\/spkeblowo.pl\\\/#organization\"},\"potentialAction\":[{\"@type\":\"SearchAction\",\"target\":{\"@type\":\"EntryPoint\",\"urlTemplate\":\"https:\\\/\\\/spkeblowo.pl\\\/?s={search_term_string}\"},\"query-input\":{\"@type\":\"PropertyValueSpecification\",\"valueRequired\":true,\"valueName\":\"search_term_string\"}}],\"inLanguage\":\"pl-PL\"},{\"@type\":\"Organization\",\"@id\":\"https:\\\/\\\/spkeblowo.pl\\\/#organization\",\"name\":\"Szko\u0142a Podstawowa im. Jana Paw\u0142a II w K\u0119b\u0142owie\",\"url\":\"https:\\\/\\\/spkeblowo.pl\\\/\",\"logo\":{\"@type\":\"ImageObject\",\"inLanguage\":\"pl-PL\",\"@id\":\"https:\\\/\\\/spkeblowo.pl\\\/#\\\/schema\\\/logo\\\/image\\\/\",\"url\":\"https:\\\/\\\/spkeblowo.pl\\\/wp-content\\\/uploads\\\/2020\\\/03\\\/2-2.png\",\"contentUrl\":\"https:\\\/\\\/spkeblowo.pl\\\/wp-content\\\/uploads\\\/2020\\\/03\\\/2-2.png\",\"width\":1400,\"height\":350,\"caption\":\"Szko\u0142a Podstawowa im. Jana Paw\u0142a II w K\u0119b\u0142owie\"},\"image\":{\"@id\":\"https:\\\/\\\/spkeblowo.pl\\\/#\\\/schema\\\/logo\\\/image\\\/\"}}]}<\/script>\n<!-- \/ Yoast SEO plugin. -->","yoast_head_json":{"title":"PROJEKTY - Szko\u0142a Podstawowa im. Jana Paw\u0142a II w K\u0119b\u0142owie","robots":{"index":"index","follow":"follow","max-snippet":"max-snippet:-1","max-image-preview":"max-image-preview:large","max-video-preview":"max-video-preview:-1"},"canonical":"https:\/\/spkeblowo.pl\/?page_id=8065","og_locale":"pl_PL","og_type":"article","og_title":"PROJEKTY - Szko\u0142a Podstawowa im. Jana Paw\u0142a II w K\u0119b\u0142owie","og_description":"W naszej plac\u00f3wce realizujemy nast\u0119puj\u0105ce projekty edukacyjne \u201eProgram rozwoju edukacji przedszkolnej w Gminie Luzino\u201d https:\/\/samorzad.gov.pl\/web\/gmina-luzino\/gmina-luzino-realizuje-projekt-pt-program-rozwoju-edukacji-przedszkolnej-w-gminie-luzino W ramach programu Fundusze Europejskie &hellip;","og_url":"https:\/\/spkeblowo.pl\/?page_id=8065","og_site_name":"Szko\u0142a Podstawowa im. Jana Paw\u0142a II w K\u0119b\u0142owie","article_modified_time":"2025-08-05T19:24:46+00:00","og_image":[{"url":"https:\/\/spkeblowo.pl\/wp-content\/uploads\/2025\/02\/projekt1.jpg","type":"","width":"","height":""}],"twitter_card":"summary_large_image","twitter_misc":{"Szacowany czas czytania":"3 minuty"},"schema":{"@context":"https:\/\/schema.org","@graph":[{"@type":"WebPage","@id":"https:\/\/spkeblowo.pl\/?page_id=8065","url":"https:\/\/spkeblowo.pl\/?page_id=8065","name":"PROJEKTY - Szko\u0142a Podstawowa im. Jana Paw\u0142a II w K\u0119b\u0142owie","isPartOf":{"@id":"https:\/\/spkeblowo.pl\/#website"},"primaryImageOfPage":{"@id":"https:\/\/spkeblowo.pl\/?page_id=8065#primaryimage"},"image":{"@id":"https:\/\/spkeblowo.pl\/?page_id=8065#primaryimage"},"thumbnailUrl":"https:\/\/spkeblowo.pl\/wp-content\/uploads\/2025\/02\/projekt1.jpg","datePublished":"2024-12-13T06:35:26+00:00","dateModified":"2025-08-05T19:24:46+00:00","breadcrumb":{"@id":"https:\/\/spkeblowo.pl\/?page_id=8065#breadcrumb"},"inLanguage":"pl-PL","potentialAction":[{"@type":"ReadAction","target":["https:\/\/spkeblowo.pl\/?page_id=8065"]}]},{"@type":"ImageObject","inLanguage":"pl-PL","@id":"https:\/\/spkeblowo.pl\/?page_id=8065#primaryimage","url":"https:\/\/spkeblowo.pl\/wp-content\/uploads\/2025\/02\/projekt1.jpg","contentUrl":"https:\/\/spkeblowo.pl\/wp-content\/uploads\/2025\/02\/projekt1.jpg","width":715,"height":507},{"@type":"BreadcrumbList","@id":"https:\/\/spkeblowo.pl\/?page_id=8065#breadcrumb","itemListElement":[{"@type":"ListItem","position":1,"name":"Strona g\u0142\u00f3wna","item":"https:\/\/spkeblowo.pl\/"},{"@type":"ListItem","position":2,"name":"PROJEKTY"}]},{"@type":"WebSite","@id":"https:\/\/spkeblowo.pl\/#website","url":"https:\/\/spkeblowo.pl\/","name":"Szko\u0142a Podstawowa im. Jana Paw\u0142a II w K\u0119b\u0142owie","description":"","publisher":{"@id":"https:\/\/spkeblowo.pl\/#organization"},"potentialAction":[{"@type":"SearchAction","target":{"@type":"EntryPoint","urlTemplate":"https:\/\/spkeblowo.pl\/?s={search_term_string}"},"query-input":{"@type":"PropertyValueSpecification","valueRequired":true,"valueName":"search_term_string"}}],"inLanguage":"pl-PL"},{"@type":"Organization","@id":"https:\/\/spkeblowo.pl\/#organization","name":"Szko\u0142a Podstawowa im. Jana Paw\u0142a II w K\u0119b\u0142owie","url":"https:\/\/spkeblowo.pl\/","logo":{"@type":"ImageObject","inLanguage":"pl-PL","@id":"https:\/\/spkeblowo.pl\/#\/schema\/logo\/image\/","url":"https:\/\/spkeblowo.pl\/wp-content\/uploads\/2020\/03\/2-2.png","contentUrl":"https:\/\/spkeblowo.pl\/wp-content\/uploads\/2020\/03\/2-2.png","width":1400,"height":350,"caption":"Szko\u0142a Podstawowa im. Jana Paw\u0142a II w K\u0119b\u0142owie"},"image":{"@id":"https:\/\/spkeblowo.pl\/#\/schema\/logo\/image\/"}}]}},"_links":{"self":[{"href":"https:\/\/spkeblowo.pl\/index.php?rest_route=\/wp\/v2\/pages\/8065","targetHints":{"allow":["GET"]}}],"collection":[{"href":"https:\/\/spkeblowo.pl\/index.php?rest_route=\/wp\/v2\/pages"}],"about":[{"href":"https:\/\/spkeblowo.pl\/index.php?rest_route=\/wp\/v2\/types\/page"}],"author":[{"embeddable":true,"href":"https:\/\/spkeblowo.pl\/index.php?rest_route=\/wp\/v2\/users\/1"}],"replies":[{"embeddable":true,"href":"https:\/\/spkeblowo.pl\/index.php?rest_route=%2Fwp%2Fv2%2Fcomments&post=8065"}],"version-history":[{"count":10,"href":"https:\/\/spkeblowo.pl\/index.php?rest_route=\/wp\/v2\/pages\/8065\/revisions"}],"predecessor-version":[{"id":9231,"href":"https:\/\/spkeblowo.pl\/index.php?rest_route=\/wp\/v2\/pages\/8065\/revisions\/9231"}],"wp:attachment":[{"href":"https:\/\/spkeblowo.pl\/index.php?rest_route=%2Fwp%2Fv2%2Fmedia&parent=8065"}],"curies":[{"name":"wp","href":"https:\/\/api.w.org\/{rel}","templated":true}]}}