{"id":579,"date":"2020-03-13T10:29:17","date_gmt":"2020-03-13T10:29:17","guid":{"rendered":"http:\/\/spkeblowo.strefa.pl\/wordpress\/?page_id=579"},"modified":"2024-10-07T13:42:54","modified_gmt":"2024-10-07T11:42:54","slug":"samarzad-uczniowski","status":"publish","type":"page","link":"https:\/\/spkeblowo.pl\/?page_id=579","title":{"rendered":"SAMORZ\u0104D UCZNIOWSKI"},"content":{"rendered":"<h3><a href=\"https:\/\/spkeblowo.pl\/wp-content\/uploads\/2024\/10\/Regulamin-SU-24.pdf\">Regulamin Samorz\u0105du Uczniowskiego<\/a><\/h3>\r\n<h3>\u00a0<\/h3>\r\n<h3 style=\"text-align: center;\">Cz\u0142onkowie Samorz\u0105du Uczniowskiego <br \/>w roku szkolnym 2024\/2025:<\/h3>\r\n<table style=\"border-collapse: collapse; width: 100%;\">\r\n<tbody>\r\n<tr>\r\n<td style=\"width: 409px;\">\u00a0<\/td>\r\n<td style=\"width: 409px;\">\u00a0<\/td>\r\n<\/tr>\r\n<\/tbody>\r\n<\/table>\r\n<p>&nbsp;<\/p>\r\n<h3 style=\"text-align: center;\">Opiekun Samorz\u0105du Uczniowskiego <br \/>w roku szkolnym 2024\/2025:<\/h3>\r\n<p style=\"text-align: center;\"><strong>mgr Krzysztof Rozenkranc<\/strong><\/p>\r\n\r\n<h3 class=\"has-text-align-center wp-block-heading\">Dzia\u0142alno\u015b\u0107 SU <br \/>w roku szkolnym 2024\/2025:<\/h3>\r\n\r\n\r\n\r\n<figure class=\"wp-block-table aligncenter is-style-stripes\">\r\n<table>\r\n<tbody>\r\n<tr>\r\n<td>Organizacja pracy Samorz\u0105du <br \/>Uczniowskiego<\/td>\r\n<td>&#8211; om\u00f3wienie wyboru Samorz\u0105du Uczniowskiego;<br \/>&#8211; przydzielenie zada\u0144 poszczeg\u00f3lnym cz\u0142onkom SU;<br \/>&#8211; zaplanowanie dzia\u0142a\u0144 SU na rok szkolny 2024\/2025&#8242;<br \/>&#8211; opiniowanie dni wolnych od nauki;<br \/>&#8211; podsumowanie dzia\u0142a\u0144 w I p\u00f3\u0142roczu;<br \/>&#8211; sprawozdanie z dzia\u0142alno\u015bci dla dyrektora szko\u0142y,<br \/>&#8211; przygotowania Dnia Wiosny;<br \/>&#8211; podsumowanie ca\u0142orocznej pracy;<\/td>\r\n<\/tr>\r\n<tr>\r\n<td>Informowanie klas, wychowawc\u00f3w <br \/>i spo\u0142eczno\u015b\u0107 szkoln\u0105<br \/>o organizowanych akcjach szkolnych<\/td>\r\n<td>&#8211; spotkania z tr\u00f3jkami klasowymi;<br \/>&#8211; prowadzenie gazetki uczniowskiej;<br \/>&#8211; informacje na FB szko\u0142y i stronie internetowej szko\u0142y<\/td>\r\n<\/tr>\r\n<tr>\r\n<td>Spotkania SU z opiekunem<\/td>\r\n<td>&#8211; spotkania SU<\/td>\r\n<\/tr>\r\n<tr>\r\n<td>Wsp\u00f3\u0142praca z fundacjami, instytucjami<\/td>\r\n<td>&#8211; pomoc SKO w zbi\u00f3rce nakr\u0119tek <br \/>i makulatury dla potrzebuj\u0105cych;<br \/>&#8211; wsp\u00f3\u0142praca ze \u015bwietlic\u0105 szkoln\u0105 i SKO w ramach kiermaszu<br \/>i innych szkolnych imprez,<\/td>\r\n<\/tr>\r\n<tr>\r\n<td>Udzia\u0142 w uroczysto\u015bciach szkolnych<\/td>\r\n<td>\u00a0<\/td>\r\n<\/tr>\r\n<tr>\r\n<td>Aktywno\u015b\u0107 SU.<br \/>Imprezy, kiermasze, projekty<\/td>\r\n<td>\u00a0<\/td>\r\n<\/tr>\r\n<\/tbody>\r\n<\/table>\r\n<\/figure>\r\n","protected":false},"excerpt":{"rendered":"<p>Regulamin Samorz\u0105du Uczniowskiego \u00a0 Cz\u0142onkowie Samorz\u0105du Uczniowskiego w roku szkolnym 2024\/2025: \u00a0 \u00a0 &nbsp; Opiekun Samorz\u0105du Uczniowskiego w roku szkolnym &hellip; <\/p>\n","protected":false},"author":1,"featured_media":0,"parent":0,"menu_order":0,"comment_status":"closed","ping_status":"closed","template":"","meta":{"footnotes":""},"class_list":["post-579","page","type-page","status-publish","hentry"],"yoast_head":"<!-- This site is optimized with the Yoast SEO plugin v27.4 - https:\/\/yoast.com\/product\/yoast-seo-wordpress\/ -->\n<title>SAMORZ\u0104D UCZNIOWSKI - Szko\u0142a Podstawowa im. Jana Paw\u0142a II w K\u0119b\u0142owie<\/title>\n<meta name=\"robots\" content=\"index, follow, max-snippet:-1, max-image-preview:large, max-video-preview:-1\" \/>\n<link rel=\"canonical\" href=\"https:\/\/spkeblowo.pl\/?page_id=579\" \/>\n<meta property=\"og:locale\" content=\"pl_PL\" \/>\n<meta property=\"og:type\" content=\"article\" \/>\n<meta property=\"og:title\" content=\"SAMORZ\u0104D UCZNIOWSKI - Szko\u0142a Podstawowa im. Jana Paw\u0142a II w K\u0119b\u0142owie\" \/>\n<meta property=\"og:description\" content=\"Regulamin Samorz\u0105du Uczniowskiego \u00a0 Cz\u0142onkowie Samorz\u0105du Uczniowskiego w roku szkolnym 2024\/2025: \u00a0 \u00a0 &nbsp; Opiekun Samorz\u0105du Uczniowskiego w roku szkolnym &hellip;\" \/>\n<meta property=\"og:url\" content=\"https:\/\/spkeblowo.pl\/?page_id=579\" \/>\n<meta property=\"og:site_name\" content=\"Szko\u0142a Podstawowa im. Jana Paw\u0142a II w K\u0119b\u0142owie\" \/>\n<meta property=\"article:modified_time\" content=\"2024-10-07T11:42:54+00:00\" \/>\n<meta name=\"twitter:card\" content=\"summary_large_image\" \/>\n<meta name=\"twitter:label1\" content=\"Szacowany czas czytania\" \/>\n\t<meta name=\"twitter:data1\" content=\"1 minuta\" \/>\n<script type=\"application\/ld+json\" class=\"yoast-schema-graph\">{\"@context\":\"https:\\\/\\\/schema.org\",\"@graph\":[{\"@type\":\"WebPage\",\"@id\":\"https:\\\/\\\/spkeblowo.pl\\\/?page_id=579\",\"url\":\"https:\\\/\\\/spkeblowo.pl\\\/?page_id=579\",\"name\":\"SAMORZ\u0104D UCZNIOWSKI - Szko\u0142a Podstawowa im. Jana Paw\u0142a II w K\u0119b\u0142owie\",\"isPartOf\":{\"@id\":\"https:\\\/\\\/spkeblowo.pl\\\/#website\"},\"datePublished\":\"2020-03-13T10:29:17+00:00\",\"dateModified\":\"2024-10-07T11:42:54+00:00\",\"breadcrumb\":{\"@id\":\"https:\\\/\\\/spkeblowo.pl\\\/?page_id=579#breadcrumb\"},\"inLanguage\":\"pl-PL\",\"potentialAction\":[{\"@type\":\"ReadAction\",\"target\":[\"https:\\\/\\\/spkeblowo.pl\\\/?page_id=579\"]}]},{\"@type\":\"BreadcrumbList\",\"@id\":\"https:\\\/\\\/spkeblowo.pl\\\/?page_id=579#breadcrumb\",\"itemListElement\":[{\"@type\":\"ListItem\",\"position\":1,\"name\":\"Strona g\u0142\u00f3wna\",\"item\":\"https:\\\/\\\/spkeblowo.pl\\\/\"},{\"@type\":\"ListItem\",\"position\":2,\"name\":\"SAMORZ\u0104D UCZNIOWSKI\"}]},{\"@type\":\"WebSite\",\"@id\":\"https:\\\/\\\/spkeblowo.pl\\\/#website\",\"url\":\"https:\\\/\\\/spkeblowo.pl\\\/\",\"name\":\"Szko\u0142a Podstawowa im. Jana Paw\u0142a II w K\u0119b\u0142owie\",\"description\":\"\",\"publisher\":{\"@id\":\"https:\\\/\\\/spkeblowo.pl\\\/#organization\"},\"potentialAction\":[{\"@type\":\"SearchAction\",\"target\":{\"@type\":\"EntryPoint\",\"urlTemplate\":\"https:\\\/\\\/spkeblowo.pl\\\/?s={search_term_string}\"},\"query-input\":{\"@type\":\"PropertyValueSpecification\",\"valueRequired\":true,\"valueName\":\"search_term_string\"}}],\"inLanguage\":\"pl-PL\"},{\"@type\":\"Organization\",\"@id\":\"https:\\\/\\\/spkeblowo.pl\\\/#organization\",\"name\":\"Szko\u0142a Podstawowa im. Jana Paw\u0142a II w K\u0119b\u0142owie\",\"url\":\"https:\\\/\\\/spkeblowo.pl\\\/\",\"logo\":{\"@type\":\"ImageObject\",\"inLanguage\":\"pl-PL\",\"@id\":\"https:\\\/\\\/spkeblowo.pl\\\/#\\\/schema\\\/logo\\\/image\\\/\",\"url\":\"https:\\\/\\\/spkeblowo.pl\\\/wp-content\\\/uploads\\\/2020\\\/03\\\/2-2.png\",\"contentUrl\":\"https:\\\/\\\/spkeblowo.pl\\\/wp-content\\\/uploads\\\/2020\\\/03\\\/2-2.png\",\"width\":1400,\"height\":350,\"caption\":\"Szko\u0142a Podstawowa im. Jana Paw\u0142a II w K\u0119b\u0142owie\"},\"image\":{\"@id\":\"https:\\\/\\\/spkeblowo.pl\\\/#\\\/schema\\\/logo\\\/image\\\/\"}}]}<\/script>\n<!-- \/ Yoast SEO plugin. -->","yoast_head_json":{"title":"SAMORZ\u0104D UCZNIOWSKI - Szko\u0142a Podstawowa im. Jana Paw\u0142a II w K\u0119b\u0142owie","robots":{"index":"index","follow":"follow","max-snippet":"max-snippet:-1","max-image-preview":"max-image-preview:large","max-video-preview":"max-video-preview:-1"},"canonical":"https:\/\/spkeblowo.pl\/?page_id=579","og_locale":"pl_PL","og_type":"article","og_title":"SAMORZ\u0104D UCZNIOWSKI - Szko\u0142a Podstawowa im. Jana Paw\u0142a II w K\u0119b\u0142owie","og_description":"Regulamin Samorz\u0105du Uczniowskiego \u00a0 Cz\u0142onkowie Samorz\u0105du Uczniowskiego w roku szkolnym 2024\/2025: \u00a0 \u00a0 &nbsp; Opiekun Samorz\u0105du Uczniowskiego w roku szkolnym &hellip;","og_url":"https:\/\/spkeblowo.pl\/?page_id=579","og_site_name":"Szko\u0142a Podstawowa im. Jana Paw\u0142a II w K\u0119b\u0142owie","article_modified_time":"2024-10-07T11:42:54+00:00","twitter_card":"summary_large_image","twitter_misc":{"Szacowany czas czytania":"1 minuta"},"schema":{"@context":"https:\/\/schema.org","@graph":[{"@type":"WebPage","@id":"https:\/\/spkeblowo.pl\/?page_id=579","url":"https:\/\/spkeblowo.pl\/?page_id=579","name":"SAMORZ\u0104D UCZNIOWSKI - Szko\u0142a Podstawowa im. Jana Paw\u0142a II w K\u0119b\u0142owie","isPartOf":{"@id":"https:\/\/spkeblowo.pl\/#website"},"datePublished":"2020-03-13T10:29:17+00:00","dateModified":"2024-10-07T11:42:54+00:00","breadcrumb":{"@id":"https:\/\/spkeblowo.pl\/?page_id=579#breadcrumb"},"inLanguage":"pl-PL","potentialAction":[{"@type":"ReadAction","target":["https:\/\/spkeblowo.pl\/?page_id=579"]}]},{"@type":"BreadcrumbList","@id":"https:\/\/spkeblowo.pl\/?page_id=579#breadcrumb","itemListElement":[{"@type":"ListItem","position":1,"name":"Strona g\u0142\u00f3wna","item":"https:\/\/spkeblowo.pl\/"},{"@type":"ListItem","position":2,"name":"SAMORZ\u0104D UCZNIOWSKI"}]},{"@type":"WebSite","@id":"https:\/\/spkeblowo.pl\/#website","url":"https:\/\/spkeblowo.pl\/","name":"Szko\u0142a Podstawowa im. Jana Paw\u0142a II w K\u0119b\u0142owie","description":"","publisher":{"@id":"https:\/\/spkeblowo.pl\/#organization"},"potentialAction":[{"@type":"SearchAction","target":{"@type":"EntryPoint","urlTemplate":"https:\/\/spkeblowo.pl\/?s={search_term_string}"},"query-input":{"@type":"PropertyValueSpecification","valueRequired":true,"valueName":"search_term_string"}}],"inLanguage":"pl-PL"},{"@type":"Organization","@id":"https:\/\/spkeblowo.pl\/#organization","name":"Szko\u0142a Podstawowa im. Jana Paw\u0142a II w K\u0119b\u0142owie","url":"https:\/\/spkeblowo.pl\/","logo":{"@type":"ImageObject","inLanguage":"pl-PL","@id":"https:\/\/spkeblowo.pl\/#\/schema\/logo\/image\/","url":"https:\/\/spkeblowo.pl\/wp-content\/uploads\/2020\/03\/2-2.png","contentUrl":"https:\/\/spkeblowo.pl\/wp-content\/uploads\/2020\/03\/2-2.png","width":1400,"height":350,"caption":"Szko\u0142a Podstawowa im. Jana Paw\u0142a II w K\u0119b\u0142owie"},"image":{"@id":"https:\/\/spkeblowo.pl\/#\/schema\/logo\/image\/"}}]}},"_links":{"self":[{"href":"https:\/\/spkeblowo.pl\/index.php?rest_route=\/wp\/v2\/pages\/579","targetHints":{"allow":["GET"]}}],"collection":[{"href":"https:\/\/spkeblowo.pl\/index.php?rest_route=\/wp\/v2\/pages"}],"about":[{"href":"https:\/\/spkeblowo.pl\/index.php?rest_route=\/wp\/v2\/types\/page"}],"author":[{"embeddable":true,"href":"https:\/\/spkeblowo.pl\/index.php?rest_route=\/wp\/v2\/users\/1"}],"replies":[{"embeddable":true,"href":"https:\/\/spkeblowo.pl\/index.php?rest_route=%2Fwp%2Fv2%2Fcomments&post=579"}],"version-history":[{"count":19,"href":"https:\/\/spkeblowo.pl\/index.php?rest_route=\/wp\/v2\/pages\/579\/revisions"}],"predecessor-version":[{"id":7459,"href":"https:\/\/spkeblowo.pl\/index.php?rest_route=\/wp\/v2\/pages\/579\/revisions\/7459"}],"wp:attachment":[{"href":"https:\/\/spkeblowo.pl\/index.php?rest_route=%2Fwp%2Fv2%2Fmedia&parent=579"}],"curies":[{"name":"wp","href":"https:\/\/api.w.org\/{rel}","templated":true}]}}