{"id":492,"date":"2020-03-12T16:42:52","date_gmt":"2020-03-12T16:42:52","guid":{"rendered":"http:\/\/spkeblowo.strefa.pl\/wordpress\/?page_id=492"},"modified":"2023-11-25T09:30:48","modified_gmt":"2023-11-25T07:30:48","slug":"nauka-w-internecie","status":"publish","type":"page","link":"https:\/\/spkeblowo.pl\/?page_id=492","title":{"rendered":"Nauka w Internecie"},"content":{"rendered":"<p style=\"text-align: justify;\">Opr\u00f3cz tradycyjnej nauki szukasz sposobu na uatrakcyjnienie<img decoding=\"async\" class=\"alignright\" src=\"https:\/\/spkeblowo.pl\/wp-content\/uploads\/2020\/03\/learn-3653430_640-300x170.jpg\" alt=\"\" width=\"280\" height=\"159\" \/> procesu poch\u0142aniania wiedzy? \ud83d\ude42 Je\u015bli tak, to w tym miejscu znajdzie r\u00f3\u017cne ciekawe adresy stron internetowych, kt\u00f3re pomog\u0105 Tobie powtarza\u0107 wiadomo\u015bci oraz zdobywa\u0107 nowe umiej\u0119tno\u015bci. Rozwijaj si\u0119!<\/p>\r\n<h2>Edukacja przedszkolna:<\/h2>\r\n<p><a href=\"http:\/\/www.ciufcia.pl\">Ciufcia<\/a><br \/><a href=\"http:\/\/www.kolorowe-obrazki.pl\">Kolorowe Obrazki<\/a><\/p>\r\n<h2>Edukacja wczesnoszkolna:<\/h2>\r\n<p><a href=\"http:\/\/www.zyraffa.pl\">Zyraffa<\/a><\/p>\r\n<h2>Matematyka:<\/h2>\r\n<p><a href=\"http:\/\/www.matzoo.pl\">MatZoo<\/a><br \/><a href=\"http:\/\/www,mathedu.pl\">MathEdu<\/a><br \/><a href=\"http:\/\/www.matematykadladzieci.pl\">Matematyka dla Dzieci<\/a><br \/><a href=\"http:\/\/www.geogebra.pl\">GeoGebra<\/a><br \/><a href=\"http:\/\/www.megamatma.pl\/uczniowie\/powtorka-z-podstawowki\">MegaMatma<\/a><br \/><a href=\"https:\/\/matlandia.gwo.pl\/\">Matlandia<\/a><\/p>\r\n<h2>J\u0119zyk polski:<\/h2>\r\n<p><a href=\"http:\/\/www.pisupisu.pl\">PisuPisu<\/a><br \/><a href=\"http:\/\/www.dyktanda.net\">Dyktanda<\/a><br \/><a href=\"http:\/\/www.ortografka.pl\">Ortografka<\/a><br \/><a href=\"https:\/\/wladcyslow.gwo.pl\/\">W\u0142adcy S\u0142\u00f3w<\/a><\/p>\r\n<h2>J\u0119zyk angielski:<\/h2>\r\n<p><a href=\"http:\/\/www.anglomaniacy.pl\">Anglomaniacy<\/a><br \/><a href=\"http:\/\/www.duolingo.com\/pl\">Duolingo<\/a><br \/><a href=\"https:\/\/l.facebook.com\/l.php?u=http%3A%2F%2Fzosiaikevin.pl%2F%3Ffbclid%3DIwAR2bcsiwCuOGMis8SqlEPoNj53S-oOBBHumK_cwDhWJskWp64Re0DilOlwE&amp;h=AT3BewINM2P0rH6ptfSgp2K5Ga58rS5v3myoTkJeSREKb79SXBtowb7zL-9KNsTJB5F_XdehwdKCwmXL5R8er4Tt50HkgL_cQc8c36Z3CM4B8pn3yzxJCcUBWDxWRhNz4a8\">Zosia i Kevin<\/a><br \/><a href=\"https:\/\/elt.oup.com\/student\/happyhouse\/?cc=pl&amp;selLanguage=pl&amp;fbclid=IwAR2lDbRyZkGBhgQqEHMyGze3pHEB6qCbhg4xXH6AXe8jlZKi4IyHDPeVptM\">Happy House<\/a><br \/><a href=\"https:\/\/l.facebook.com\/l.php?u=https%3A%2F%2Felt.oup.com%2Fstudent%2Fnewsparksfunzone%2F%3Fcc%3Dpl%26selLanguage%3Dpl%26fbclid%3DIwAR2BKMwS8DHo1ye94cNP9OhQLiXUoulACicJlY6iUVSamR1V7xsWgtrGnMM&amp;h=AT3BewINM2P0rH6ptfSgp2K5Ga58rS5v3myoTkJeSREKb79SXBtowb7zL-9KNsTJB5F_XdehwdKCwmXL5R8er4Tt50HkgL_cQc8c36Z3CM4B8pn3yzxJCcUBWDxWRhNz4a8\">Sparks Fun Zone<\/a><br \/><a href=\"https:\/\/l.facebook.com\/l.php?u=https%3A%2F%2Felt.oup.com%2Fstudent%2Fincredibleenglish%2F%3Fcc%3Dpl%26selLanguage%3Dpl%26fbclid%3DIwAR2-pbvbI0pnYBaNVzuY_CBMuQo0cbmXodgko88L-DJlyiqr-LaVLd2_RNU&amp;h=AT3BewINM2P0rH6ptfSgp2K5Ga58rS5v3myoTkJeSREKb79SXBtowb7zL-9KNsTJB5F_XdehwdKCwmXL5R8er4Tt50HkgL_cQc8c36Z3CM4B8pn3yzxJCcUBWDxWRhNz4a8\">Incredible English<\/a><\/p>\r\n<h2>Informatyka:<\/h2>\r\n<p><a href=\"http:\/\/www.code.org\">Code<\/a><\/p>\r\n<h2>Biologia:<\/h2>\r\n<p><a href=\"http:\/\/www.zygotebody.com\">ZygoteBody<\/a><br \/><a href=\"http:\/\/www.dzieciecafizyka.pl\/przyroda\/index.html\">Dzieci\u0119ca fizyka &#8211; przyroda<\/a><\/p>\r\n<h2>Historia:<\/h2>\r\n<p><a href=\"https:\/\/histlandia.gwo.pl\/\">Histlandia<\/a><\/p>\r\n<h2>Technika:<\/h2>\r\n<p>&nbsp;<\/p>\r\n\r\n<div class=\"wp-block-file\"><a href=\"https:\/\/spkeblowo.pl\/wp-content\/uploads\/2021\/11\/TECHNIKA-kl5-podrecznik-cz.-1-papier-wlokna.pdf\">\u00a0TECHNIKA kl5 podr\u0119cznik cz. 1 papier, w\u0142\u00f3kna<\/a><a class=\"wp-block-file__button\" href=\"https:\/\/spkeblowo.pl\/wp-content\/uploads\/2021\/11\/TECHNIKA-kl5-podrecznik-cz.-1-papier-wlokna.pdf\" download=\"\">Pobierz<\/a><\/div>\r\n\r\n\r\n\r\n<div class=\"wp-block-file\"><a href=\"https:\/\/spkeblowo.pl\/wp-content\/uploads\/2021\/11\/TECHNIKA-kl-5-podrecznik-cz.-2-drewno-metal-tworzywa-sztuczne-kompozyty.pdf\">TECHNIKA kl 5 podr\u0119cznik cz. 2 drewno, metal, tworzywa sztuczne, kompozyty<\/a><a class=\"wp-block-file__button\" href=\"https:\/\/spkeblowo.pl\/wp-content\/uploads\/2021\/11\/TECHNIKA-kl-5-podrecznik-cz.-2-drewno-metal-tworzywa-sztuczne-kompozyty.pdf\" download=\"\">Pobierz<\/a><\/div>\r\n\r\n\r\n\r\n<div class=\"wp-block-file\"><a href=\"https:\/\/spkeblowo.pl\/wp-content\/uploads\/2021\/11\/TECHNIKA-kl5-podrecznik-cz.-3-Rysunek-techniczny.pdf\">TECHNIKA kl5 podr\u0119cznik cz. 3 Rysunek techniczny<\/a><a class=\"wp-block-file__button\" href=\"https:\/\/spkeblowo.pl\/wp-content\/uploads\/2021\/11\/TECHNIKA-kl5-podrecznik-cz.-3-Rysunek-techniczny.pdf\" download=\"\">Pobierz<\/a><\/div>\r\n\r\n\r\n\r\n<div class=\"wp-block-file\"><a href=\"https:\/\/spkeblowo.pl\/wp-content\/uploads\/2021\/11\/TECHNIKA-kl5-podrecznik-cz.-4-ABC-zdrowego-zycia.pdf\">\u00a0TECHNIKA kl5 podr\u0119cznik cz. 4 ABC zdrowego \u017cycia<\/a><a class=\"wp-block-file__button\" href=\"https:\/\/spkeblowo.pl\/wp-content\/uploads\/2021\/11\/TECHNIKA-kl5-podrecznik-cz.-4-ABC-zdrowego-zycia.pdf\" download=\"\">Pobierz<\/a><\/div>\r\n","protected":false},"excerpt":{"rendered":"<p>Opr\u00f3cz tradycyjnej nauki szukasz sposobu na uatrakcyjnienie procesu poch\u0142aniania wiedzy? \ud83d\ude42 Je\u015bli tak, to w tym miejscu znajdzie r\u00f3\u017cne ciekawe &hellip; <\/p>\n","protected":false},"author":1,"featured_media":0,"parent":0,"menu_order":0,"comment_status":"closed","ping_status":"closed","template":"","meta":{"footnotes":""},"class_list":["post-492","page","type-page","status-publish","hentry"],"yoast_head":"<!-- This site is optimized with the Yoast SEO plugin v27.4 - https:\/\/yoast.com\/product\/yoast-seo-wordpress\/ -->\n<title>Nauka w Internecie - Szko\u0142a Podstawowa im. Jana Paw\u0142a II w K\u0119b\u0142owie<\/title>\n<meta name=\"robots\" content=\"index, follow, max-snippet:-1, max-image-preview:large, max-video-preview:-1\" \/>\n<link rel=\"canonical\" href=\"https:\/\/spkeblowo.pl\/?page_id=492\" \/>\n<meta property=\"og:locale\" content=\"pl_PL\" \/>\n<meta property=\"og:type\" content=\"article\" \/>\n<meta property=\"og:title\" content=\"Nauka w Internecie - Szko\u0142a Podstawowa im. Jana Paw\u0142a II w K\u0119b\u0142owie\" \/>\n<meta property=\"og:description\" content=\"Opr\u00f3cz tradycyjnej nauki szukasz sposobu na uatrakcyjnienie procesu poch\u0142aniania wiedzy? \ud83d\ude42 Je\u015bli tak, to w tym miejscu znajdzie r\u00f3\u017cne ciekawe &hellip;\" \/>\n<meta property=\"og:url\" content=\"https:\/\/spkeblowo.pl\/?page_id=492\" \/>\n<meta property=\"og:site_name\" content=\"Szko\u0142a Podstawowa im. Jana Paw\u0142a II w K\u0119b\u0142owie\" \/>\n<meta property=\"article:modified_time\" content=\"2023-11-25T07:30:48+00:00\" \/>\n<meta property=\"og:image\" content=\"https:\/\/spkeblowo.pl\/wp-content\/uploads\/2020\/03\/learn-3653430_640-300x170.jpg\" \/>\n<meta name=\"twitter:card\" content=\"summary_large_image\" \/>\n<meta name=\"twitter:label1\" content=\"Szacowany czas czytania\" \/>\n\t<meta name=\"twitter:data1\" content=\"1 minuta\" \/>\n<script type=\"application\/ld+json\" class=\"yoast-schema-graph\">{\"@context\":\"https:\\\/\\\/schema.org\",\"@graph\":[{\"@type\":\"WebPage\",\"@id\":\"https:\\\/\\\/spkeblowo.pl\\\/?page_id=492\",\"url\":\"https:\\\/\\\/spkeblowo.pl\\\/?page_id=492\",\"name\":\"Nauka w Internecie - Szko\u0142a Podstawowa im. Jana Paw\u0142a II w K\u0119b\u0142owie\",\"isPartOf\":{\"@id\":\"https:\\\/\\\/spkeblowo.pl\\\/#website\"},\"primaryImageOfPage\":{\"@id\":\"https:\\\/\\\/spkeblowo.pl\\\/?page_id=492#primaryimage\"},\"image\":{\"@id\":\"https:\\\/\\\/spkeblowo.pl\\\/?page_id=492#primaryimage\"},\"thumbnailUrl\":\"https:\\\/\\\/spkeblowo.pl\\\/wp-content\\\/uploads\\\/2020\\\/03\\\/learn-3653430_640-300x170.jpg\",\"datePublished\":\"2020-03-12T16:42:52+00:00\",\"dateModified\":\"2023-11-25T07:30:48+00:00\",\"breadcrumb\":{\"@id\":\"https:\\\/\\\/spkeblowo.pl\\\/?page_id=492#breadcrumb\"},\"inLanguage\":\"pl-PL\",\"potentialAction\":[{\"@type\":\"ReadAction\",\"target\":[\"https:\\\/\\\/spkeblowo.pl\\\/?page_id=492\"]}]},{\"@type\":\"ImageObject\",\"inLanguage\":\"pl-PL\",\"@id\":\"https:\\\/\\\/spkeblowo.pl\\\/?page_id=492#primaryimage\",\"url\":\"https:\\\/\\\/spkeblowo.pl\\\/wp-content\\\/uploads\\\/2020\\\/03\\\/learn-3653430_640.jpg\",\"contentUrl\":\"https:\\\/\\\/spkeblowo.pl\\\/wp-content\\\/uploads\\\/2020\\\/03\\\/learn-3653430_640.jpg\",\"width\":640,\"height\":362},{\"@type\":\"BreadcrumbList\",\"@id\":\"https:\\\/\\\/spkeblowo.pl\\\/?page_id=492#breadcrumb\",\"itemListElement\":[{\"@type\":\"ListItem\",\"position\":1,\"name\":\"Strona g\u0142\u00f3wna\",\"item\":\"https:\\\/\\\/spkeblowo.pl\\\/\"},{\"@type\":\"ListItem\",\"position\":2,\"name\":\"Nauka w&nbsp;Internecie\"}]},{\"@type\":\"WebSite\",\"@id\":\"https:\\\/\\\/spkeblowo.pl\\\/#website\",\"url\":\"https:\\\/\\\/spkeblowo.pl\\\/\",\"name\":\"Szko\u0142a Podstawowa im. Jana Paw\u0142a II w K\u0119b\u0142owie\",\"description\":\"\",\"publisher\":{\"@id\":\"https:\\\/\\\/spkeblowo.pl\\\/#organization\"},\"potentialAction\":[{\"@type\":\"SearchAction\",\"target\":{\"@type\":\"EntryPoint\",\"urlTemplate\":\"https:\\\/\\\/spkeblowo.pl\\\/?s={search_term_string}\"},\"query-input\":{\"@type\":\"PropertyValueSpecification\",\"valueRequired\":true,\"valueName\":\"search_term_string\"}}],\"inLanguage\":\"pl-PL\"},{\"@type\":\"Organization\",\"@id\":\"https:\\\/\\\/spkeblowo.pl\\\/#organization\",\"name\":\"Szko\u0142a Podstawowa im. Jana Paw\u0142a II w K\u0119b\u0142owie\",\"url\":\"https:\\\/\\\/spkeblowo.pl\\\/\",\"logo\":{\"@type\":\"ImageObject\",\"inLanguage\":\"pl-PL\",\"@id\":\"https:\\\/\\\/spkeblowo.pl\\\/#\\\/schema\\\/logo\\\/image\\\/\",\"url\":\"https:\\\/\\\/spkeblowo.pl\\\/wp-content\\\/uploads\\\/2020\\\/03\\\/2-2.png\",\"contentUrl\":\"https:\\\/\\\/spkeblowo.pl\\\/wp-content\\\/uploads\\\/2020\\\/03\\\/2-2.png\",\"width\":1400,\"height\":350,\"caption\":\"Szko\u0142a Podstawowa im. Jana Paw\u0142a II w K\u0119b\u0142owie\"},\"image\":{\"@id\":\"https:\\\/\\\/spkeblowo.pl\\\/#\\\/schema\\\/logo\\\/image\\\/\"}}]}<\/script>\n<!-- \/ Yoast SEO plugin. -->","yoast_head_json":{"title":"Nauka w Internecie - Szko\u0142a Podstawowa im. Jana Paw\u0142a II w K\u0119b\u0142owie","robots":{"index":"index","follow":"follow","max-snippet":"max-snippet:-1","max-image-preview":"max-image-preview:large","max-video-preview":"max-video-preview:-1"},"canonical":"https:\/\/spkeblowo.pl\/?page_id=492","og_locale":"pl_PL","og_type":"article","og_title":"Nauka w Internecie - Szko\u0142a Podstawowa im. Jana Paw\u0142a II w K\u0119b\u0142owie","og_description":"Opr\u00f3cz tradycyjnej nauki szukasz sposobu na uatrakcyjnienie procesu poch\u0142aniania wiedzy? \ud83d\ude42 Je\u015bli tak, to w tym miejscu znajdzie r\u00f3\u017cne ciekawe &hellip;","og_url":"https:\/\/spkeblowo.pl\/?page_id=492","og_site_name":"Szko\u0142a Podstawowa im. Jana Paw\u0142a II w K\u0119b\u0142owie","article_modified_time":"2023-11-25T07:30:48+00:00","og_image":[{"url":"https:\/\/spkeblowo.pl\/wp-content\/uploads\/2020\/03\/learn-3653430_640-300x170.jpg","type":"","width":"","height":""}],"twitter_card":"summary_large_image","twitter_misc":{"Szacowany czas czytania":"1 minuta"},"schema":{"@context":"https:\/\/schema.org","@graph":[{"@type":"WebPage","@id":"https:\/\/spkeblowo.pl\/?page_id=492","url":"https:\/\/spkeblowo.pl\/?page_id=492","name":"Nauka w Internecie - Szko\u0142a Podstawowa im. Jana Paw\u0142a II w K\u0119b\u0142owie","isPartOf":{"@id":"https:\/\/spkeblowo.pl\/#website"},"primaryImageOfPage":{"@id":"https:\/\/spkeblowo.pl\/?page_id=492#primaryimage"},"image":{"@id":"https:\/\/spkeblowo.pl\/?page_id=492#primaryimage"},"thumbnailUrl":"https:\/\/spkeblowo.pl\/wp-content\/uploads\/2020\/03\/learn-3653430_640-300x170.jpg","datePublished":"2020-03-12T16:42:52+00:00","dateModified":"2023-11-25T07:30:48+00:00","breadcrumb":{"@id":"https:\/\/spkeblowo.pl\/?page_id=492#breadcrumb"},"inLanguage":"pl-PL","potentialAction":[{"@type":"ReadAction","target":["https:\/\/spkeblowo.pl\/?page_id=492"]}]},{"@type":"ImageObject","inLanguage":"pl-PL","@id":"https:\/\/spkeblowo.pl\/?page_id=492#primaryimage","url":"https:\/\/spkeblowo.pl\/wp-content\/uploads\/2020\/03\/learn-3653430_640.jpg","contentUrl":"https:\/\/spkeblowo.pl\/wp-content\/uploads\/2020\/03\/learn-3653430_640.jpg","width":640,"height":362},{"@type":"BreadcrumbList","@id":"https:\/\/spkeblowo.pl\/?page_id=492#breadcrumb","itemListElement":[{"@type":"ListItem","position":1,"name":"Strona g\u0142\u00f3wna","item":"https:\/\/spkeblowo.pl\/"},{"@type":"ListItem","position":2,"name":"Nauka w&nbsp;Internecie"}]},{"@type":"WebSite","@id":"https:\/\/spkeblowo.pl\/#website","url":"https:\/\/spkeblowo.pl\/","name":"Szko\u0142a Podstawowa im. Jana Paw\u0142a II w K\u0119b\u0142owie","description":"","publisher":{"@id":"https:\/\/spkeblowo.pl\/#organization"},"potentialAction":[{"@type":"SearchAction","target":{"@type":"EntryPoint","urlTemplate":"https:\/\/spkeblowo.pl\/?s={search_term_string}"},"query-input":{"@type":"PropertyValueSpecification","valueRequired":true,"valueName":"search_term_string"}}],"inLanguage":"pl-PL"},{"@type":"Organization","@id":"https:\/\/spkeblowo.pl\/#organization","name":"Szko\u0142a Podstawowa im. Jana Paw\u0142a II w K\u0119b\u0142owie","url":"https:\/\/spkeblowo.pl\/","logo":{"@type":"ImageObject","inLanguage":"pl-PL","@id":"https:\/\/spkeblowo.pl\/#\/schema\/logo\/image\/","url":"https:\/\/spkeblowo.pl\/wp-content\/uploads\/2020\/03\/2-2.png","contentUrl":"https:\/\/spkeblowo.pl\/wp-content\/uploads\/2020\/03\/2-2.png","width":1400,"height":350,"caption":"Szko\u0142a Podstawowa im. Jana Paw\u0142a II w K\u0119b\u0142owie"},"image":{"@id":"https:\/\/spkeblowo.pl\/#\/schema\/logo\/image\/"}}]}},"_links":{"self":[{"href":"https:\/\/spkeblowo.pl\/index.php?rest_route=\/wp\/v2\/pages\/492","targetHints":{"allow":["GET"]}}],"collection":[{"href":"https:\/\/spkeblowo.pl\/index.php?rest_route=\/wp\/v2\/pages"}],"about":[{"href":"https:\/\/spkeblowo.pl\/index.php?rest_route=\/wp\/v2\/types\/page"}],"author":[{"embeddable":true,"href":"https:\/\/spkeblowo.pl\/index.php?rest_route=\/wp\/v2\/users\/1"}],"replies":[{"embeddable":true,"href":"https:\/\/spkeblowo.pl\/index.php?rest_route=%2Fwp%2Fv2%2Fcomments&post=492"}],"version-history":[{"count":39,"href":"https:\/\/spkeblowo.pl\/index.php?rest_route=\/wp\/v2\/pages\/492\/revisions"}],"predecessor-version":[{"id":5080,"href":"https:\/\/spkeblowo.pl\/index.php?rest_route=\/wp\/v2\/pages\/492\/revisions\/5080"}],"wp:attachment":[{"href":"https:\/\/spkeblowo.pl\/index.php?rest_route=%2Fwp%2Fv2%2Fmedia&parent=492"}],"curies":[{"name":"wp","href":"https:\/\/api.w.org\/{rel}","templated":true}]}}