{"id":4628,"date":"2023-10-23T09:05:30","date_gmt":"2023-10-23T07:05:30","guid":{"rendered":"http:\/\/spkeblowo.strefa.pl\/wordpress\/?page_id=4628"},"modified":"2025-10-28T09:34:09","modified_gmt":"2025-10-28T07:34:09","slug":"chor-szkolny","status":"publish","type":"page","link":"https:\/\/spkeblowo.pl\/?page_id=4628","title":{"rendered":"CH\u00d3R SZKOLNY GIOIA"},"content":{"rendered":"<p><span style=\"font-weight: 400;\">Ch\u00f3r Szkolny zosta\u0142 utworzony w 2017 roku z inicjatywy nauczycielki muzyki, animatora wielu dzia\u0142a\u0144 muzycznych na terenie gminy Luzino, Zofii Meyer. Skupia on ch\u0119tnych uczni\u00f3w wszystkich klas, kt\u00f3rzy pragn\u0105 rozwija\u0107 swoje umiej\u0119tno\u015bci wokalne, wyst\u0105pie\u0144 publicznych oraz organizacji koncert\u00f3w i wydarze\u0144. Ch\u00f3r uczestniczy w oprawie uroczysto\u015bci szkolnych, bierze udzia\u0142 w konkursach, a tak\u017ce koncertuje. Od 2022 roku dyrygentem ch\u00f3ru jest Julianna Danielewicz. W repertuarze ch\u00f3ru znajdziemy pie\u015bni patriotyczne, kol\u0119dy, utwory ch\u00f3ralne w j\u0119zyku polskim, angielskim i \u0142aci\u0144skim. W czerwcu 2025 roku dyrektor szko\u0142y, pani Renata Grzenia, dokona\u0142a aktu uroczystego nadania imienia ch\u00f3rowi: Ch\u00f3r <i>GIOIA<\/i>\u00a0(\u0142ac. RADO\u015a\u0106) ze Szko\u0142y Podstawowej im. Jana Paw\u0142a II w K\u0119b\u0142owie.<\/span><\/p>\n<p><a href=\"https:\/\/spkeblowo.pl\/wp-content\/uploads\/2025\/09\/Chor-scaled.jpg\"><img fetchpriority=\"high\" decoding=\"async\" class=\"aligncenter wp-image-9297\" src=\"https:\/\/spkeblowo.pl\/wp-content\/uploads\/2025\/09\/Chor-1024x768.jpg\" alt=\"Ch\u00f3r szkolny Gioia\" width=\"1000\" height=\"750\" srcset=\"https:\/\/spkeblowo.pl\/wp-content\/uploads\/2025\/09\/Chor-1024x768.jpg 1024w, https:\/\/spkeblowo.pl\/wp-content\/uploads\/2025\/09\/Chor-300x225.jpg 300w, https:\/\/spkeblowo.pl\/wp-content\/uploads\/2025\/09\/Chor-768x576.jpg 768w, https:\/\/spkeblowo.pl\/wp-content\/uploads\/2025\/09\/Chor-1536x1152.jpg 1536w, https:\/\/spkeblowo.pl\/wp-content\/uploads\/2025\/09\/Chor-2048x1536.jpg 2048w\" sizes=\"(max-width: 1000px) 100vw, 1000px\" \/><\/a><\/p>\n<p>&nbsp;<\/p>\n<p style=\"text-align: center;\"><strong>W roku szkolnym 2025\/2026 pr\u00f3by odbywaj\u0105 si\u0119 wed\u0142ug harmonogramu:<\/strong><\/p>\n<p style=\"text-align: center;\"><strong>WTOREK 15:25 &#8211; 16:25 CH\u00d3R g\u0142os I<\/strong><\/p>\n<p style=\"text-align: center;\"><strong>\u015aRODA 16:10 &#8211; 17:10 CH\u00d3R g\u0142os II<\/strong><\/p>\n<p style=\"text-align: center;\"><strong>CZWARTEK 16:10 &#8211; 17:10 CH\u00d3R ca\u0142o\u015b\u0107<\/strong><\/p>\n<p style=\"text-align: center;\"><strong>Sala nr 159<\/strong><\/p>\n<p><a href=\"https:\/\/spkeblowo.pl\/?attachment_id=9298\" rel=\"attachment wp-att-9298\">REGULAMIN Stowarzyszenia \u201cMuzyczne Skrzyd\u0142a\u201d<\/a><\/p>\n<p><a href=\"https:\/\/spkeblowo.pl\/?attachment_id=9300\" rel=\"attachment wp-att-9300\">REGULAMIN przyjmowania cz\u0142onk\u00f3w do CH\u00d3RU \u201cGIOIA\u201d<\/a><\/p>\n<p><a href=\"https:\/\/docs.google.com\/document\/d\/1mebQPEldWanmofncCxy4IcfpYVof8s9uqVYGFu-mFnY\/edit?usp=sharing\" rel=\"attachment wp-att-9299\">Deklaracja cz\u0142onkowska Stowarzyszenia \u201cMuzyczne Skrzyd\u0142a\u201d na rzecz Ch\u00f3ru GIOIA<\/a><\/p>\n<p>&nbsp;<\/p>\n<p><span style=\"font-size: 14pt;\"><strong>Kalendarz wydarze\u0144:<\/strong><\/span><\/p>\n<p><span style=\"font-size: 14pt;\"><strong>2025\/2026<\/strong><\/span><\/p>\n<p><b>2025\/2026<\/b><\/p>\n<p><span style=\"font-weight: 400;\">Ognisko na dobre rozpocz\u0119cie sezonu ch\u00f3ralnego 2025\/2026 <\/span><a href=\"https:\/\/photos.app.goo.gl\/uDbsRTvv5ZpMFuWE6\"><span style=\"font-weight: 400;\">GALERIA<\/span><\/a><\/p>\n<p><span style=\"font-size: 14pt;\"><strong>2024\/2025<\/strong><\/span><\/p>\n<p><span style=\"font-weight: 400;\">Uroczyste nadanie imienia ch\u00f3rowi <\/span><a href=\"https:\/\/photos.app.goo.gl\/cJ1B6c79ScY8M9Hm9\"><span style=\"font-weight: 400;\">GALERIA<\/span><\/a><\/p>\n<p><span style=\"font-weight: 400;\">Audycja Radia Gda\u0144sk \u201cRytm serca\u201d <\/span><a href=\"https:\/\/radiogdansk.pl\/audycje\/manufaktura-reportazu\/2025\/06\/30\/reportaz-rytm-serca-o-barwnym-swiecie-spiewu-i-chorow\/\"><span style=\"font-weight: 400;\">LINK<\/span><\/a><\/p>\n<p><span style=\"font-weight: 400;\">Wiosenne Konfrontacje Ch\u00f3ralne \u201c\u015apiewaj\u0105cej Polski\u201d w Gda\u0144sku <\/span><a href=\"https:\/\/photos.app.goo.gl\/B2b9WNWbV2Bz8Ucj6\"><span style=\"font-weight: 400;\">GALERIA<\/span><\/a><\/p>\n<p><span style=\"font-weight: 400;\">\u201cKoncert dla mamy i taty\u201d po\u0142\u0105czonych ch\u00f3r\u00f3w <\/span><a href=\"https:\/\/photos.app.goo.gl\/aCzLwfPKmekpwRsh6\"><span style=\"font-weight: 400;\">GALERIA<\/span><\/a><\/p>\n<p><span style=\"font-weight: 400;\">III Wojew\u00f3dzki Konkurs Piosenki Religijnej w Gda\u0144sku <\/span><a href=\"https:\/\/photos.app.goo.gl\/r3jAPh1iKecBhnEn9\"><span style=\"font-weight: 400;\">GALERIA<\/span><\/a><\/p>\n<p><span style=\"font-weight: 400;\">\u00a0XVII Pomorski Konkurs Kaszubskiej Pie\u015bni Bo\u017conarodzeniowej <\/span><a href=\"https:\/\/photos.app.goo.gl\/3JgF8x5PMQZ5pHpz7\"><span style=\"font-weight: 400;\">GALERIA<\/span><\/a><\/p>\n<p><span style=\"font-weight: 400;\">Koncert Kol\u0119d w parafii \u015bw. Jadwigi \u015al\u0105skiej w K\u0119b\u0142owie <\/span><a href=\"https:\/\/photos.app.goo.gl\/onXRa8wuLcovJB7q7\"><span style=\"font-weight: 400;\">GALERIA<\/span><\/a><\/p>\n<p><span style=\"font-weight: 400;\">Koncert Kol\u0119d w parafii \u015bw. Wojciecha w Redzie <\/span><a href=\"https:\/\/photos.app.goo.gl\/RsTypMseMnfcfu4A8\"><span style=\"font-weight: 400;\">GALERIA<\/span><\/a><\/p>\n<p><span style=\"font-weight: 400;\">Nagranie pastora\u0142ki na p\u0142yt\u0119 \u201cKantata Kaszub\u201d <\/span><a href=\"https:\/\/photos.app.goo.gl\/QkdfmEaqqUShU8Kd7\"><span style=\"font-weight: 400;\">GALERIA<\/span><\/a><\/p>\n<p><span style=\"font-weight: 400;\">V Og\u00f3lnopolski Konkurs Pie\u015bni Patriotycznej \u201cD\u017awi\u0119ki wolno\u015bci\u201d Gdynia 2024 <\/span><a href=\"https:\/\/photos.app.goo.gl\/sFEb7JdwqRj3q8957\"><span style=\"font-weight: 400;\">GALERIA<\/span><\/a><\/p>\n<p><span style=\"font-weight: 400;\">Mi\u0119dzyszkolny Konkurs Pie\u015bni Patriotycznej <\/span><a href=\"https:\/\/photos.app.goo.gl\/AoX9aE1x6sbCGSYB7\"><span style=\"font-weight: 400;\">GALERIA<\/span><\/a><\/p>\n<p><span style=\"font-weight: 400;\">Ch\u00f3r w mediach <\/span><a href=\"https:\/\/www.radiopik.pl\/index.php?idp=17&amp;tag=XV+Og%C3%B3lnopolski+Turniej+Ch%C3%B3r%C3%B3w+o+Kryszta%C5%82owe+Serce+Che%C5%82mi%C5%84skiej+Jesieni&amp;szukaj=XV+Og%C3%B3lnopolski+Turniej+Ch%C3%B3r%C3%B3w+o+Kryszta%C5%82owe+Serce+Che%C5%82mi%C5%84skiej+Jesieni\"><span style=\"font-weight: 400;\">LINK<\/span><\/a><\/p>\n<p><span style=\"font-weight: 400;\">XV Og\u00f3lnopolski Turniej o Kryszta\u0142owe Serce Che\u0142mi\u0144skiej Jesieni <\/span><a href=\"https:\/\/photos.app.goo.gl\/tUew3PtnLVi2wUAq8\"><span style=\"font-weight: 400;\">GALERIA<\/span><\/a><\/p>\n<p><span style=\"font-weight: 400;\">Koncert dla rodzic\u00f3w podczas II Mi\u0119dzynarodowego Dnia Muzyki\u00a0 <\/span><a href=\"https:\/\/photos.app.goo.gl\/gpm4xvmsXdQMbGaq9\"><span style=\"font-weight: 400;\">GALERIA<\/span><\/a><\/p>\n<p><span style=\"font-weight: 400;\">Koncert w ko\u015bciele &#8211; zbi\u00f3rka na wyjazd ch\u00f3ralny <\/span><a href=\"https:\/\/photos.app.goo.gl\/KgnZUX38HaZSkLdW7\"><span style=\"font-weight: 400;\">GALERIA<\/span><\/a><\/p>\n<p><span style=\"font-size: 14pt;\"><strong>2023\/2024<\/strong><\/span><\/p>\n<p><span style=\"font-weight: 400;\">Jase\u0142ka 2023 <\/span><a href=\"https:\/\/drive.google.com\/drive\/folders\/1Hp-ojxfQMf44D5yj82dY2TXOyE-7srdB?usp=drive_link\"><span style=\"font-weight: 400;\">GALERIA<\/span><\/a><span style=\"font-weight: 400;\">\u00a0<\/span><\/p>\n<p><span style=\"font-weight: 400;\">XVI Wojew\u00f3dzki Konkurs \u201c\u015apiewajmy Kol\u0119dy\u201d <\/span><a href=\"https:\/\/drive.google.com\/drive\/folders\/1VujJlmb5keuppea6_VmOvCAKTr4Ls9st?usp=sharing\"><span style=\"font-weight: 400;\">GALERIA<\/span><\/a><span style=\"font-weight: 400;\">\u00a0<\/span><\/p>\n<p><span style=\"font-weight: 400;\">Nagranie \u201cMuzycznej poczt\u00f3wki Bo\u017conarodzeniowej\u201d <\/span><a href=\"https:\/\/drive.google.com\/drive\/folders\/1qiH6kEGMnWsiqT7AqYGf3kiB4lVxjgWR?usp=drive_link\"><span style=\"font-weight: 400;\">GALERIA<\/span><\/a><span style=\"font-weight: 400;\">\u00a0<\/span><\/p>\n<p><span style=\"font-weight: 400;\">WORLD OPEN Music Competition <\/span><a href=\"https:\/\/drive.google.com\/drive\/folders\/1OFegxbA2wtT1Nvtnr8bOdC68X0i7tkPe?usp=sharing\"><span style=\"font-weight: 400;\">GALERIA<\/span><\/a><\/p>\n<p><span style=\"font-weight: 400;\">VI Konkurs Pie\u015bni Patriotycznej w Wejherowie <\/span><a href=\"https:\/\/drive.google.com\/drive\/folders\/1cwzFg6y8XYginWtH6Or6IJnsBGqGojtE?usp=sharing\"><span style=\"font-weight: 400;\">GALERIA<\/span><\/a><\/p>\n<p><span style=\"font-weight: 400;\">Akademia z okazji \u015awi\u0119ta Niepodleg\u0142o\u015bci 11 listopada <\/span><a href=\"https:\/\/youtu.be\/WRdPBkR0pw8?si=aUk7m8y333Xvec_W\"><span style=\"font-weight: 400;\">GALERIA<\/span><\/a><\/p>\n<p><span style=\"font-weight: 400;\">Akademia z okazji DEN <\/span><a href=\"https:\/\/drive.google.com\/drive\/folders\/14TNMHOJQK3b3WypxEXTMNpj4IGg0_Vgo?usp=sharing\"><span style=\"font-weight: 400;\">GALERIA<\/span><\/a><\/p>\n<p><span style=\"font-size: 14pt;\"><strong>2022\/2023<\/strong><\/span><\/p>\n<p><span style=\"font-weight: 400;\">Po\u017cegnanie 8 klas i Zako\u0144czenie roku szkolnego <\/span><a href=\"https:\/\/drive.google.com\/drive\/folders\/1OzDgPvUK0FUTgT3vp8NbMZnI7TGo3f4b?usp=sharing\"><span style=\"font-weight: 400;\">GALERIA<\/span><\/a><\/p>\n<p><span style=\"font-weight: 400;\">Apel z okazji uchwalenia Konstytucji 3 maja <\/span><a href=\"https:\/\/drive.google.com\/drive\/folders\/1QLx5OGNlZj3rnHt6B1JG-EpOof6NVyR4?usp=sharing\"><span style=\"font-weight: 400;\">GALERIA<\/span><\/a><\/p>\n<p><span style=\"font-weight: 400;\">Apel upami\u0119tniaj\u0105cy 18. rocznic\u0119 \u015bmierci naszego patrona Jana Paw\u0142a II <\/span><a href=\"https:\/\/drive.google.com\/drive\/folders\/1QOanj036F8jIP_LjHS6a3a3PcIF-U7CV?usp=sharing\"><span style=\"font-weight: 400;\">GALERIA<\/span><\/a><\/p>\n<p><span style=\"font-weight: 400;\">Koncert Wiosenny \u201cDla mamy i taty\u201d <\/span><a href=\"https:\/\/drive.google.com\/drive\/folders\/1-eKPo9lGe4nvT94aIDpZn8Z6ia9JOhii?usp=sharing\"><span style=\"font-weight: 400;\">GALERIA<\/span><\/a><\/p>\n<p><span style=\"font-weight: 400;\">Koncert Kol\u0119d w Ko\u015bciele p.w. \u015bw. Jadwigi \u015al\u0105skiej w K\u0119b\u0142owie <\/span><a href=\"https:\/\/drive.google.com\/drive\/folders\/1Kd4UlOHwJMfCYVh-zVslBS88kXs79eEI?usp=sharing\"><span style=\"font-weight: 400;\">GALERIA<\/span><\/a><\/p>\n<p><span style=\"font-weight: 400;\">Udzia\u0142 w Wojew\u00f3dzkim Konkursie Muzycznym \u201ePOLSKA \u2013 MOJE MIEJSCE, M\u00d3J KRAJ\u201d w Gda\u0144sku <\/span><a href=\"https:\/\/drive.google.com\/drive\/folders\/1_9M1JhPMvViuPH6go2BF6gaRBFFsQBE7?usp=sharing\"><span style=\"font-weight: 400;\">GALERIA<\/span><\/a><\/p>\n<p><span style=\"font-size: 14pt;\"><strong>Nagrody i wyr\u00f3\u017cnienia:<\/strong><\/span><\/p>\n<p><span style=\"font-weight: 400;\">2025 r. &#8211; Z\u0141OTY DYPLOM w Wiosennych Konfrontacjach Ch\u00f3ralnych \u201c\u015apiewaj\u0105cej Polski\u201d w Gda\u0144sku<\/span><\/p>\n<p><span style=\"font-weight: 400;\">2025 r. &#8211; I miejsce w <\/span><span style=\"font-weight: 400;\">III Wojew\u00f3dzkim Konkurs Piosenki Religijnej w Gda\u0144sku\u00a0<\/span><\/p>\n<p><span style=\"font-weight: 400;\">2024 r. &#8211; II miejsce w <\/span><span style=\"font-weight: 400;\">XVII Pomorskim Konkursie Kaszubskiej Pie\u015bni Bo\u017conarodzeniowej\u00a0<\/span><\/p>\n<p><span style=\"font-weight: 400;\">2024 r. &#8211; wyr\u00f3\u017cnienie w V Og\u00f3lnopolskim Konkursie \u201cD\u017awi\u0119ki wolno\u015bci\u201d Gdynia 2024<\/span><\/p>\n<p><span style=\"font-weight: 400;\">2024 r. &#8211; II miejsce w <\/span><span style=\"font-weight: 400;\">VII Konkursie Pie\u015bni Patriotycznej w Wejherowie<\/span><\/p>\n<p><span style=\"font-weight: 400;\">2024 r. &#8211; SREBRNY DYPLOM w XV Og\u00f3lnopolskim Turnieju Ch\u00f3r\u00f3w o Kryszta\u0142owe Serce Che\u0142mi\u0144skiej Jesieni<\/span><\/p>\n<p><span style=\"font-weight: 400;\">2023 r. &#8211; Wyr\u00f3\u017cnienie w XVI Wojew\u00f3dzkim Konkursie \u201c\u015apiewajmy Kol\u0119dy\u201d <\/span><a href=\"https:\/\/drive.google.com\/drive\/folders\/1VujJlmb5keuppea6_VmOvCAKTr4Ls9st?usp=sharing\"><span style=\"font-weight: 400;\">GALERIA<\/span><\/a><\/p>\n<p><span style=\"font-weight: 400;\">2023 r. &#8211; SREBRNY DYPLOM i II miejsce w 14. Mi\u0119dzynarodowym Konkursie <\/span><i><span style=\"font-weight: 400;\">WORLD OPEN Online Music Competition <\/span><\/i><a href=\"https:\/\/drive.google.com\/drive\/folders\/1OFegxbA2wtT1Nvtnr8bOdC68X0i7tkPe?usp=sharing\"><span style=\"font-weight: 400;\">GALERIA<\/span><\/a><\/p>\n<p><span style=\"font-weight: 400;\">2023 r. &#8211; Wyr\u00f3\u017cnienie w VI Konkursie Pie\u015bni Patriotycznej w Wejherowie <\/span><a href=\"https:\/\/drive.google.com\/drive\/folders\/1cwzFg6y8XYginWtH6Or6IJnsBGqGojtE?usp=sharing\"><span style=\"font-weight: 400;\">GALERIA<\/span><\/a><\/p>\n<p><span style=\"font-weight: 400;\">2020 r. &#8211; II miejsce w XV Pomorskim Konkursie Kaszubskiej Pie\u015bni Bo\u017conarodzeniowej w Szemudzie <\/span><a href=\"https:\/\/drive.google.com\/drive\/folders\/14zsy4nNPxhVNwesEhaUUPlIYO_UTtTGh?usp=sharing\"><span style=\"font-weight: 400;\">GALERIA<\/span><\/a><\/p>\n<p><span style=\"font-weight: 400;\">2020 r. &#8211; Nagroda specjalna za wyr\u00f3\u017cniaj\u0105c\u0105 opraw\u0119 muzyczn\u0105 w XX Gminnym Przegl\u0105dzie Jase\u0142ek w Luzinie <\/span><a href=\"https:\/\/drive.google.com\/drive\/folders\/1w49q5XGiG3-AHXmh4N3yYpeXnJeHP2fE?usp=sharing\"><span style=\"font-weight: 400;\">GALERIA<\/span><\/a><\/p>\n<p><span style=\"font-weight: 400;\">2019 r. &#8211; I miejsce w 18. Pomorskim Festiwalu Piosenki Kaszubskiej \u201cKasz\u00ebbscz\u00e9 spi\u00ebwe\u201d w Luzinie <\/span><a href=\"https:\/\/drive.google.com\/drive\/folders\/1fzdVuOxuAc6S9_EPG1aZ-P4xaJ922-7V?usp=sharing\"><span style=\"font-weight: 400;\">GALERIA<\/span><\/a><\/p>\n<p>&nbsp;<\/p>\n<p><img decoding=\"async\" class=\"alignleft wp-image-4953 size-medium\" src=\"https:\/\/spkeblowo.pl\/wp-content\/uploads\/2023\/11\/Zosia-259x300.png\" alt=\"\" width=\"259\" height=\"300\" srcset=\"https:\/\/spkeblowo.pl\/wp-content\/uploads\/2023\/11\/Zosia-259x300.png 259w, https:\/\/spkeblowo.pl\/wp-content\/uploads\/2023\/11\/Zosia.png 583w\" sizes=\"(max-width: 259px) 100vw, 259px\" \/><\/p>\n<p><span style=\"font-weight: 400;\">Zofia Meyer \u2014 absolwentka wychowania muzycznego Wy\u017cszej Szko\u0142y Pedagogicznej w S\u0142upsku, klarnecistka i saksofonistka, pedagog od samego pocz\u0105tku swojej pracy zawodowej zwi\u0105zana z Gmin\u0105 Luzino. Prowadzi\u0142a zesp\u00f3\u0142 <\/span><i><span style=\"font-weight: 400;\">Aspersja<\/span><\/i><span style=\"font-weight: 400;\"> dzia\u0142aj\u0105cy przy Parafii MB R\u00f3\u017ca\u0144cowej w Luzinie, ch\u00f3r i zesp\u00f3\u0142 wokalny przy Gimnazjum, a nast\u0119pnie SP nr 2 w Luzinie b\u0119d\u0105cy laureatem Pucharu Rektora Akademii Muzycznej w Gda\u0144sku, Rady Ch\u00f3r\u00f3w Kaszubskich i Marsza\u0142ka Wojew\u00f3dztwa Pomorskiego, oraz ch\u00f3r i zesp\u00f3\u0142 w SP w K\u0119b\u0142owie. Wsp\u00f3lnie z zespo\u0142em z Gimnazjum w Luzinie nagra\u0142a p\u0142yt\u0119 z kaszubskimi utworami. Przygotowywa\u0142a r\u00f3wnie\u017c support przed wyst\u0119pami takich artyst\u00f3w jak Krzysztof Krawczyk, Golec uOrkiestra i Weronika Korthals, wraz z uczniami u\u015bwietnia\u0142a sesje Rady Gminy Luzino i Powiatu Wejherowskiego, wsp\u00f3\u0142organizowa\u0142a koncerty charytatywne. Odznaczona Medalem Zas\u0142u\u017conych Ziemi Wejherowskiej.\u00a0<\/span><\/p>\n<p>&nbsp;<\/p>\n<p>&nbsp;<\/p>\n<p>&nbsp;<\/p>\n<p><img decoding=\"async\" class=\"alignleft wp-image-4955 size-medium\" src=\"https:\/\/spkeblowo.pl\/wp-content\/uploads\/2023\/11\/Julka-1-265x300.png\" alt=\"\" width=\"265\" height=\"300\" srcset=\"https:\/\/spkeblowo.pl\/wp-content\/uploads\/2023\/11\/Julka-1-265x300.png 265w, https:\/\/spkeblowo.pl\/wp-content\/uploads\/2023\/11\/Julka-1.png 583w\" sizes=\"(max-width: 265px) 100vw, 265px\" \/><\/p>\n<p><span style=\"font-weight: 400;\">Julianna Danielewicz \u2014 jest fank\u0105 komunikacji w \u015bpiewie i mowie, z pasj\u0105 odkrywaj\u0105ca wci\u0105\u017c nowe formy dotarcia do drugiego cz\u0142owieka. Absolwentka dyrygentury ch\u00f3ralnej i \u015bpiewu jazzowego Akademii Muzycznej w Gda\u0144sku. Za\u0142o\u017cycielka <\/span><i><span style=\"font-weight: 400;\">Voice Valley<\/span><\/i><span style=\"font-weight: 400;\">, w kt\u00f3rym wspiera osoby zawodowo pos\u0142uguj\u0105ce si\u0119 g\u0142osem w najlepszym zarz\u0105dzaniu swoimi zasobami. Wsp\u00f3\u0142pracuje blisko z Fundacj\u0105 <\/span><i><span style=\"font-weight: 400;\">Prosto z Serca <\/span><\/i><span style=\"font-weight: 400;\">skupiaj\u0105c\u0105 osoby z niepe\u0142nosprawno\u015bci\u0105 ruchow\u0105, organizuj\u0105c szkolenia i warsztaty rozwijaj\u0105ce kompetencje komunikacyjne. Korepetytor \u015bpiewu gdy\u0144skiego ch\u00f3ru <\/span><i><span style=\"font-weight: 400;\">Razzle Dazzle.<\/span><\/i><span style=\"font-weight: 400;\"> Logopeda i nauczyciel muzyki, za\u0142o\u017cycielka Ch\u00f3ru <\/span><i><span style=\"font-weight: 400;\">Canto dal Cielo<\/span><\/i><span style=\"font-weight: 400;\"> dzia\u0142aj\u0105cego przy Publicznej Szkole Podstawowej Si\u00f3str Salezjanek im. \u015awi\u0119tej Rodziny w Rumi, od 2022 roku dyrygentka Ch\u00f3ru <i>GIOIA<\/i> ze Szko\u0142y Podstawowej im. Jana Paw\u0142a II w K\u0119b\u0142owie.<\/span><\/p>\n","protected":false},"excerpt":{"rendered":"<p>Ch\u00f3r Szkolny zosta\u0142 utworzony w 2017 roku z inicjatywy nauczycielki muzyki, animatora wielu dzia\u0142a\u0144 muzycznych na terenie gminy Luzino, Zofii &hellip; <\/p>\n","protected":false},"author":1,"featured_media":0,"parent":0,"menu_order":0,"comment_status":"closed","ping_status":"closed","template":"","meta":{"footnotes":""},"class_list":["post-4628","page","type-page","status-publish","hentry"],"yoast_head":"<!-- This site is optimized with the Yoast SEO plugin v27.4 - https:\/\/yoast.com\/product\/yoast-seo-wordpress\/ -->\n<title>CH\u00d3R SZKOLNY GIOIA - Szko\u0142a Podstawowa im. Jana Paw\u0142a II w K\u0119b\u0142owie<\/title>\n<meta name=\"robots\" content=\"index, follow, max-snippet:-1, max-image-preview:large, max-video-preview:-1\" \/>\n<link rel=\"canonical\" href=\"https:\/\/spkeblowo.pl\/?page_id=4628\" \/>\n<meta property=\"og:locale\" content=\"pl_PL\" \/>\n<meta property=\"og:type\" content=\"article\" \/>\n<meta property=\"og:title\" content=\"CH\u00d3R SZKOLNY GIOIA - Szko\u0142a Podstawowa im. Jana Paw\u0142a II w K\u0119b\u0142owie\" \/>\n<meta property=\"og:description\" content=\"Ch\u00f3r Szkolny zosta\u0142 utworzony w 2017 roku z inicjatywy nauczycielki muzyki, animatora wielu dzia\u0142a\u0144 muzycznych na terenie gminy Luzino, Zofii &hellip;\" \/>\n<meta property=\"og:url\" content=\"https:\/\/spkeblowo.pl\/?page_id=4628\" \/>\n<meta property=\"og:site_name\" content=\"Szko\u0142a Podstawowa im. Jana Paw\u0142a II w K\u0119b\u0142owie\" \/>\n<meta property=\"article:modified_time\" content=\"2025-10-28T07:34:09+00:00\" \/>\n<meta property=\"og:image\" content=\"https:\/\/spkeblowo.pl\/wp-content\/uploads\/2025\/09\/Chor-1024x768.jpg\" \/>\n<meta name=\"twitter:card\" content=\"summary_large_image\" \/>\n<meta name=\"twitter:label1\" content=\"Szacowany czas czytania\" \/>\n\t<meta name=\"twitter:data1\" content=\"6 minut\" \/>\n<script type=\"application\/ld+json\" class=\"yoast-schema-graph\">{\"@context\":\"https:\\\/\\\/schema.org\",\"@graph\":[{\"@type\":\"WebPage\",\"@id\":\"https:\\\/\\\/spkeblowo.pl\\\/?page_id=4628\",\"url\":\"https:\\\/\\\/spkeblowo.pl\\\/?page_id=4628\",\"name\":\"CH\u00d3R SZKOLNY GIOIA - Szko\u0142a Podstawowa im. Jana Paw\u0142a II w K\u0119b\u0142owie\",\"isPartOf\":{\"@id\":\"https:\\\/\\\/spkeblowo.pl\\\/#website\"},\"primaryImageOfPage\":{\"@id\":\"https:\\\/\\\/spkeblowo.pl\\\/?page_id=4628#primaryimage\"},\"image\":{\"@id\":\"https:\\\/\\\/spkeblowo.pl\\\/?page_id=4628#primaryimage\"},\"thumbnailUrl\":\"https:\\\/\\\/spkeblowo.pl\\\/wp-content\\\/uploads\\\/2025\\\/09\\\/Chor-1024x768.jpg\",\"datePublished\":\"2023-10-23T07:05:30+00:00\",\"dateModified\":\"2025-10-28T07:34:09+00:00\",\"breadcrumb\":{\"@id\":\"https:\\\/\\\/spkeblowo.pl\\\/?page_id=4628#breadcrumb\"},\"inLanguage\":\"pl-PL\",\"potentialAction\":[{\"@type\":\"ReadAction\",\"target\":[\"https:\\\/\\\/spkeblowo.pl\\\/?page_id=4628\"]}]},{\"@type\":\"ImageObject\",\"inLanguage\":\"pl-PL\",\"@id\":\"https:\\\/\\\/spkeblowo.pl\\\/?page_id=4628#primaryimage\",\"url\":\"https:\\\/\\\/spkeblowo.pl\\\/wp-content\\\/uploads\\\/2025\\\/09\\\/Chor-scaled.jpg\",\"contentUrl\":\"https:\\\/\\\/spkeblowo.pl\\\/wp-content\\\/uploads\\\/2025\\\/09\\\/Chor-scaled.jpg\",\"width\":2560,\"height\":1920,\"caption\":\"Ch\u00f3r szkolny Gioia\"},{\"@type\":\"BreadcrumbList\",\"@id\":\"https:\\\/\\\/spkeblowo.pl\\\/?page_id=4628#breadcrumb\",\"itemListElement\":[{\"@type\":\"ListItem\",\"position\":1,\"name\":\"Strona g\u0142\u00f3wna\",\"item\":\"https:\\\/\\\/spkeblowo.pl\\\/\"},{\"@type\":\"ListItem\",\"position\":2,\"name\":\"CH\u00d3R SZKOLNY GIOIA\"}]},{\"@type\":\"WebSite\",\"@id\":\"https:\\\/\\\/spkeblowo.pl\\\/#website\",\"url\":\"https:\\\/\\\/spkeblowo.pl\\\/\",\"name\":\"Szko\u0142a Podstawowa im. Jana Paw\u0142a II w K\u0119b\u0142owie\",\"description\":\"\",\"publisher\":{\"@id\":\"https:\\\/\\\/spkeblowo.pl\\\/#organization\"},\"potentialAction\":[{\"@type\":\"SearchAction\",\"target\":{\"@type\":\"EntryPoint\",\"urlTemplate\":\"https:\\\/\\\/spkeblowo.pl\\\/?s={search_term_string}\"},\"query-input\":{\"@type\":\"PropertyValueSpecification\",\"valueRequired\":true,\"valueName\":\"search_term_string\"}}],\"inLanguage\":\"pl-PL\"},{\"@type\":\"Organization\",\"@id\":\"https:\\\/\\\/spkeblowo.pl\\\/#organization\",\"name\":\"Szko\u0142a Podstawowa im. Jana Paw\u0142a II w K\u0119b\u0142owie\",\"url\":\"https:\\\/\\\/spkeblowo.pl\\\/\",\"logo\":{\"@type\":\"ImageObject\",\"inLanguage\":\"pl-PL\",\"@id\":\"https:\\\/\\\/spkeblowo.pl\\\/#\\\/schema\\\/logo\\\/image\\\/\",\"url\":\"https:\\\/\\\/spkeblowo.pl\\\/wp-content\\\/uploads\\\/2020\\\/03\\\/2-2.png\",\"contentUrl\":\"https:\\\/\\\/spkeblowo.pl\\\/wp-content\\\/uploads\\\/2020\\\/03\\\/2-2.png\",\"width\":1400,\"height\":350,\"caption\":\"Szko\u0142a Podstawowa im. Jana Paw\u0142a II w K\u0119b\u0142owie\"},\"image\":{\"@id\":\"https:\\\/\\\/spkeblowo.pl\\\/#\\\/schema\\\/logo\\\/image\\\/\"}}]}<\/script>\n<!-- \/ Yoast SEO plugin. -->","yoast_head_json":{"title":"CH\u00d3R SZKOLNY GIOIA - Szko\u0142a Podstawowa im. Jana Paw\u0142a II w K\u0119b\u0142owie","robots":{"index":"index","follow":"follow","max-snippet":"max-snippet:-1","max-image-preview":"max-image-preview:large","max-video-preview":"max-video-preview:-1"},"canonical":"https:\/\/spkeblowo.pl\/?page_id=4628","og_locale":"pl_PL","og_type":"article","og_title":"CH\u00d3R SZKOLNY GIOIA - Szko\u0142a Podstawowa im. Jana Paw\u0142a II w K\u0119b\u0142owie","og_description":"Ch\u00f3r Szkolny zosta\u0142 utworzony w 2017 roku z inicjatywy nauczycielki muzyki, animatora wielu dzia\u0142a\u0144 muzycznych na terenie gminy Luzino, Zofii &hellip;","og_url":"https:\/\/spkeblowo.pl\/?page_id=4628","og_site_name":"Szko\u0142a Podstawowa im. Jana Paw\u0142a II w K\u0119b\u0142owie","article_modified_time":"2025-10-28T07:34:09+00:00","og_image":[{"url":"https:\/\/spkeblowo.pl\/wp-content\/uploads\/2025\/09\/Chor-1024x768.jpg","type":"","width":"","height":""}],"twitter_card":"summary_large_image","twitter_misc":{"Szacowany czas czytania":"6 minut"},"schema":{"@context":"https:\/\/schema.org","@graph":[{"@type":"WebPage","@id":"https:\/\/spkeblowo.pl\/?page_id=4628","url":"https:\/\/spkeblowo.pl\/?page_id=4628","name":"CH\u00d3R SZKOLNY GIOIA - Szko\u0142a Podstawowa im. Jana Paw\u0142a II w K\u0119b\u0142owie","isPartOf":{"@id":"https:\/\/spkeblowo.pl\/#website"},"primaryImageOfPage":{"@id":"https:\/\/spkeblowo.pl\/?page_id=4628#primaryimage"},"image":{"@id":"https:\/\/spkeblowo.pl\/?page_id=4628#primaryimage"},"thumbnailUrl":"https:\/\/spkeblowo.pl\/wp-content\/uploads\/2025\/09\/Chor-1024x768.jpg","datePublished":"2023-10-23T07:05:30+00:00","dateModified":"2025-10-28T07:34:09+00:00","breadcrumb":{"@id":"https:\/\/spkeblowo.pl\/?page_id=4628#breadcrumb"},"inLanguage":"pl-PL","potentialAction":[{"@type":"ReadAction","target":["https:\/\/spkeblowo.pl\/?page_id=4628"]}]},{"@type":"ImageObject","inLanguage":"pl-PL","@id":"https:\/\/spkeblowo.pl\/?page_id=4628#primaryimage","url":"https:\/\/spkeblowo.pl\/wp-content\/uploads\/2025\/09\/Chor-scaled.jpg","contentUrl":"https:\/\/spkeblowo.pl\/wp-content\/uploads\/2025\/09\/Chor-scaled.jpg","width":2560,"height":1920,"caption":"Ch\u00f3r szkolny Gioia"},{"@type":"BreadcrumbList","@id":"https:\/\/spkeblowo.pl\/?page_id=4628#breadcrumb","itemListElement":[{"@type":"ListItem","position":1,"name":"Strona g\u0142\u00f3wna","item":"https:\/\/spkeblowo.pl\/"},{"@type":"ListItem","position":2,"name":"CH\u00d3R SZKOLNY GIOIA"}]},{"@type":"WebSite","@id":"https:\/\/spkeblowo.pl\/#website","url":"https:\/\/spkeblowo.pl\/","name":"Szko\u0142a Podstawowa im. Jana Paw\u0142a II w K\u0119b\u0142owie","description":"","publisher":{"@id":"https:\/\/spkeblowo.pl\/#organization"},"potentialAction":[{"@type":"SearchAction","target":{"@type":"EntryPoint","urlTemplate":"https:\/\/spkeblowo.pl\/?s={search_term_string}"},"query-input":{"@type":"PropertyValueSpecification","valueRequired":true,"valueName":"search_term_string"}}],"inLanguage":"pl-PL"},{"@type":"Organization","@id":"https:\/\/spkeblowo.pl\/#organization","name":"Szko\u0142a Podstawowa im. Jana Paw\u0142a II w K\u0119b\u0142owie","url":"https:\/\/spkeblowo.pl\/","logo":{"@type":"ImageObject","inLanguage":"pl-PL","@id":"https:\/\/spkeblowo.pl\/#\/schema\/logo\/image\/","url":"https:\/\/spkeblowo.pl\/wp-content\/uploads\/2020\/03\/2-2.png","contentUrl":"https:\/\/spkeblowo.pl\/wp-content\/uploads\/2020\/03\/2-2.png","width":1400,"height":350,"caption":"Szko\u0142a Podstawowa im. Jana Paw\u0142a II w K\u0119b\u0142owie"},"image":{"@id":"https:\/\/spkeblowo.pl\/#\/schema\/logo\/image\/"}}]}},"_links":{"self":[{"href":"https:\/\/spkeblowo.pl\/index.php?rest_route=\/wp\/v2\/pages\/4628","targetHints":{"allow":["GET"]}}],"collection":[{"href":"https:\/\/spkeblowo.pl\/index.php?rest_route=\/wp\/v2\/pages"}],"about":[{"href":"https:\/\/spkeblowo.pl\/index.php?rest_route=\/wp\/v2\/types\/page"}],"author":[{"embeddable":true,"href":"https:\/\/spkeblowo.pl\/index.php?rest_route=\/wp\/v2\/users\/1"}],"replies":[{"embeddable":true,"href":"https:\/\/spkeblowo.pl\/index.php?rest_route=%2Fwp%2Fv2%2Fcomments&post=4628"}],"version-history":[{"count":13,"href":"https:\/\/spkeblowo.pl\/index.php?rest_route=\/wp\/v2\/pages\/4628\/revisions"}],"predecessor-version":[{"id":9419,"href":"https:\/\/spkeblowo.pl\/index.php?rest_route=\/wp\/v2\/pages\/4628\/revisions\/9419"}],"wp:attachment":[{"href":"https:\/\/spkeblowo.pl\/index.php?rest_route=%2Fwp%2Fv2%2Fmedia&parent=4628"}],"curies":[{"name":"wp","href":"https:\/\/api.w.org\/{rel}","templated":true}]}}