{"id":3721,"date":"2022-11-07T10:13:49","date_gmt":"2022-11-07T08:13:49","guid":{"rendered":"http:\/\/spkeblowo.strefa.pl\/wordpress\/?page_id=3721"},"modified":"2025-04-03T08:13:23","modified_gmt":"2025-04-03T06:13:23","slug":"egzamin-osmoklasisty","status":"publish","type":"page","link":"https:\/\/spkeblowo.pl\/?page_id=3721","title":{"rendered":"Egzamin \u00f3smoklasisty"},"content":{"rendered":"<p style=\"text-align: right;\"><strong><span style=\"font-size: 10pt;\">aktualizacja: stycze\u0144 2025 r.<\/span><\/strong><\/p>\n<p>&nbsp;<\/p>\n<p>Informatory o egzaminie (strona CKE):<\/p>\n<p><a href=\"https:\/\/bip.cke.gov.pl\/artykul\/214\/1652\/egzamin-osmoklasisty\">https:\/\/bip.cke.gov.pl\/artykul\/214\/1652\/egzamin-osmoklasisty<\/a><\/p>\n<p><strong><u><br \/>\n<\/u> <span style=\"color: #ff0000;\">Egzamin jest obowi\u0105zkowy, co oznacza, \u017ce ka\u017cdy ucze\u0144 klasy 8 musi do niego przyst\u0105pi\u0107, aby uko\u0144czy\u0107 szko\u0142\u0119.<\/span><\/strong><\/p>\n<p>\u2022 Egzamin ma form\u0119 pisemn\u0105.<br \/>\n\u2022 Egzamin sk\u0142ada si\u0119 z trzech przedmiot\u00f3w: <strong>j\u0119zyka polskiego, matematyki i j\u0119zyka obcego nowo\u017cytnego.<\/strong><br \/>\n\u2022 Egzamin jest przeprowadzany przez trzy kolejne dni w maju 2025 roku.<\/p>\n<p><strong>Termin g\u0142\u00f3wny:<\/strong><\/p>\n<ol>\n<li>j\u0119zyk polski \u2013 <strong>13 maja 2025 r. (wtorek)<\/strong> \u2013 godz. 9:00, 150 minut<br \/>\n(przed\u0142u\u017cenie do 180 minut)<\/li>\n<li>matematyka \u2013 <strong>14 maja 2025 r. (\u015broda) <\/strong>\u2013 godz. 9:00, 125 minut<br \/>\n(przed\u0142u\u017cenie do 150 minut)<\/li>\n<li>j\u0119zyk obcy nowo\u017cytny \u2013<strong>15 maja 2025 r. (czwartek) <\/strong>\u2013 godz. 9:00, 110 minut (przed\u0142u\u017cenie do 135 minut)<\/li>\n<\/ol>\n<p><strong>Termin dodatkowy:<\/strong><\/p>\n<p>Termin dodatkowy egzaminu przewidziany jest dla ucznia, kt\u00f3ry nie przyst\u0105pi\u0142 do egzaminu w terminie g\u0142\u00f3wnym z przyczyn losowych lub zdrowotnych.<\/p>\n<ol>\n<li>J\u0119zyk polski \u201310 czerwca 2025 r. (wtorek) \u2013 godz. 9:00<\/li>\n<li>Matematyka \u201311 czerwca 2025 r. (\u015broda) \u2013 godz. 9:00<\/li>\n<li>J\u0119zyk obcy nowo\u017cytny \u201312 czerwca 2025 r. (czwartek) \u2013 godz. 9:00<\/li>\n<\/ol>\n<p>&nbsp;<\/p>\n","protected":false},"excerpt":{"rendered":"<p>aktualizacja: stycze\u0144 2025 r. &nbsp; Informatory o egzaminie (strona CKE): https:\/\/bip.cke.gov.pl\/artykul\/214\/1652\/egzamin-osmoklasisty Egzamin jest obowi\u0105zkowy, co oznacza, \u017ce ka\u017cdy ucze\u0144 klasy &hellip; <\/p>\n","protected":false},"author":1,"featured_media":0,"parent":0,"menu_order":0,"comment_status":"closed","ping_status":"closed","template":"","meta":{"footnotes":""},"class_list":["post-3721","page","type-page","status-publish","hentry"],"yoast_head":"<!-- This site is optimized with the Yoast SEO plugin v27.4 - https:\/\/yoast.com\/product\/yoast-seo-wordpress\/ -->\n<title>Egzamin \u00f3smoklasisty - Szko\u0142a Podstawowa im. Jana Paw\u0142a II w K\u0119b\u0142owie<\/title>\n<meta name=\"robots\" content=\"index, follow, max-snippet:-1, max-image-preview:large, max-video-preview:-1\" \/>\n<link rel=\"canonical\" href=\"https:\/\/spkeblowo.pl\/?page_id=3721\" \/>\n<meta property=\"og:locale\" content=\"pl_PL\" \/>\n<meta property=\"og:type\" content=\"article\" \/>\n<meta property=\"og:title\" content=\"Egzamin \u00f3smoklasisty - Szko\u0142a Podstawowa im. Jana Paw\u0142a II w K\u0119b\u0142owie\" \/>\n<meta property=\"og:description\" content=\"aktualizacja: stycze\u0144 2025 r. &nbsp; Informatory o egzaminie (strona CKE): https:\/\/bip.cke.gov.pl\/artykul\/214\/1652\/egzamin-osmoklasisty Egzamin jest obowi\u0105zkowy, co oznacza, \u017ce ka\u017cdy ucze\u0144 klasy &hellip;\" \/>\n<meta property=\"og:url\" content=\"https:\/\/spkeblowo.pl\/?page_id=3721\" \/>\n<meta property=\"og:site_name\" content=\"Szko\u0142a Podstawowa im. Jana Paw\u0142a II w K\u0119b\u0142owie\" \/>\n<meta property=\"article:modified_time\" content=\"2025-04-03T06:13:23+00:00\" \/>\n<meta name=\"twitter:card\" content=\"summary_large_image\" \/>\n<meta name=\"twitter:label1\" content=\"Szacowany czas czytania\" \/>\n\t<meta name=\"twitter:data1\" content=\"1 minuta\" \/>\n<script type=\"application\/ld+json\" class=\"yoast-schema-graph\">{\"@context\":\"https:\\\/\\\/schema.org\",\"@graph\":[{\"@type\":\"WebPage\",\"@id\":\"https:\\\/\\\/spkeblowo.pl\\\/?page_id=3721\",\"url\":\"https:\\\/\\\/spkeblowo.pl\\\/?page_id=3721\",\"name\":\"Egzamin \u00f3smoklasisty - Szko\u0142a Podstawowa im. Jana Paw\u0142a II w K\u0119b\u0142owie\",\"isPartOf\":{\"@id\":\"https:\\\/\\\/spkeblowo.pl\\\/#website\"},\"datePublished\":\"2022-11-07T08:13:49+00:00\",\"dateModified\":\"2025-04-03T06:13:23+00:00\",\"breadcrumb\":{\"@id\":\"https:\\\/\\\/spkeblowo.pl\\\/?page_id=3721#breadcrumb\"},\"inLanguage\":\"pl-PL\",\"potentialAction\":[{\"@type\":\"ReadAction\",\"target\":[\"https:\\\/\\\/spkeblowo.pl\\\/?page_id=3721\"]}]},{\"@type\":\"BreadcrumbList\",\"@id\":\"https:\\\/\\\/spkeblowo.pl\\\/?page_id=3721#breadcrumb\",\"itemListElement\":[{\"@type\":\"ListItem\",\"position\":1,\"name\":\"Strona g\u0142\u00f3wna\",\"item\":\"https:\\\/\\\/spkeblowo.pl\\\/\"},{\"@type\":\"ListItem\",\"position\":2,\"name\":\"Egzamin \u00f3smoklasisty\"}]},{\"@type\":\"WebSite\",\"@id\":\"https:\\\/\\\/spkeblowo.pl\\\/#website\",\"url\":\"https:\\\/\\\/spkeblowo.pl\\\/\",\"name\":\"Szko\u0142a Podstawowa im. Jana Paw\u0142a II w K\u0119b\u0142owie\",\"description\":\"\",\"publisher\":{\"@id\":\"https:\\\/\\\/spkeblowo.pl\\\/#organization\"},\"potentialAction\":[{\"@type\":\"SearchAction\",\"target\":{\"@type\":\"EntryPoint\",\"urlTemplate\":\"https:\\\/\\\/spkeblowo.pl\\\/?s={search_term_string}\"},\"query-input\":{\"@type\":\"PropertyValueSpecification\",\"valueRequired\":true,\"valueName\":\"search_term_string\"}}],\"inLanguage\":\"pl-PL\"},{\"@type\":\"Organization\",\"@id\":\"https:\\\/\\\/spkeblowo.pl\\\/#organization\",\"name\":\"Szko\u0142a Podstawowa im. Jana Paw\u0142a II w K\u0119b\u0142owie\",\"url\":\"https:\\\/\\\/spkeblowo.pl\\\/\",\"logo\":{\"@type\":\"ImageObject\",\"inLanguage\":\"pl-PL\",\"@id\":\"https:\\\/\\\/spkeblowo.pl\\\/#\\\/schema\\\/logo\\\/image\\\/\",\"url\":\"https:\\\/\\\/spkeblowo.pl\\\/wp-content\\\/uploads\\\/2020\\\/03\\\/2-2.png\",\"contentUrl\":\"https:\\\/\\\/spkeblowo.pl\\\/wp-content\\\/uploads\\\/2020\\\/03\\\/2-2.png\",\"width\":1400,\"height\":350,\"caption\":\"Szko\u0142a Podstawowa im. Jana Paw\u0142a II w K\u0119b\u0142owie\"},\"image\":{\"@id\":\"https:\\\/\\\/spkeblowo.pl\\\/#\\\/schema\\\/logo\\\/image\\\/\"}}]}<\/script>\n<!-- \/ Yoast SEO plugin. -->","yoast_head_json":{"title":"Egzamin \u00f3smoklasisty - Szko\u0142a Podstawowa im. Jana Paw\u0142a II w K\u0119b\u0142owie","robots":{"index":"index","follow":"follow","max-snippet":"max-snippet:-1","max-image-preview":"max-image-preview:large","max-video-preview":"max-video-preview:-1"},"canonical":"https:\/\/spkeblowo.pl\/?page_id=3721","og_locale":"pl_PL","og_type":"article","og_title":"Egzamin \u00f3smoklasisty - Szko\u0142a Podstawowa im. Jana Paw\u0142a II w K\u0119b\u0142owie","og_description":"aktualizacja: stycze\u0144 2025 r. &nbsp; Informatory o egzaminie (strona CKE): https:\/\/bip.cke.gov.pl\/artykul\/214\/1652\/egzamin-osmoklasisty Egzamin jest obowi\u0105zkowy, co oznacza, \u017ce ka\u017cdy ucze\u0144 klasy &hellip;","og_url":"https:\/\/spkeblowo.pl\/?page_id=3721","og_site_name":"Szko\u0142a Podstawowa im. Jana Paw\u0142a II w K\u0119b\u0142owie","article_modified_time":"2025-04-03T06:13:23+00:00","twitter_card":"summary_large_image","twitter_misc":{"Szacowany czas czytania":"1 minuta"},"schema":{"@context":"https:\/\/schema.org","@graph":[{"@type":"WebPage","@id":"https:\/\/spkeblowo.pl\/?page_id=3721","url":"https:\/\/spkeblowo.pl\/?page_id=3721","name":"Egzamin \u00f3smoklasisty - Szko\u0142a Podstawowa im. Jana Paw\u0142a II w K\u0119b\u0142owie","isPartOf":{"@id":"https:\/\/spkeblowo.pl\/#website"},"datePublished":"2022-11-07T08:13:49+00:00","dateModified":"2025-04-03T06:13:23+00:00","breadcrumb":{"@id":"https:\/\/spkeblowo.pl\/?page_id=3721#breadcrumb"},"inLanguage":"pl-PL","potentialAction":[{"@type":"ReadAction","target":["https:\/\/spkeblowo.pl\/?page_id=3721"]}]},{"@type":"BreadcrumbList","@id":"https:\/\/spkeblowo.pl\/?page_id=3721#breadcrumb","itemListElement":[{"@type":"ListItem","position":1,"name":"Strona g\u0142\u00f3wna","item":"https:\/\/spkeblowo.pl\/"},{"@type":"ListItem","position":2,"name":"Egzamin \u00f3smoklasisty"}]},{"@type":"WebSite","@id":"https:\/\/spkeblowo.pl\/#website","url":"https:\/\/spkeblowo.pl\/","name":"Szko\u0142a Podstawowa im. Jana Paw\u0142a II w K\u0119b\u0142owie","description":"","publisher":{"@id":"https:\/\/spkeblowo.pl\/#organization"},"potentialAction":[{"@type":"SearchAction","target":{"@type":"EntryPoint","urlTemplate":"https:\/\/spkeblowo.pl\/?s={search_term_string}"},"query-input":{"@type":"PropertyValueSpecification","valueRequired":true,"valueName":"search_term_string"}}],"inLanguage":"pl-PL"},{"@type":"Organization","@id":"https:\/\/spkeblowo.pl\/#organization","name":"Szko\u0142a Podstawowa im. Jana Paw\u0142a II w K\u0119b\u0142owie","url":"https:\/\/spkeblowo.pl\/","logo":{"@type":"ImageObject","inLanguage":"pl-PL","@id":"https:\/\/spkeblowo.pl\/#\/schema\/logo\/image\/","url":"https:\/\/spkeblowo.pl\/wp-content\/uploads\/2020\/03\/2-2.png","contentUrl":"https:\/\/spkeblowo.pl\/wp-content\/uploads\/2020\/03\/2-2.png","width":1400,"height":350,"caption":"Szko\u0142a Podstawowa im. Jana Paw\u0142a II w K\u0119b\u0142owie"},"image":{"@id":"https:\/\/spkeblowo.pl\/#\/schema\/logo\/image\/"}}]}},"_links":{"self":[{"href":"https:\/\/spkeblowo.pl\/index.php?rest_route=\/wp\/v2\/pages\/3721","targetHints":{"allow":["GET"]}}],"collection":[{"href":"https:\/\/spkeblowo.pl\/index.php?rest_route=\/wp\/v2\/pages"}],"about":[{"href":"https:\/\/spkeblowo.pl\/index.php?rest_route=\/wp\/v2\/types\/page"}],"author":[{"embeddable":true,"href":"https:\/\/spkeblowo.pl\/index.php?rest_route=\/wp\/v2\/users\/1"}],"replies":[{"embeddable":true,"href":"https:\/\/spkeblowo.pl\/index.php?rest_route=%2Fwp%2Fv2%2Fcomments&post=3721"}],"version-history":[{"count":10,"href":"https:\/\/spkeblowo.pl\/index.php?rest_route=\/wp\/v2\/pages\/3721\/revisions"}],"predecessor-version":[{"id":8769,"href":"https:\/\/spkeblowo.pl\/index.php?rest_route=\/wp\/v2\/pages\/3721\/revisions\/8769"}],"wp:attachment":[{"href":"https:\/\/spkeblowo.pl\/index.php?rest_route=%2Fwp%2Fv2%2Fmedia&parent=3721"}],"curies":[{"name":"wp","href":"https:\/\/api.w.org\/{rel}","templated":true}]}}