{"id":301,"date":"2020-03-10T22:18:48","date_gmt":"2020-03-10T22:18:48","guid":{"rendered":"http:\/\/spkeblowo.strefa.pl\/wordpress\/?page_id=301"},"modified":"2024-10-17T09:21:12","modified_gmt":"2024-10-17T07:21:12","slug":"wymagania-edukacyjne","status":"publish","type":"page","link":"https:\/\/spkeblowo.pl\/?page_id=301","title":{"rendered":"Wymagania edukacyjne"},"content":{"rendered":"<p><a href=\"https:\/\/spkeblowo.pl\/wp-content\/uploads\/2024\/09\/PRZEDMIOTOWE-OCENIANIE-poprawki-05.09.24r.-1.doc\">PRZEDMIOTOWE-OCENIANIE-poprawki-05.09.24r.<\/a><\/p>\r\n\r\n<h2><span style=\"color: #0000ff;\">Klasy I-III<\/span><\/h2>\r\n<div><a href=\"https:\/\/spkeblowo.pl\/wp-content\/uploads\/2024\/10\/edukacja-wczesnoszkolna-PO.pdf\">edukacja wczesnoszkolna &#8211; PO<\/a><\/div>\r\n<div><a href=\"https:\/\/spkeblowo.pl\/wp-content\/uploads\/2024\/10\/edukacja-informatyczna-1-3-PO.pdf\">edukacja informatyczna-1-3 &#8211; PO<\/a><\/div>\r\n<h3>J\u0119zyk angielski:<\/h3>\r\n<div><a href=\"https:\/\/spkeblowo.pl\/wp-content\/uploads\/2024\/10\/j.-angielski-1-3-PO.pdf\">j. angielski 1 &#8211; 3 &#8211; PO<\/a><\/div>\r\n<h3>Religia:<\/h3>\r\n<div><a href=\"https:\/\/spkeblowo.pl\/wp-content\/uploads\/2024\/10\/religia-PO.pdf\">religia &#8211; PO<\/a><\/div>\r\n<div>\r\n<h3>J\u0119zyk kaszubski:<\/h3>\r\n<div><a href=\"https:\/\/spkeblowo.pl\/wp-content\/uploads\/2022\/09\/Ocenianie-jezyk-kaszubski.docx\">Klasa 1-8 &#8211; wymagania na poszczeg\u00f3lne oceny<\/a><\/div>\r\n<div>\u00a0<\/div>\r\n<\/div>\r\n<h2><span style=\"color: #0000ff;\">Klasy IV-VIII<\/span><\/h2>\r\n<h3>Matematyka:<\/h3>\r\n<div><a href=\"https:\/\/spkeblowo.pl\/wp-content\/uploads\/2024\/10\/matematyka-PO.pdf\">matematyka -PO<\/a><\/div>\r\n<div>\u00a0<\/div>\r\n<div><a href=\"https:\/\/spkeblowo.pl\/wp-content\/uploads\/2022\/09\/kl.4.wymagania-na-poszczegolne-oceny-z-matematyki.docx\">Klasa 4 &#8211; wymagania na poszczeg\u00f3ln\u0105 ocen\u0119<\/a><\/div>\r\n<div><a href=\"https:\/\/spkeblowo.pl\/wp-content\/uploads\/2022\/09\/kl.5.wymagania-na-poszczegolne-oceny-z-matematyki.docx\">Klasa 5 &#8211; wymagania na poszczeg\u00f3ln\u0105 ocen\u0119<\/a><\/div>\r\n<div><a href=\"https:\/\/spkeblowo.pl\/wp-content\/uploads\/2022\/09\/kl.6.wymagania-na-poszczegolne-oceny-z-matematyki.docx\">Klasa 6 &#8211; wymagania na poszczeg\u00f3ln\u0105 ocen\u0119<\/a>\u00a0<\/div>\r\n<div><a href=\"https:\/\/spkeblowo.pl\/wp-content\/uploads\/2022\/09\/kl.7.wymagania-na-poszczegolne-oceny-z-matematyki.docx\">Klasa 7 &#8211; wymagania na poszczeg\u00f3ln\u0105 ocen\u0119<\/a>\u00a0<\/div>\r\n<div><a href=\"https:\/\/spkeblowo.pl\/wp-content\/uploads\/2022\/09\/kl.8.wymagania-na-poszczegolne-oceny-z-matematyki.docx\">Klasa 8 &#8211; wymagania na poszczeg\u00f3ln\u0105 ocen\u0119<\/a>\u00a0<\/div>\r\n\r\n\r\n\r\n<div>\u00a0<\/div>\r\n\r\n\r\n\r\n<h3>J\u0119zyk polski:<\/h3>\r\n\r\n\r\n\r\n<div><a href=\"https:\/\/spkeblowo.pl\/wp-content\/uploads\/2024\/10\/jezyk-polski-PO.pdf\">j\u0119zyk polski &#8211; PO<\/a><\/div>\r\n<div>\u00a0<\/div>\r\n<div><a href=\"https:\/\/spkeblowo.pl\/wp-content\/uploads\/2022\/09\/przedmiotowe-ocenianie-szczegolowe-wymagania.docx\">Klasy 4-8 &#8211; wymagania na poszczeg\u00f3lne oceny<\/a><\/div>\r\n<div>\u00a0<\/div>\r\n<h3>J\u0119zyk angielski:<\/h3>\r\n<p><a href=\"https:\/\/spkeblowo.pl\/wp-content\/uploads\/2024\/10\/j.-angielski-4-8-PO.pdf\">j. angielski 4 -8 &#8211; PO<\/a><\/p>\r\n\r\n\r\n\r\n<div><a href=\"https:\/\/spkeblowo.pl\/wp-content\/uploads\/2024\/08\/Brainy_kl4_kryteria_oceniania_PP_24-25.doc\">Brainy kl4 kryteria oceniania<\/a><\/div>\r\n\r\n\r\n\r\n<div><a href=\"https:\/\/spkeblowo.pl\/wp-content\/uploads\/2024\/08\/Brainy_kl5_kryteria_oceniania_PP_24-25.doc\">Brainy kl5 kryteria oceniania<\/a><\/div>\r\n<div><a href=\"https:\/\/spkeblowo.pl\/wp-content\/uploads\/2024\/08\/Brainy_kl6_kryteria_oceniania_PP_24-25.doc\">Brainy kl6 kryteria oceniania<\/a><\/div>\r\n<div><a href=\"https:\/\/spkeblowo.pl\/wp-content\/uploads\/2024\/08\/Brainy_kl7_kryteria_oceniania_PP_24-25.doc\">Brainy kl7 kryteria oceniania<\/a><\/div>\r\n<div><a href=\"https:\/\/spkeblowo.pl\/wp-content\/uploads\/2024\/08\/Brainy_kl8_kryteria_oceniania_PP_24-25.doc\">Brainy kl8 kryteria oceniania<\/a><\/div>\r\n<h3>J\u0119zyk niemiecki:<\/h3>\r\n<div><a href=\"https:\/\/spkeblowo.pl\/wp-content\/uploads\/2024\/10\/jezyk-niemiecki-PO.pdf\">j\u0119zyk niemiecki &#8211; PO<\/a><\/div>\r\n<h3>Przyroda:<\/h3>\r\n<div><a href=\"https:\/\/spkeblowo.pl\/wp-content\/uploads\/2024\/10\/przyroda-geografia-PO.pdf\">przyroda, geografia &#8211; PO<\/a><\/div>\r\n<div><a href=\"https:\/\/spkeblowo.pl\/wp-content\/uploads\/2020\/03\/Przyroda.pdf\">Klasa 4 &#8211; wymagania na poszczeg\u00f3ln\u0105 ocen\u0119<\/a><\/div>\r\n<div>\u00a0<\/div>\r\n<h3>Geografia:<\/h3>\r\n<p><a href=\"https:\/\/spkeblowo.pl\/wp-content\/uploads\/2024\/10\/przyroda-geografia-PO.pdf\">przyroda, geografia &#8211; PO<\/a><\/p>\r\n<div>\r\n<div><a href=\"https:\/\/spkeblowo.pl\/wp-content\/uploads\/2020\/03\/Geo5.pdf\">Klasa 5 &#8211; wymagania na poszczeg\u00f3ln\u0105 ocen\u0119<\/a><\/div>\r\n<div><a href=\"https:\/\/spkeblowo.pl\/wp-content\/uploads\/2020\/03\/Geo6.pdf\">Klasa 6 &#8211; wymagania na poszczeg\u00f3ln\u0105 ocen\u0119<\/a><\/div>\r\n<div><a href=\"https:\/\/spkeblowo.pl\/wp-content\/uploads\/2022\/09\/wymagania-edukacyjne-z-geografii-dla-klasy-7-planeta-nowa-7-edycja-2020-2022.odt\">Klasa 7 &#8211; wymagania na poszczeg\u00f3ln\u0105 ocen\u0119<\/a><\/div>\r\n<\/div>\r\n\r\n\r\n\r\n<div>\u00a0<\/div>\r\n<h3>Biologia:<\/h3>\r\n<p><a href=\"https:\/\/spkeblowo.pl\/wp-content\/uploads\/2024\/10\/biologia-chemia-PO.pdf\">biologia, chemia -PO<\/a><\/p>\r\n<div><a href=\"https:\/\/spkeblowo.pl\/wp-content\/uploads\/2022\/09\/wymagania-edukacyjne-z-biologii-dla-klasy-5.docx\">Klasa 5 &#8211; wymagania na poszczeg\u00f3ln\u0105 ocen\u0119<\/a><\/div>\r\n<div><a href=\"https:\/\/spkeblowo.pl\/wp-content\/uploads\/2022\/09\/wymagania-edukacyjne-z-biologii-klasa-6.docx\">Klasa 6 &#8211; wymagania na poszczeg\u00f3ln\u0105 ocen\u0119<\/a>\u00a0<\/div>\r\n<div><a href=\"https:\/\/spkeblowo.pl\/wp-content\/uploads\/2022\/09\/wymagania-edukacyjne-z-biologii-dla-klasy-7-nowa-edycja.docx\">Klasa 7 &#8211; wymagania na poszczeg\u00f3ln\u0105 ocen\u0119<\/a>\u00a0<\/div>\r\n<div><a href=\"https:\/\/spkeblowo.pl\/wp-content\/uploads\/2023\/11\/wymagania-edukacyjne-z-biologii-kl.8.doc\">wymagania edukacyjne z biologii kl.8<\/a><\/div>\r\n<h3>Chemia:<\/h3>\r\n<p><a href=\"https:\/\/spkeblowo.pl\/wp-content\/uploads\/2024\/10\/biologia-chemia-PO.pdf\">biologia, chemia -PO<\/a><\/p>\r\n<div><a href=\"https:\/\/spkeblowo.pl\/wp-content\/uploads\/2022\/09\/wymagania-programowe-z-chemii-klasa-7.doc\">Klasa 7 &#8211; wymagania na poszczeg\u00f3ln\u0105 ocen\u0119<\/a><\/div>\r\n<div><a href=\"https:\/\/spkeblowo.pl\/wp-content\/uploads\/2023\/11\/wymagania-edukacyjne-z-chemii-kl.8.doc\">wymagania edukacyjne z chemii kl.8<\/a><\/div>\r\n<h3>Fizyka:<\/h3>\r\n<p><a href=\"https:\/\/spkeblowo.pl\/wp-content\/uploads\/2024\/10\/fizyka-7-PO.pdf\">fizyka 7 &#8211; PO<\/a><\/p>\r\n<p><a href=\"https:\/\/spkeblowo.pl\/wp-content\/uploads\/2024\/10\/fizyka-8-PO.pdf\">fizyka 8 -PO<\/a><\/p>\r\n<h3>Historia:<\/h3>\r\n<p><a href=\"https:\/\/spkeblowo.pl\/wp-content\/uploads\/2024\/10\/historia-PO.pdf\">historia &#8211; PO<\/a><\/p>\r\n<div>\r\n<div><a href=\"https:\/\/spkeblowo.pl\/wp-content\/uploads\/2020\/03\/Historia4.pdf\">Klasa 4 &#8211; wymagania na poszczeg\u00f3ln\u0105 ocen\u0119<\/a><\/div>\r\n<div><a href=\"https:\/\/spkeblowo.pl\/wp-content\/uploads\/2020\/03\/Historia5.pdf\">Klasa 5 &#8211; wymagania na poszczeg\u00f3ln\u0105 ocen\u0119<\/a><\/div>\r\n<div><a href=\"https:\/\/spkeblowo.pl\/wp-content\/uploads\/2020\/03\/Historia6.pdf\">Klasa 6 &#8211; wymagania na poszczeg\u00f3ln\u0105 ocen\u0119<\/a><\/div>\r\n<div><a href=\"https:\/\/spkeblowo.pl\/wp-content\/uploads\/2021\/08\/wymagania-edukacyjne-na-oceny-kl-7-doc.pdf\">Klasa 7 &#8211; wymagania na poszczeg\u00f3ln\u0105 ocen\u0119<\/a><\/div>\r\n<div><a href=\"https:\/\/spkeblowo.pl\/wp-content\/uploads\/2022\/09\/wymagania-edukacyjne-na-oceny-kl-8-doc-Historia.pdf\">Klasa 8 &#8211; wymagania na poszczeg\u00f3ln\u0105 ocen\u0119<\/a><\/div>\r\n<\/div>\r\n<h3>Wiedza o spo\u0142ecze\u0144stwie:<\/h3>\r\n<div><a href=\"https:\/\/spkeblowo.pl\/wp-content\/uploads\/2024\/10\/WOS-PO.pdf\">WOS -PO<\/a><br \/><a href=\"https:\/\/spkeblowo.pl\/wp-content\/uploads\/2022\/09\/Wymagania-na-poszczegolne-oceny-WOS-kl.-8.pdf\">Klasa 8 &#8211; wymagania na poszczeg\u00f3ln\u0105 ocen\u0119<\/a><\/div>\r\n<h3>Informatyka:\u00a0<\/h3>\r\n<p><a href=\"https:\/\/spkeblowo.pl\/wp-content\/uploads\/2024\/10\/informatyka-4-8-PO.pdf\">informatyka 4 -8 &#8211; PO<\/a><\/p>\r\n<div><a href=\"https:\/\/spkeblowo.pl\/wp-content\/uploads\/2020\/03\/Informatyka.pdf\">Klasy 4-6 &#8211; wymagania na poszczeg\u00f3lne oceny<\/a><\/div>\r\n<div><a href=\"https:\/\/spkeblowo.pl\/wp-content\/uploads\/2022\/09\/wymagania-edukacyjne-klasa-7-informatyka.odt\">Klasa 7 &#8211; wymagania edukacyjne<\/a><\/div>\r\n<div><a href=\"https:\/\/spkeblowo.pl\/wp-content\/uploads\/2024\/02\/wymagania-edukacyjne-inf.-kl.8.rtf\">Klasy 8 &#8211; wymagania edukacyjne<\/a><\/div>\r\n<div>\u00a0<\/div>\r\n<h3>Edukacja dla bezpiecze\u0144stwa:<\/h3>\r\n<div><a href=\"https:\/\/spkeblowo.pl\/wp-content\/uploads\/2024\/10\/EDB-PO.pdf\">EDB &#8211; PO<\/a><br \/><a href=\"https:\/\/spkeblowo.pl\/wp-content\/uploads\/2022\/09\/edb-wymagania.pdf\">Klasa 8 &#8211; wymagania na poszczeg\u00f3ln\u0105 ocen\u0119<\/a><\/div>\r\n<div>\u00a0<\/div>\r\n<h3>Plastyka:<\/h3>\r\n<p><a href=\"https:\/\/spkeblowo.pl\/wp-content\/uploads\/2024\/10\/plastyka-PO.pdf\">plastyka &#8211; PO<\/a><\/p>\r\n<div><a href=\"https:\/\/spkeblowo.pl\/wp-content\/uploads\/2020\/03\/Plast-1.pdf\">Klasy 4-7 &#8211; wymagania na poszczeg\u00f3lne oceny<\/a><\/div>\r\n<div><a href=\"https:\/\/spkeblowo.pl\/wp-content\/uploads\/2023\/11\/wymagania_edu_plastyka_kl_7.pdf\">wymagania_edu_plastyka_kl_7<\/a><\/div>\r\n<div>\u00a0<\/div>\r\n<h3>Technika:<\/h3>\r\n<p><a href=\"https:\/\/spkeblowo.pl\/wp-content\/uploads\/2024\/10\/technika-PO.pdf\">technika -PO<\/a><\/p>\r\n<div><a href=\"https:\/\/spkeblowo.pl\/wp-content\/uploads\/2020\/03\/technika.pdf\">Klasy 4-6 &#8211; wymagania na poszczeg\u00f3lne oceny<\/a><\/div>\r\n<div>\u00a0<\/div>\r\n<h3>Wychowanie fizyczne:<\/h3>\r\n<p><a href=\"https:\/\/spkeblowo.pl\/wp-content\/uploads\/2024\/10\/w-f-PO.pdf\">w-f &#8211; PO<\/a><\/p>\r\n<div><a href=\"https:\/\/spkeblowo.pl\/wp-content\/uploads\/2020\/03\/wf.pdf\">Klasy 4-6 &#8211; wymagania na poszczeg\u00f3lne oceny<\/a><\/div>\r\n<div><a href=\"https:\/\/spkeblowo.pl\/wp-content\/uploads\/2023\/11\/Kryteria-wymagan-przedmiotowe-ocenianie-wf-2023-4.docx\">Kryteria wymaga\u0144, przedmiotowe ocenianie wf 2023-4<\/a><\/div>\r\n<div>\u00a0<\/div>\r\n<h3>Religia:<\/h3>\r\n<p><a href=\"https:\/\/spkeblowo.pl\/wp-content\/uploads\/2024\/10\/religia-PO.pdf\">religia &#8211; PO<\/a><\/p>\r\n<div><a href=\"https:\/\/spkeblowo.pl\/wp-content\/uploads\/2023\/11\/System_oceniania_Klasa_4_SP-2023-24.doc\">Klasa 4\u00a0<\/a><a href=\"https:\/\/spkeblowo.pl\/wp-content\/uploads\/2023\/11\/System_oceniania_Klasa_4_SP-2023-24.doc\">System oceniania<\/a><\/div>\r\n<div><a href=\"https:\/\/spkeblowo.pl\/wp-content\/uploads\/2022\/09\/System-oceniania-religia-kl-V.doc\">Klasa 5 &#8211; wymagania na poszczeg\u00f3ln\u0105 ocen\u0119<\/a><\/div>\r\n<div><a href=\"https:\/\/spkeblowo.pl\/wp-content\/uploads\/2022\/09\/System-oceniania-religia-kl-VI.doc\">Klasa 6 &#8211; wymagania na poszczeg\u00f3ln\u0105 ocen\u0119<\/a><\/div>\r\n<div><a href=\"https:\/\/spkeblowo.pl\/wp-content\/uploads\/2022\/09\/System-oceniania-religia-kl-VII.doc\">Klasa 7 &#8211; wymagania na poszczeg\u00f3ln\u0105 ocen\u0119<\/a><\/div>\r\n<div><a href=\"https:\/\/spkeblowo.pl\/wp-content\/uploads\/2023\/11\/System_oceniania_Klasa_8_SP-2023-24.doc\">Klasa 8\u00a0<\/a><a href=\"https:\/\/spkeblowo.pl\/wp-content\/uploads\/2023\/11\/System_oceniania_Klasa_8_SP-2023-24.doc\">System_oceniania<\/a><\/div>\r\n<div>\u00a0<\/div>\r\n<h3>J\u0119zyk kaszubski:<\/h3>\r\n<p><a href=\"https:\/\/spkeblowo.pl\/wp-content\/uploads\/2024\/10\/Ocenianie-jezyk-kaszubski.pdf\">Jezyk-kaszubski_PO<\/a><\/p>\r\n<h3>Historia Kaszub:<\/h3>\r\n\r\n\r\n\r\n\r\n\r\n\r\n\r\n\r\n\r\n<div><a href=\"https:\/\/spkeblowo.pl\/wp-content\/uploads\/2024\/10\/historia-Kaszub-PO.pdf\">historia Kaszub &#8211; PO<\/a><br \/><a href=\"https:\/\/spkeblowo.pl\/wp-content\/uploads\/2020\/03\/HistoriaKaszub.pdf\">Klasa 4-8 &#8211; wymagania na poszczeg\u00f3lne oceny<\/a><\/div>\r\n\r\n\r\n\r\n<div class=\"wp-block-file\">\u00a0<\/div>\r\n\r\n\r\n\r\n<div class=\"wp-block-file\">\u00a0<\/div>\r\n\r\n\r\n\r\n\r\n\r\n\r\n","protected":false},"excerpt":{"rendered":"<p>PRZEDMIOTOWE-OCENIANIE-poprawki-05.09.24r.<\/p>\n","protected":false},"author":1,"featured_media":0,"parent":0,"menu_order":0,"comment_status":"closed","ping_status":"closed","template":"","meta":{"footnotes":""},"class_list":["post-301","page","type-page","status-publish","hentry"],"yoast_head":"<!-- This site is optimized with the Yoast SEO plugin v27.4 - https:\/\/yoast.com\/product\/yoast-seo-wordpress\/ -->\n<title>Wymagania edukacyjne - Szko\u0142a Podstawowa im. Jana Paw\u0142a II w K\u0119b\u0142owie<\/title>\n<meta name=\"robots\" content=\"index, follow, max-snippet:-1, max-image-preview:large, max-video-preview:-1\" \/>\n<link rel=\"canonical\" href=\"https:\/\/spkeblowo.pl\/?page_id=301\" \/>\n<meta property=\"og:locale\" content=\"pl_PL\" \/>\n<meta property=\"og:type\" content=\"article\" \/>\n<meta property=\"og:title\" content=\"Wymagania edukacyjne - Szko\u0142a Podstawowa im. Jana Paw\u0142a II w K\u0119b\u0142owie\" \/>\n<meta property=\"og:description\" content=\"PRZEDMIOTOWE-OCENIANIE-poprawki-05.09.24r.\" \/>\n<meta property=\"og:url\" content=\"https:\/\/spkeblowo.pl\/?page_id=301\" \/>\n<meta property=\"og:site_name\" content=\"Szko\u0142a Podstawowa im. Jana Paw\u0142a II w K\u0119b\u0142owie\" \/>\n<meta property=\"article:modified_time\" content=\"2024-10-17T07:21:12+00:00\" \/>\n<meta name=\"twitter:card\" content=\"summary_large_image\" \/>\n<meta name=\"twitter:label1\" content=\"Szacowany czas czytania\" \/>\n\t<meta name=\"twitter:data1\" content=\"3 minuty\" \/>\n<script type=\"application\/ld+json\" class=\"yoast-schema-graph\">{\"@context\":\"https:\\\/\\\/schema.org\",\"@graph\":[{\"@type\":\"WebPage\",\"@id\":\"https:\\\/\\\/spkeblowo.pl\\\/?page_id=301\",\"url\":\"https:\\\/\\\/spkeblowo.pl\\\/?page_id=301\",\"name\":\"Wymagania edukacyjne - Szko\u0142a Podstawowa im. Jana Paw\u0142a II w K\u0119b\u0142owie\",\"isPartOf\":{\"@id\":\"https:\\\/\\\/spkeblowo.pl\\\/#website\"},\"datePublished\":\"2020-03-10T22:18:48+00:00\",\"dateModified\":\"2024-10-17T07:21:12+00:00\",\"breadcrumb\":{\"@id\":\"https:\\\/\\\/spkeblowo.pl\\\/?page_id=301#breadcrumb\"},\"inLanguage\":\"pl-PL\",\"potentialAction\":[{\"@type\":\"ReadAction\",\"target\":[\"https:\\\/\\\/spkeblowo.pl\\\/?page_id=301\"]}]},{\"@type\":\"BreadcrumbList\",\"@id\":\"https:\\\/\\\/spkeblowo.pl\\\/?page_id=301#breadcrumb\",\"itemListElement\":[{\"@type\":\"ListItem\",\"position\":1,\"name\":\"Strona g\u0142\u00f3wna\",\"item\":\"https:\\\/\\\/spkeblowo.pl\\\/\"},{\"@type\":\"ListItem\",\"position\":2,\"name\":\"Wymagania edukacyjne\"}]},{\"@type\":\"WebSite\",\"@id\":\"https:\\\/\\\/spkeblowo.pl\\\/#website\",\"url\":\"https:\\\/\\\/spkeblowo.pl\\\/\",\"name\":\"Szko\u0142a Podstawowa im. Jana Paw\u0142a II w K\u0119b\u0142owie\",\"description\":\"\",\"publisher\":{\"@id\":\"https:\\\/\\\/spkeblowo.pl\\\/#organization\"},\"potentialAction\":[{\"@type\":\"SearchAction\",\"target\":{\"@type\":\"EntryPoint\",\"urlTemplate\":\"https:\\\/\\\/spkeblowo.pl\\\/?s={search_term_string}\"},\"query-input\":{\"@type\":\"PropertyValueSpecification\",\"valueRequired\":true,\"valueName\":\"search_term_string\"}}],\"inLanguage\":\"pl-PL\"},{\"@type\":\"Organization\",\"@id\":\"https:\\\/\\\/spkeblowo.pl\\\/#organization\",\"name\":\"Szko\u0142a Podstawowa im. Jana Paw\u0142a II w K\u0119b\u0142owie\",\"url\":\"https:\\\/\\\/spkeblowo.pl\\\/\",\"logo\":{\"@type\":\"ImageObject\",\"inLanguage\":\"pl-PL\",\"@id\":\"https:\\\/\\\/spkeblowo.pl\\\/#\\\/schema\\\/logo\\\/image\\\/\",\"url\":\"https:\\\/\\\/spkeblowo.pl\\\/wp-content\\\/uploads\\\/2020\\\/03\\\/2-2.png\",\"contentUrl\":\"https:\\\/\\\/spkeblowo.pl\\\/wp-content\\\/uploads\\\/2020\\\/03\\\/2-2.png\",\"width\":1400,\"height\":350,\"caption\":\"Szko\u0142a Podstawowa im. Jana Paw\u0142a II w K\u0119b\u0142owie\"},\"image\":{\"@id\":\"https:\\\/\\\/spkeblowo.pl\\\/#\\\/schema\\\/logo\\\/image\\\/\"}}]}<\/script>\n<!-- \/ Yoast SEO plugin. -->","yoast_head_json":{"title":"Wymagania edukacyjne - Szko\u0142a Podstawowa im. Jana Paw\u0142a II w K\u0119b\u0142owie","robots":{"index":"index","follow":"follow","max-snippet":"max-snippet:-1","max-image-preview":"max-image-preview:large","max-video-preview":"max-video-preview:-1"},"canonical":"https:\/\/spkeblowo.pl\/?page_id=301","og_locale":"pl_PL","og_type":"article","og_title":"Wymagania edukacyjne - Szko\u0142a Podstawowa im. Jana Paw\u0142a II w K\u0119b\u0142owie","og_description":"PRZEDMIOTOWE-OCENIANIE-poprawki-05.09.24r.","og_url":"https:\/\/spkeblowo.pl\/?page_id=301","og_site_name":"Szko\u0142a Podstawowa im. Jana Paw\u0142a II w K\u0119b\u0142owie","article_modified_time":"2024-10-17T07:21:12+00:00","twitter_card":"summary_large_image","twitter_misc":{"Szacowany czas czytania":"3 minuty"},"schema":{"@context":"https:\/\/schema.org","@graph":[{"@type":"WebPage","@id":"https:\/\/spkeblowo.pl\/?page_id=301","url":"https:\/\/spkeblowo.pl\/?page_id=301","name":"Wymagania edukacyjne - Szko\u0142a Podstawowa im. Jana Paw\u0142a II w K\u0119b\u0142owie","isPartOf":{"@id":"https:\/\/spkeblowo.pl\/#website"},"datePublished":"2020-03-10T22:18:48+00:00","dateModified":"2024-10-17T07:21:12+00:00","breadcrumb":{"@id":"https:\/\/spkeblowo.pl\/?page_id=301#breadcrumb"},"inLanguage":"pl-PL","potentialAction":[{"@type":"ReadAction","target":["https:\/\/spkeblowo.pl\/?page_id=301"]}]},{"@type":"BreadcrumbList","@id":"https:\/\/spkeblowo.pl\/?page_id=301#breadcrumb","itemListElement":[{"@type":"ListItem","position":1,"name":"Strona g\u0142\u00f3wna","item":"https:\/\/spkeblowo.pl\/"},{"@type":"ListItem","position":2,"name":"Wymagania edukacyjne"}]},{"@type":"WebSite","@id":"https:\/\/spkeblowo.pl\/#website","url":"https:\/\/spkeblowo.pl\/","name":"Szko\u0142a Podstawowa im. Jana Paw\u0142a II w K\u0119b\u0142owie","description":"","publisher":{"@id":"https:\/\/spkeblowo.pl\/#organization"},"potentialAction":[{"@type":"SearchAction","target":{"@type":"EntryPoint","urlTemplate":"https:\/\/spkeblowo.pl\/?s={search_term_string}"},"query-input":{"@type":"PropertyValueSpecification","valueRequired":true,"valueName":"search_term_string"}}],"inLanguage":"pl-PL"},{"@type":"Organization","@id":"https:\/\/spkeblowo.pl\/#organization","name":"Szko\u0142a Podstawowa im. Jana Paw\u0142a II w K\u0119b\u0142owie","url":"https:\/\/spkeblowo.pl\/","logo":{"@type":"ImageObject","inLanguage":"pl-PL","@id":"https:\/\/spkeblowo.pl\/#\/schema\/logo\/image\/","url":"https:\/\/spkeblowo.pl\/wp-content\/uploads\/2020\/03\/2-2.png","contentUrl":"https:\/\/spkeblowo.pl\/wp-content\/uploads\/2020\/03\/2-2.png","width":1400,"height":350,"caption":"Szko\u0142a Podstawowa im. Jana Paw\u0142a II w K\u0119b\u0142owie"},"image":{"@id":"https:\/\/spkeblowo.pl\/#\/schema\/logo\/image\/"}}]}},"_links":{"self":[{"href":"https:\/\/spkeblowo.pl\/index.php?rest_route=\/wp\/v2\/pages\/301","targetHints":{"allow":["GET"]}}],"collection":[{"href":"https:\/\/spkeblowo.pl\/index.php?rest_route=\/wp\/v2\/pages"}],"about":[{"href":"https:\/\/spkeblowo.pl\/index.php?rest_route=\/wp\/v2\/types\/page"}],"author":[{"embeddable":true,"href":"https:\/\/spkeblowo.pl\/index.php?rest_route=\/wp\/v2\/users\/1"}],"replies":[{"embeddable":true,"href":"https:\/\/spkeblowo.pl\/index.php?rest_route=%2Fwp%2Fv2%2Fcomments&post=301"}],"version-history":[{"count":45,"href":"https:\/\/spkeblowo.pl\/index.php?rest_route=\/wp\/v2\/pages\/301\/revisions"}],"predecessor-version":[{"id":7587,"href":"https:\/\/spkeblowo.pl\/index.php?rest_route=\/wp\/v2\/pages\/301\/revisions\/7587"}],"wp:attachment":[{"href":"https:\/\/spkeblowo.pl\/index.php?rest_route=%2Fwp%2Fv2%2Fmedia&parent=301"}],"curies":[{"name":"wp","href":"https:\/\/api.w.org\/{rel}","templated":true}]}}