{"id":2442,"date":"2021-09-12T20:44:42","date_gmt":"2021-09-12T18:44:42","guid":{"rendered":"http:\/\/spkeblowo.strefa.pl\/wordpress\/?page_id=2442"},"modified":"2026-04-08T10:54:36","modified_gmt":"2026-04-08T08:54:36","slug":"jadlospis","status":"publish","type":"page","link":"https:\/\/spkeblowo.pl\/?page_id=2442","title":{"rendered":"JAD\u0141OSPIS"},"content":{"rendered":"<p>&nbsp;<\/p>\r\n\r\n<p>&nbsp;<\/p>\r\n\r\n\r\n\r\n<div class=\"wp-block-image\">\r\n<figure><\/figure>\r\n<figure class=\"aligncenter size-large\"><img fetchpriority=\"high\" decoding=\"async\" width=\"254\" height=\"199\" class=\"wp-image-1645\" src=\"https:\/\/spkeblowo.pl\/wp-content\/uploads\/2021\/01\/jadlospis.jpg\" alt=\"\" \/><\/figure>\r\n<\/div>\r\n<p><a href=\"https:\/\/spkeblowo.pl\/?attachment_id=9692\" rel=\"attachment wp-att-9692\">Menu Kwiecie\u0144 2026r.<\/a><\/p>\r\n<p><a href=\"https:\/\/spkeblowo.pl\/?attachment_id=9632\" rel=\"attachment wp-att-9632\">Menu Marzec 2026r.<\/a><\/p>\r\n<p><a href=\"https:\/\/spkeblowo.pl\/?attachment_id=9585\" rel=\"attachment wp-att-9585\">Menu Luty 2026r.<\/a><\/p>\r\n<p><a href=\"https:\/\/spkeblowo.pl\/wp-content\/uploads\/2026\/01\/Menu-styczen-26.pdf\">Menu Stycze\u0144 2026r.<\/a><\/p>\r\n<p><a href=\"https:\/\/spkeblowo.pl\/wp-content\/uploads\/2025\/11\/Menu-grudzien-25_1.jpg\">Menu Grudzie\u0144 2025r. <\/a><\/p>\r\n<div><strong><a href=\"https:\/\/spkeblowo.pl\/wp-content\/uploads\/2025\/11\/Listopad-Menu-.pdf\">Menu Listopad 2025r.<\/a><\/strong><\/div>\r\n<div>\u00a0<\/div>\r\n<div><a href=\"https:\/\/spkeblowo.pl\/?attachment_id=9373\" rel=\"attachment wp-att-9373\">Menu Pa\u017adziernik 2025r.<\/a><\/div>\r\n<div>\u00a0<\/div>\r\n<div><a href=\"https:\/\/spkeblowo.pl\/?attachment_id=9276\" rel=\"attachment wp-att-9276\">Menu Wrzesie\u0144 2025<\/a><\/div>\r\n<div>\u00a0<\/div>\r\n<div><a href=\"https:\/\/spkeblowo.pl\/wp-content\/uploads\/2025\/06\/Czerwiec-Menu-.pdf\">Menu <\/a><a href=\"https:\/\/spkeblowo.pl\/wp-content\/uploads\/2025\/06\/Czerwiec-Menu-.pdf\">czerwiec 2025r.<\/a><\/div>\r\n<div>\u00a0<\/div>\r\n<div><a href=\"https:\/\/spkeblowo.pl\/wp-content\/uploads\/2025\/05\/Menu-maj-szkola-.pdf\">Menu maj 2025r.<\/a><\/div>\r\n<div>\u00a0<\/div>\r\n<div><a href=\"https:\/\/spkeblowo.pl\/wp-content\/uploads\/2025\/03\/Menu-kwietnia-.pdf\">Menu kwiecie\u0144 2005r.\u00a0<\/a><br \/><br \/><\/div>\r\n<div><a href=\"https:\/\/spkeblowo.pl\/wp-content\/uploads\/2025\/03\/Menu-szkola-marzec-25.pdf\">Menu\u00a0 marzec 2025r.<\/a><\/div>\r\n<div>\u00a0<\/div>\r\n<div><a href=\"https:\/\/spkeblowo.pl\/wp-content\/uploads\/2025\/02\/Menu-szkola-luty-25.pdf\">Menu\u00a0 luty 2025r.<\/a><br \/><br \/><\/div>\r\n<div class=\"wp-block-image\"><a href=\"https:\/\/spkeblowo.pl\/wp-content\/uploads\/2025\/01\/Menu-styczen-25r.pdf\">Menu stycze\u0144 2025r<\/a>.<\/div>\r\n<div class=\"wp-block-image\">\r\n<p><a href=\"https:\/\/spkeblowo.pl\/wp-content\/uploads\/2024\/11\/Szkola-121224.pdf\">Menu_grudzie\u0144 2024r.<\/a><\/p>\r\n<p><a href=\"https:\/\/spkeblowo.pl\/wp-content\/uploads\/2024\/11\/Menu-listopad-.pdf\">Menu listopad 2024r.\u00a0<\/a><\/p>\r\n<p><a href=\"https:\/\/spkeblowo.pl\/wp-content\/uploads\/2024\/09\/Menu-szkola-pazdziernik.docx\">Menu\u00a0 pa\u017adziernik 2024r.<\/a><\/p>\r\n<p>&nbsp;<\/p>\r\n<\/div>\r\n\r\n\r\n\r\n\r\n\r\n\r\n\r\n\r\n\r\n\r\n\r\n<p>&nbsp;<\/p>\r\n","protected":false},"excerpt":{"rendered":"<p>&nbsp; &nbsp; &nbsp;<\/p>\n","protected":false},"author":1,"featured_media":0,"parent":0,"menu_order":0,"comment_status":"closed","ping_status":"closed","template":"","meta":{"footnotes":""},"class_list":["post-2442","page","type-page","status-publish","hentry"],"yoast_head":"<!-- This site is optimized with the Yoast SEO plugin v27.4 - https:\/\/yoast.com\/product\/yoast-seo-wordpress\/ -->\n<title>JAD\u0141OSPIS - Szko\u0142a Podstawowa im. Jana Paw\u0142a II w K\u0119b\u0142owie<\/title>\n<meta name=\"robots\" content=\"index, follow, max-snippet:-1, max-image-preview:large, max-video-preview:-1\" \/>\n<link rel=\"canonical\" href=\"https:\/\/spkeblowo.pl\/?page_id=2442\" \/>\n<meta property=\"og:locale\" content=\"pl_PL\" \/>\n<meta property=\"og:type\" content=\"article\" \/>\n<meta property=\"og:title\" content=\"JAD\u0141OSPIS - Szko\u0142a Podstawowa im. Jana Paw\u0142a II w K\u0119b\u0142owie\" \/>\n<meta property=\"og:description\" content=\"&nbsp; &nbsp; &nbsp;\" \/>\n<meta property=\"og:url\" content=\"https:\/\/spkeblowo.pl\/?page_id=2442\" \/>\n<meta property=\"og:site_name\" content=\"Szko\u0142a Podstawowa im. Jana Paw\u0142a II w K\u0119b\u0142owie\" \/>\n<meta property=\"article:modified_time\" content=\"2026-04-08T08:54:36+00:00\" \/>\n<meta property=\"og:image\" content=\"https:\/\/spkeblowo.pl\/wp-content\/uploads\/2021\/01\/jadlospis.jpg\" \/>\n\t<meta property=\"og:image:width\" content=\"254\" \/>\n\t<meta property=\"og:image:height\" content=\"199\" \/>\n\t<meta property=\"og:image:type\" content=\"image\/jpeg\" \/>\n<meta name=\"twitter:card\" content=\"summary_large_image\" \/>\n<meta name=\"twitter:label1\" content=\"Szacowany czas czytania\" \/>\n\t<meta name=\"twitter:data1\" content=\"1 minuta\" \/>\n<script type=\"application\/ld+json\" class=\"yoast-schema-graph\">{\"@context\":\"https:\\\/\\\/schema.org\",\"@graph\":[{\"@type\":\"WebPage\",\"@id\":\"https:\\\/\\\/spkeblowo.pl\\\/?page_id=2442\",\"url\":\"https:\\\/\\\/spkeblowo.pl\\\/?page_id=2442\",\"name\":\"JAD\u0141OSPIS - Szko\u0142a Podstawowa im. Jana Paw\u0142a II w K\u0119b\u0142owie\",\"isPartOf\":{\"@id\":\"https:\\\/\\\/spkeblowo.pl\\\/#website\"},\"primaryImageOfPage\":{\"@id\":\"https:\\\/\\\/spkeblowo.pl\\\/?page_id=2442#primaryimage\"},\"image\":{\"@id\":\"https:\\\/\\\/spkeblowo.pl\\\/?page_id=2442#primaryimage\"},\"thumbnailUrl\":\"https:\\\/\\\/spkeblowo.pl\\\/wp-content\\\/uploads\\\/2021\\\/01\\\/jadlospis.jpg\",\"datePublished\":\"2021-09-12T18:44:42+00:00\",\"dateModified\":\"2026-04-08T08:54:36+00:00\",\"breadcrumb\":{\"@id\":\"https:\\\/\\\/spkeblowo.pl\\\/?page_id=2442#breadcrumb\"},\"inLanguage\":\"pl-PL\",\"potentialAction\":[{\"@type\":\"ReadAction\",\"target\":[\"https:\\\/\\\/spkeblowo.pl\\\/?page_id=2442\"]}]},{\"@type\":\"ImageObject\",\"inLanguage\":\"pl-PL\",\"@id\":\"https:\\\/\\\/spkeblowo.pl\\\/?page_id=2442#primaryimage\",\"url\":\"https:\\\/\\\/spkeblowo.pl\\\/wp-content\\\/uploads\\\/2021\\\/01\\\/jadlospis.jpg\",\"contentUrl\":\"https:\\\/\\\/spkeblowo.pl\\\/wp-content\\\/uploads\\\/2021\\\/01\\\/jadlospis.jpg\",\"width\":254,\"height\":199},{\"@type\":\"BreadcrumbList\",\"@id\":\"https:\\\/\\\/spkeblowo.pl\\\/?page_id=2442#breadcrumb\",\"itemListElement\":[{\"@type\":\"ListItem\",\"position\":1,\"name\":\"Strona g\u0142\u00f3wna\",\"item\":\"https:\\\/\\\/spkeblowo.pl\\\/\"},{\"@type\":\"ListItem\",\"position\":2,\"name\":\"JAD\u0141OSPIS\"}]},{\"@type\":\"WebSite\",\"@id\":\"https:\\\/\\\/spkeblowo.pl\\\/#website\",\"url\":\"https:\\\/\\\/spkeblowo.pl\\\/\",\"name\":\"Szko\u0142a Podstawowa im. Jana Paw\u0142a II w K\u0119b\u0142owie\",\"description\":\"\",\"publisher\":{\"@id\":\"https:\\\/\\\/spkeblowo.pl\\\/#organization\"},\"potentialAction\":[{\"@type\":\"SearchAction\",\"target\":{\"@type\":\"EntryPoint\",\"urlTemplate\":\"https:\\\/\\\/spkeblowo.pl\\\/?s={search_term_string}\"},\"query-input\":{\"@type\":\"PropertyValueSpecification\",\"valueRequired\":true,\"valueName\":\"search_term_string\"}}],\"inLanguage\":\"pl-PL\"},{\"@type\":\"Organization\",\"@id\":\"https:\\\/\\\/spkeblowo.pl\\\/#organization\",\"name\":\"Szko\u0142a Podstawowa im. Jana Paw\u0142a II w K\u0119b\u0142owie\",\"url\":\"https:\\\/\\\/spkeblowo.pl\\\/\",\"logo\":{\"@type\":\"ImageObject\",\"inLanguage\":\"pl-PL\",\"@id\":\"https:\\\/\\\/spkeblowo.pl\\\/#\\\/schema\\\/logo\\\/image\\\/\",\"url\":\"https:\\\/\\\/spkeblowo.pl\\\/wp-content\\\/uploads\\\/2020\\\/03\\\/2-2.png\",\"contentUrl\":\"https:\\\/\\\/spkeblowo.pl\\\/wp-content\\\/uploads\\\/2020\\\/03\\\/2-2.png\",\"width\":1400,\"height\":350,\"caption\":\"Szko\u0142a Podstawowa im. Jana Paw\u0142a II w K\u0119b\u0142owie\"},\"image\":{\"@id\":\"https:\\\/\\\/spkeblowo.pl\\\/#\\\/schema\\\/logo\\\/image\\\/\"}}]}<\/script>\n<!-- \/ Yoast SEO plugin. -->","yoast_head_json":{"title":"JAD\u0141OSPIS - Szko\u0142a Podstawowa im. Jana Paw\u0142a II w K\u0119b\u0142owie","robots":{"index":"index","follow":"follow","max-snippet":"max-snippet:-1","max-image-preview":"max-image-preview:large","max-video-preview":"max-video-preview:-1"},"canonical":"https:\/\/spkeblowo.pl\/?page_id=2442","og_locale":"pl_PL","og_type":"article","og_title":"JAD\u0141OSPIS - Szko\u0142a Podstawowa im. Jana Paw\u0142a II w K\u0119b\u0142owie","og_description":"&nbsp; &nbsp; &nbsp;","og_url":"https:\/\/spkeblowo.pl\/?page_id=2442","og_site_name":"Szko\u0142a Podstawowa im. Jana Paw\u0142a II w K\u0119b\u0142owie","article_modified_time":"2026-04-08T08:54:36+00:00","og_image":[{"width":254,"height":199,"url":"https:\/\/spkeblowo.pl\/wp-content\/uploads\/2021\/01\/jadlospis.jpg","type":"image\/jpeg"}],"twitter_card":"summary_large_image","twitter_misc":{"Szacowany czas czytania":"1 minuta"},"schema":{"@context":"https:\/\/schema.org","@graph":[{"@type":"WebPage","@id":"https:\/\/spkeblowo.pl\/?page_id=2442","url":"https:\/\/spkeblowo.pl\/?page_id=2442","name":"JAD\u0141OSPIS - Szko\u0142a Podstawowa im. Jana Paw\u0142a II w K\u0119b\u0142owie","isPartOf":{"@id":"https:\/\/spkeblowo.pl\/#website"},"primaryImageOfPage":{"@id":"https:\/\/spkeblowo.pl\/?page_id=2442#primaryimage"},"image":{"@id":"https:\/\/spkeblowo.pl\/?page_id=2442#primaryimage"},"thumbnailUrl":"https:\/\/spkeblowo.pl\/wp-content\/uploads\/2021\/01\/jadlospis.jpg","datePublished":"2021-09-12T18:44:42+00:00","dateModified":"2026-04-08T08:54:36+00:00","breadcrumb":{"@id":"https:\/\/spkeblowo.pl\/?page_id=2442#breadcrumb"},"inLanguage":"pl-PL","potentialAction":[{"@type":"ReadAction","target":["https:\/\/spkeblowo.pl\/?page_id=2442"]}]},{"@type":"ImageObject","inLanguage":"pl-PL","@id":"https:\/\/spkeblowo.pl\/?page_id=2442#primaryimage","url":"https:\/\/spkeblowo.pl\/wp-content\/uploads\/2021\/01\/jadlospis.jpg","contentUrl":"https:\/\/spkeblowo.pl\/wp-content\/uploads\/2021\/01\/jadlospis.jpg","width":254,"height":199},{"@type":"BreadcrumbList","@id":"https:\/\/spkeblowo.pl\/?page_id=2442#breadcrumb","itemListElement":[{"@type":"ListItem","position":1,"name":"Strona g\u0142\u00f3wna","item":"https:\/\/spkeblowo.pl\/"},{"@type":"ListItem","position":2,"name":"JAD\u0141OSPIS"}]},{"@type":"WebSite","@id":"https:\/\/spkeblowo.pl\/#website","url":"https:\/\/spkeblowo.pl\/","name":"Szko\u0142a Podstawowa im. Jana Paw\u0142a II w K\u0119b\u0142owie","description":"","publisher":{"@id":"https:\/\/spkeblowo.pl\/#organization"},"potentialAction":[{"@type":"SearchAction","target":{"@type":"EntryPoint","urlTemplate":"https:\/\/spkeblowo.pl\/?s={search_term_string}"},"query-input":{"@type":"PropertyValueSpecification","valueRequired":true,"valueName":"search_term_string"}}],"inLanguage":"pl-PL"},{"@type":"Organization","@id":"https:\/\/spkeblowo.pl\/#organization","name":"Szko\u0142a Podstawowa im. Jana Paw\u0142a II w K\u0119b\u0142owie","url":"https:\/\/spkeblowo.pl\/","logo":{"@type":"ImageObject","inLanguage":"pl-PL","@id":"https:\/\/spkeblowo.pl\/#\/schema\/logo\/image\/","url":"https:\/\/spkeblowo.pl\/wp-content\/uploads\/2020\/03\/2-2.png","contentUrl":"https:\/\/spkeblowo.pl\/wp-content\/uploads\/2020\/03\/2-2.png","width":1400,"height":350,"caption":"Szko\u0142a Podstawowa im. Jana Paw\u0142a II w K\u0119b\u0142owie"},"image":{"@id":"https:\/\/spkeblowo.pl\/#\/schema\/logo\/image\/"}}]}},"_links":{"self":[{"href":"https:\/\/spkeblowo.pl\/index.php?rest_route=\/wp\/v2\/pages\/2442","targetHints":{"allow":["GET"]}}],"collection":[{"href":"https:\/\/spkeblowo.pl\/index.php?rest_route=\/wp\/v2\/pages"}],"about":[{"href":"https:\/\/spkeblowo.pl\/index.php?rest_route=\/wp\/v2\/types\/page"}],"author":[{"embeddable":true,"href":"https:\/\/spkeblowo.pl\/index.php?rest_route=\/wp\/v2\/users\/1"}],"replies":[{"embeddable":true,"href":"https:\/\/spkeblowo.pl\/index.php?rest_route=%2Fwp%2Fv2%2Fcomments&post=2442"}],"version-history":[{"count":30,"href":"https:\/\/spkeblowo.pl\/index.php?rest_route=\/wp\/v2\/pages\/2442\/revisions"}],"predecessor-version":[{"id":9693,"href":"https:\/\/spkeblowo.pl\/index.php?rest_route=\/wp\/v2\/pages\/2442\/revisions\/9693"}],"wp:attachment":[{"href":"https:\/\/spkeblowo.pl\/index.php?rest_route=%2Fwp%2Fv2%2Fmedia&parent=2442"}],"curies":[{"name":"wp","href":"https:\/\/api.w.org\/{rel}","templated":true}]}}