{"id":130,"date":"2020-03-10T16:23:53","date_gmt":"2020-03-10T16:23:53","guid":{"rendered":"http:\/\/spkeblowo.strefa.pl\/wordpress\/?page_id=130"},"modified":"2022-11-08T17:15:08","modified_gmt":"2022-11-08T15:15:08","slug":"pedagog-szkolny","status":"publish","type":"page","link":"https:\/\/spkeblowo.pl\/?page_id=130","title":{"rendered":"PEDAGOG SZKOLNY"},"content":{"rendered":"\t\t<div data-elementor-type=\"wp-page\" data-elementor-id=\"130\" class=\"elementor elementor-130\">\n\t\t\t\t\t\t<section class=\"elementor-section elementor-top-section elementor-element elementor-element-df1ba26 elementor-section-boxed elementor-section-height-default elementor-section-height-default\" data-id=\"df1ba26\" data-element_type=\"section\" data-e-type=\"section\">\n\t\t\t\t\t\t<div class=\"elementor-container elementor-column-gap-default\">\n\t\t\t\t\t<div class=\"elementor-column elementor-col-100 elementor-top-column elementor-element elementor-element-21e8282\" data-id=\"21e8282\" data-element_type=\"column\" data-e-type=\"column\">\n\t\t\t<div class=\"elementor-widget-wrap elementor-element-populated\">\n\t\t\t\t\t\t<div class=\"elementor-element elementor-element-08bf521 elementor-widget elementor-widget-image\" data-id=\"08bf521\" data-element_type=\"widget\" data-e-type=\"widget\" data-widget_type=\"image.default\">\n\t\t\t\t<div class=\"elementor-widget-container\">\n\t\t\t\t\t\t\t\t\t\t\t\t\t\t\t<img decoding=\"async\" src=\"https:\/\/spkeblowo.pl\/wp-content\/uploads\/2021\/03\/pLaN-PRACY-PEDAGOGA-SZKOLNEGO.jpg\" title=\"\" alt=\"\" loading=\"lazy\" \/>\t\t\t\t\t\t\t\t\t\t\t\t\t\t\t<\/div>\n\t\t\t\t<\/div>\n\t\t\t\t<div class=\"elementor-element elementor-element-3568499 elementor-widget elementor-widget-text-editor\" data-id=\"3568499\" data-element_type=\"widget\" data-e-type=\"widget\" data-widget_type=\"text-editor.default\">\n\t\t\t\t<div class=\"elementor-widget-container\">\n\t\t\t\t\t\t\t\t\t<p>\u00a0 \u00a0 \u00a0<strong>Pedagog szkolny<\/strong> to osoba zatrudniona w szkole w celu uzupe\u0142niania, pog\u0142\u0119biania i rozszerzania dzia\u0142alno\u015bci dydaktyczno-wychowawczej prowadzonej przez nauczycieli. Pedagog pomaga przy organizacji w szkole pomocy psychologiczno &#8211; pedagogicznej dla dzieci, kt\u00f3rej celem jest wspomaganie rozwoju psychicznego ucznia i efektywno\u015bci uczenia si\u0119 poprzez pomoc wychowawcom klas i wsp\u00f3\u0142dzia\u0142anie z nauczycielami, rodzicami, organami szko\u0142y oraz instytucjami pozaszkolnymi, ze zwr\u00f3ceniem uwagi na przestrzeganie postanowie\u0144 Konwencji Praw Dziecka.<\/p>\n<p><strong>Pedagog szkolny wspiera prac\u0119 nauczycieli, wspiera rodzic\u00f3w, ale przede wszystkim wspiera ucznia, kt\u00f3ry jest g\u0142\u00f3wnym i najwa\u017cniejszym partnerem w jego pracy.<\/strong><\/p>\n<p>\u00a0<\/p>\n<p><span style=\"font-size: 18pt;\"><strong>Uczniu! Do pedagoga mo\u017cesz przyj\u015b\u0107 zawsze, ale w szczeg\u00f3lno\u015bci gdy:<\/strong><\/span><\/p>\n<p>\u2022 Czujesz, \u017ce nikt Ci\u0119 nie rozumie, jeste\u015b samotny;<\/p>\n<p>\u2022 Nie potrafisz porozumie\u0107 si\u0119 z nauczycielem, rodzicami, z kolegami, kole\u017cankami;<\/p>\n<p>\u2022 Nie potrafisz podporz\u0105dkowa\u0107 si\u0119 normom i zasadom obowi\u0105zuj\u0105cym w szkole;<\/p>\n<p>\u2022 Masz problemy osobiste, rodzinne, np. w domu jest przemoc, alkoholizm;<\/p>\n<p>\u2022 Znajdujesz si\u0119 w trudnej sytuacji materialnej;<\/p>\n<p>\u2022 Masz problem i nie wiesz jak go rozwi\u0105za\u0107;<\/p>\n<p>\u2022 Potrzebujesz porady w jakiejkolwiek sprawie;<\/p>\n<p>\u2022 Masz trudno\u015bci w nauce;<\/p>\n<p>\u2022 Chcesz podzieli\u0107 si\u0119 swoj\u0105 rado\u015bci\u0105, sukcesem;<\/p>\n<p>\u2022 Chcia\u0142by\u015b pom\u00f3c innym, nie wiesz w jaki spos\u00f3b;<\/p>\n<p>\u2022 Zauwa\u017cy\u0142e\u015b, \u017ce z Twoim koleg\u0105 dzieje si\u0119 co\u015b z\u0142ego;<\/p>\n<p>\u2022 Masz ciekawe pomys\u0142y, kt\u00f3rymi chcesz si\u0119 podzieli\u0107;<\/p>\n<p>\u2022 Masz zainteresowania i uzdolnienia, kt\u00f3re chcia\u0142by\u015b rozwin\u0105\u0107;<\/p>\n<p><strong>Przyjd\u017a tak\u017ce z ka\u017cd\u0105 inn\u0105 spraw\u0105, z kt\u00f3r\u0105 sam nie potrafisz sobie poradzi\u0107 lub po prostu potrzebujesz rozmowy.<\/strong><\/p>\n<p>\u00a0<\/p>\n<p><span style=\"font-size: 18pt;\"><strong>Rodzicu zwr\u00f3\u0107 si\u0119 do pedagoga, gdy:<\/strong><\/span><\/p>\n<p>\u2022 Niepokoi Ci\u0119 zachowanie dziecka;<\/p>\n<p>\u2022 Zauwa\u017casz u dziecka problemy w uczeniu si\u0119;<\/p>\n<p>\u2022 Chcesz porozmawia\u0107 o dziecku i Twoich z nim relacjach;<\/p>\n<p>\u2022 Potrzebujesz wsparcia w procesie wychowania;<\/p>\n<p>\u2022 Chcesz porozmawia\u0107 o sytuacji szkolnej dziecka;<\/p>\n<p>\u2022 Masz jakie\u015b w\u0105tpliwo\u015bci lub sugestie zwi\u0105zane z procesem dydaktyczno \u2013 wychowawczym prowadzonym w szkole;<\/p>\n<p>\u2022 Masz pytania i nie wiesz do kogo zwr\u00f3ci\u0107 si\u0119 po pomoc.<\/p>\n<p>\u00a0<\/p>\t\t\t\t\t\t\t\t<\/div>\n\t\t\t\t<\/div>\n\t\t\t\t\t<\/div>\n\t\t<\/div>\n\t\t\t\t\t<\/div>\n\t\t<\/section>\n\t\t\t\t<\/div>\n\t\t","protected":false},"excerpt":{"rendered":"<p>&nbsp; Pedagog szkolny to osoba zatrudniona w szkole w celu uzupe\u0142niania, pog\u0142\u0119biania i rozszerzania dzia\u0142alno\u015bci dydaktyczno-wychowawczej prowadzonej przez nauczycieli. Pedagog &hellip; <\/p>\n","protected":false},"author":1,"featured_media":0,"parent":0,"menu_order":0,"comment_status":"closed","ping_status":"closed","template":"","meta":{"footnotes":""},"class_list":["post-130","page","type-page","status-publish","hentry"],"yoast_head":"<!-- This site is optimized with the Yoast SEO plugin v27.4 - https:\/\/yoast.com\/product\/yoast-seo-wordpress\/ -->\n<title>PEDAGOG SZKOLNY - Szko\u0142a Podstawowa im. Jana Paw\u0142a II w K\u0119b\u0142owie<\/title>\n<meta name=\"robots\" content=\"index, follow, max-snippet:-1, max-image-preview:large, max-video-preview:-1\" \/>\n<link rel=\"canonical\" href=\"https:\/\/spkeblowo.pl\/?page_id=130\" \/>\n<meta property=\"og:locale\" content=\"pl_PL\" \/>\n<meta property=\"og:type\" content=\"article\" \/>\n<meta property=\"og:title\" content=\"PEDAGOG SZKOLNY - Szko\u0142a Podstawowa im. Jana Paw\u0142a II w K\u0119b\u0142owie\" \/>\n<meta property=\"og:description\" content=\"&nbsp; Pedagog szkolny to osoba zatrudniona w szkole w celu uzupe\u0142niania, pog\u0142\u0119biania i rozszerzania dzia\u0142alno\u015bci dydaktyczno-wychowawczej prowadzonej przez nauczycieli. Pedagog &hellip;\" \/>\n<meta property=\"og:url\" content=\"https:\/\/spkeblowo.pl\/?page_id=130\" \/>\n<meta property=\"og:site_name\" content=\"Szko\u0142a Podstawowa im. Jana Paw\u0142a II w K\u0119b\u0142owie\" \/>\n<meta property=\"article:modified_time\" content=\"2022-11-08T15:15:08+00:00\" \/>\n<meta name=\"twitter:card\" content=\"summary_large_image\" \/>\n<meta name=\"twitter:label1\" content=\"Szacowany czas czytania\" \/>\n\t<meta name=\"twitter:data1\" content=\"2 minuty\" \/>\n<script type=\"application\/ld+json\" class=\"yoast-schema-graph\">{\"@context\":\"https:\\\/\\\/schema.org\",\"@graph\":[{\"@type\":\"WebPage\",\"@id\":\"https:\\\/\\\/spkeblowo.pl\\\/?page_id=130\",\"url\":\"https:\\\/\\\/spkeblowo.pl\\\/?page_id=130\",\"name\":\"PEDAGOG SZKOLNY - Szko\u0142a Podstawowa im. Jana Paw\u0142a II w K\u0119b\u0142owie\",\"isPartOf\":{\"@id\":\"https:\\\/\\\/spkeblowo.pl\\\/#website\"},\"datePublished\":\"2020-03-10T16:23:53+00:00\",\"dateModified\":\"2022-11-08T15:15:08+00:00\",\"breadcrumb\":{\"@id\":\"https:\\\/\\\/spkeblowo.pl\\\/?page_id=130#breadcrumb\"},\"inLanguage\":\"pl-PL\",\"potentialAction\":[{\"@type\":\"ReadAction\",\"target\":[\"https:\\\/\\\/spkeblowo.pl\\\/?page_id=130\"]}]},{\"@type\":\"BreadcrumbList\",\"@id\":\"https:\\\/\\\/spkeblowo.pl\\\/?page_id=130#breadcrumb\",\"itemListElement\":[{\"@type\":\"ListItem\",\"position\":1,\"name\":\"Strona g\u0142\u00f3wna\",\"item\":\"https:\\\/\\\/spkeblowo.pl\\\/\"},{\"@type\":\"ListItem\",\"position\":2,\"name\":\"PEDAGOG SZKOLNY\"}]},{\"@type\":\"WebSite\",\"@id\":\"https:\\\/\\\/spkeblowo.pl\\\/#website\",\"url\":\"https:\\\/\\\/spkeblowo.pl\\\/\",\"name\":\"Szko\u0142a Podstawowa im. Jana Paw\u0142a II w K\u0119b\u0142owie\",\"description\":\"\",\"publisher\":{\"@id\":\"https:\\\/\\\/spkeblowo.pl\\\/#organization\"},\"potentialAction\":[{\"@type\":\"SearchAction\",\"target\":{\"@type\":\"EntryPoint\",\"urlTemplate\":\"https:\\\/\\\/spkeblowo.pl\\\/?s={search_term_string}\"},\"query-input\":{\"@type\":\"PropertyValueSpecification\",\"valueRequired\":true,\"valueName\":\"search_term_string\"}}],\"inLanguage\":\"pl-PL\"},{\"@type\":\"Organization\",\"@id\":\"https:\\\/\\\/spkeblowo.pl\\\/#organization\",\"name\":\"Szko\u0142a Podstawowa im. Jana Paw\u0142a II w K\u0119b\u0142owie\",\"url\":\"https:\\\/\\\/spkeblowo.pl\\\/\",\"logo\":{\"@type\":\"ImageObject\",\"inLanguage\":\"pl-PL\",\"@id\":\"https:\\\/\\\/spkeblowo.pl\\\/#\\\/schema\\\/logo\\\/image\\\/\",\"url\":\"https:\\\/\\\/spkeblowo.pl\\\/wp-content\\\/uploads\\\/2020\\\/03\\\/2-2.png\",\"contentUrl\":\"https:\\\/\\\/spkeblowo.pl\\\/wp-content\\\/uploads\\\/2020\\\/03\\\/2-2.png\",\"width\":1400,\"height\":350,\"caption\":\"Szko\u0142a Podstawowa im. Jana Paw\u0142a II w K\u0119b\u0142owie\"},\"image\":{\"@id\":\"https:\\\/\\\/spkeblowo.pl\\\/#\\\/schema\\\/logo\\\/image\\\/\"}}]}<\/script>\n<!-- \/ Yoast SEO plugin. -->","yoast_head_json":{"title":"PEDAGOG SZKOLNY - Szko\u0142a Podstawowa im. Jana Paw\u0142a II w K\u0119b\u0142owie","robots":{"index":"index","follow":"follow","max-snippet":"max-snippet:-1","max-image-preview":"max-image-preview:large","max-video-preview":"max-video-preview:-1"},"canonical":"https:\/\/spkeblowo.pl\/?page_id=130","og_locale":"pl_PL","og_type":"article","og_title":"PEDAGOG SZKOLNY - Szko\u0142a Podstawowa im. Jana Paw\u0142a II w K\u0119b\u0142owie","og_description":"&nbsp; Pedagog szkolny to osoba zatrudniona w szkole w celu uzupe\u0142niania, pog\u0142\u0119biania i rozszerzania dzia\u0142alno\u015bci dydaktyczno-wychowawczej prowadzonej przez nauczycieli. Pedagog &hellip;","og_url":"https:\/\/spkeblowo.pl\/?page_id=130","og_site_name":"Szko\u0142a Podstawowa im. Jana Paw\u0142a II w K\u0119b\u0142owie","article_modified_time":"2022-11-08T15:15:08+00:00","twitter_card":"summary_large_image","twitter_misc":{"Szacowany czas czytania":"2 minuty"},"schema":{"@context":"https:\/\/schema.org","@graph":[{"@type":"WebPage","@id":"https:\/\/spkeblowo.pl\/?page_id=130","url":"https:\/\/spkeblowo.pl\/?page_id=130","name":"PEDAGOG SZKOLNY - Szko\u0142a Podstawowa im. Jana Paw\u0142a II w K\u0119b\u0142owie","isPartOf":{"@id":"https:\/\/spkeblowo.pl\/#website"},"datePublished":"2020-03-10T16:23:53+00:00","dateModified":"2022-11-08T15:15:08+00:00","breadcrumb":{"@id":"https:\/\/spkeblowo.pl\/?page_id=130#breadcrumb"},"inLanguage":"pl-PL","potentialAction":[{"@type":"ReadAction","target":["https:\/\/spkeblowo.pl\/?page_id=130"]}]},{"@type":"BreadcrumbList","@id":"https:\/\/spkeblowo.pl\/?page_id=130#breadcrumb","itemListElement":[{"@type":"ListItem","position":1,"name":"Strona g\u0142\u00f3wna","item":"https:\/\/spkeblowo.pl\/"},{"@type":"ListItem","position":2,"name":"PEDAGOG SZKOLNY"}]},{"@type":"WebSite","@id":"https:\/\/spkeblowo.pl\/#website","url":"https:\/\/spkeblowo.pl\/","name":"Szko\u0142a Podstawowa im. Jana Paw\u0142a II w K\u0119b\u0142owie","description":"","publisher":{"@id":"https:\/\/spkeblowo.pl\/#organization"},"potentialAction":[{"@type":"SearchAction","target":{"@type":"EntryPoint","urlTemplate":"https:\/\/spkeblowo.pl\/?s={search_term_string}"},"query-input":{"@type":"PropertyValueSpecification","valueRequired":true,"valueName":"search_term_string"}}],"inLanguage":"pl-PL"},{"@type":"Organization","@id":"https:\/\/spkeblowo.pl\/#organization","name":"Szko\u0142a Podstawowa im. Jana Paw\u0142a II w K\u0119b\u0142owie","url":"https:\/\/spkeblowo.pl\/","logo":{"@type":"ImageObject","inLanguage":"pl-PL","@id":"https:\/\/spkeblowo.pl\/#\/schema\/logo\/image\/","url":"https:\/\/spkeblowo.pl\/wp-content\/uploads\/2020\/03\/2-2.png","contentUrl":"https:\/\/spkeblowo.pl\/wp-content\/uploads\/2020\/03\/2-2.png","width":1400,"height":350,"caption":"Szko\u0142a Podstawowa im. Jana Paw\u0142a II w K\u0119b\u0142owie"},"image":{"@id":"https:\/\/spkeblowo.pl\/#\/schema\/logo\/image\/"}}]}},"_links":{"self":[{"href":"https:\/\/spkeblowo.pl\/index.php?rest_route=\/wp\/v2\/pages\/130","targetHints":{"allow":["GET"]}}],"collection":[{"href":"https:\/\/spkeblowo.pl\/index.php?rest_route=\/wp\/v2\/pages"}],"about":[{"href":"https:\/\/spkeblowo.pl\/index.php?rest_route=\/wp\/v2\/types\/page"}],"author":[{"embeddable":true,"href":"https:\/\/spkeblowo.pl\/index.php?rest_route=\/wp\/v2\/users\/1"}],"replies":[{"embeddable":true,"href":"https:\/\/spkeblowo.pl\/index.php?rest_route=%2Fwp%2Fv2%2Fcomments&post=130"}],"version-history":[{"count":10,"href":"https:\/\/spkeblowo.pl\/index.php?rest_route=\/wp\/v2\/pages\/130\/revisions"}],"predecessor-version":[{"id":3764,"href":"https:\/\/spkeblowo.pl\/index.php?rest_route=\/wp\/v2\/pages\/130\/revisions\/3764"}],"wp:attachment":[{"href":"https:\/\/spkeblowo.pl\/index.php?rest_route=%2Fwp%2Fv2%2Fmedia&parent=130"}],"curies":[{"name":"wp","href":"https:\/\/api.w.org\/{rel}","templated":true}]}}