{"id":116,"date":"2020-03-10T16:21:36","date_gmt":"2020-03-10T16:21:36","guid":{"rendered":"http:\/\/spkeblowo.strefa.pl\/wordpress\/?page_id=116"},"modified":"2020-03-11T22:52:30","modified_gmt":"2020-03-11T22:52:30","slug":"rodzina-szkol-jana-pawla-ii","status":"publish","type":"page","link":"https:\/\/spkeblowo.pl\/?page_id=116","title":{"rendered":"RODZINA SZK\u00d3\u0141 JANA PAW\u0141A II"},"content":{"rendered":"\t\t<div data-elementor-type=\"wp-page\" data-elementor-id=\"116\" class=\"elementor elementor-116\">\n\t\t\t\t\t\t<section class=\"elementor-section elementor-top-section elementor-element elementor-element-1fad3a92 elementor-section-boxed elementor-section-height-default elementor-section-height-default\" data-id=\"1fad3a92\" data-element_type=\"section\" data-e-type=\"section\">\n\t\t\t\t\t\t<div class=\"elementor-container elementor-column-gap-default\">\n\t\t\t\t\t<div class=\"elementor-column elementor-col-100 elementor-top-column elementor-element elementor-element-22f87204\" data-id=\"22f87204\" data-element_type=\"column\" data-e-type=\"column\">\n\t\t\t<div class=\"elementor-widget-wrap elementor-element-populated\">\n\t\t\t\t\t\t<div class=\"elementor-element elementor-element-3dd540f0 elementor-widget elementor-widget-text-editor\" data-id=\"3dd540f0\" data-element_type=\"widget\" data-e-type=\"widget\" data-widget_type=\"text-editor.default\">\n\t\t\t\t<div class=\"elementor-widget-container\">\n\t\t\t\t\t\t\t\t\t\n<h2 class=\"has-medium-font-size\"><strong>A tak to si\u0119 zacz\u0119\u0142o&#8230;<br \/>Historia Rodziny Szk\u00f3\u0142<\/strong><\/h2>\n\n<div class=\"wp-block-image\">\n<figure class=\"alignleft size-large\"><img fetchpriority=\"high\" decoding=\"async\" width=\"258\" height=\"257\" class=\"wp-image-484\" src=\"https:\/\/spkeblowo.pl\/wp-content\/uploads\/2020\/03\/71407749.9060bb08093915.png\" alt=\"\" srcset=\"https:\/\/spkeblowo.pl\/wp-content\/uploads\/2020\/03\/71407749.9060bb08093915.png 258w, https:\/\/spkeblowo.pl\/wp-content\/uploads\/2020\/03\/71407749.9060bb08093915-150x150.png 150w, https:\/\/spkeblowo.pl\/wp-content\/uploads\/2020\/03\/71407749.9060bb08093915-70x70.png 70w, https:\/\/spkeblowo.pl\/wp-content\/uploads\/2020\/03\/71407749.9060bb08093915-246x246.png 246w, https:\/\/spkeblowo.pl\/wp-content\/uploads\/2020\/03\/71407749.9060bb08093915-125x125.png 125w\" sizes=\"(max-width: 258px) 100vw, 258px\" \/><\/figure>\n<\/div>\n\n<p class=\"has-text-align-right\" style=\"text-align: justify;\">\u00a016 pa\u017adziernika 1998 r. w dwudziest\u0105 rocznic\u0119 pontyfikatu Ojca \u015awi\u0119tego Jana Paw\u0142a II w Publicznej Szkole Podstawowej nr 41 (obecnie Zesp\u00f3\u0142 Szk\u00f3\u0142 Integracyjnych) w Radomiu odby\u0142a si\u0119 uroczysto\u015b\u0107 nadania szkole imienia Jana Paw\u0142a II. Przyj\u0119cie takiego patrona by\u0142o zaszczytem dla uczni\u00f3w, grona pedagogicznego i rodzic\u00f3w oraz zobowi\u0105zaniem, by wciela\u0107 w \u017cycie nauczanie Papie\u017ca. Wydarzenie to zainspirowa\u0142o jednego z rodzic\u00f3w, pana Zbigniewa Gumi\u0144skiego, maj\u0105cego w tej plac\u00f3wce troje dzieci, do odszukania w Polsce szk\u00f3\u0142, kt\u00f3rych patronem jest Ojciec \u015awi\u0119ty.<\/p>\n<p class=\"has-text-align-right\" style=\"text-align: justify;\"><br \/>Poprzez kurie diecezjalne i kuratoria o\u015bwiaty rozpocz\u0105\u0142 si\u0119 nie\u0142atwy etap poszukiwania szk\u00f3\u0142 nosz\u0105cych imi\u0119 Jana Paw\u0142a II. Nie by\u0142o to proste zadanie, poniewa\u017c nikt nie posiada\u0142 takich informacji.<\/p>\n<p class=\"has-text-align-right\" style=\"text-align: justify;\"><br \/>20 listopada 1998 r. w Publicznej Szkole Podstawowej nr 41 w Radomiu odby\u0142o si\u0119 pierwsze og\u00f3lnopolskie spotkanie przedstawicieli szk\u00f3\u0142, kt\u00f3rych patronem jest Ojciec \u015awi\u0119ty Jan Pawe\u0142 II. Zaproszenie skierowano do 33 szk\u00f3\u0142, odnalezionych w wyniku \u017cmudnych poszukiwa\u0144.<\/p>\n<p class=\"has-text-align-right\" style=\"text-align: justify;\"><br \/>G\u0142\u00f3wnym celem przyjazdu by\u0142o wzajemne poznanie si\u0119, wymiana do\u015bwiadcze\u0144 oraz opracowanie planu dzia\u0142a\u0144 dydaktyczno-wychowawczych, kt\u00f3re przygotowa\u0142yby jak najlepiej wszystkich uczni\u00f3w do spotkania z Patronem w Polsce. Aby pog\u0142\u0119bi\u0107 wiadomo\u015bci o \u017cyciu i nauce Ojca \u015awi\u0119tego, postanowiono zorganizowa\u0107 konkursy o zasi\u0119gu og\u00f3lnopolskim: wiedzy o patronie, plastyczny i literacki.<\/p>\n<p class=\"has-text-align-right\" style=\"text-align: justify;\"><br \/>Pomys\u0142 pana Zbigniewa Gumi\u0144skiego dotycz\u0105cy wsp\u00f3\u0142pracy szk\u00f3\u0142 nosz\u0105cych imi\u0119 Jana Paw\u0142a II okaza\u0142 si\u0119 strza\u0142em w dziesi\u0105tk\u0119.<\/p>\n<h2 class=\"has-text-align-right\" style=\"text-align: justify;\"><br \/><br \/>Kardyna\u0142 Stanis\u0142aw Dziwisz o \u201eRodzinie Szk\u00f3\u0142\u201d<\/h2>\n\n<p style=\"text-align: justify;\">\u201eLudzie m\u0142odzi byli zawsze uprzywilejowanymi adresatami s\u0142\u00f3w Ojca \u015awi\u0119tego i przedmiotem jego szczeg\u00f3lnej troski i mi\u0142o\u015bci. Ciesz\u0119 si\u0119 wi\u0119c, \u017ce m\u0142odzie\u017c z Jego ukochanej Ojczyzny \u2013 obieraj\u0105c go za patrona swoich szk\u00f3\u0142 \u2013 odwdzi\u0119cza t\u0119 Jego mi\u0142o\u015b\u0107 r\u00f3wnie\u017c po jego \u015bmierci. W ten spos\u00f3b urzeczywistnia si\u0119 jedno z ostatnich zda\u0144 przez Niego wypowiedzianych: Szuka\u0142em was, a teraz wy przyszli\u015bcie do mnie&#8230;<\/p>\n<p style=\"text-align: justify;\"><br \/>Szko\u0142a to nie tylko miejsce edukowania i wychowywania przysz\u0142ych pokole\u0144, ale te\u017c miejsce kszta\u0142towania przysz\u0142o\u015bci narodu i \u017cyj\u0105cego w tym narodzie Ko\u015bcio\u0142a. [&#8230;] Ojciec \u015awi\u0119ty patronuj\u0105cy tylu szko\u0142om w Polsce nie przestaje zatem pomaga\u0107 Ojczy\u017anie i Ko\u015bcio\u0142owi.<br \/><br \/>Stanis\u0142aw kard. Dziwisz<br \/>Arcybiskup Metropolita Krakowski<br \/><br \/><strong>w Polsce jest ju\u017c 1230 szk\u00f3\u0142 imienia Jana Paw\u0142a II<\/strong><br \/><br \/>Od 2006 roku rodzina szk\u00f3\u0142 imienia Jana Paw\u0142a II zwi\u0119kszy\u0142a si\u0119 do 1230 plac\u00f3wek. Najwi\u0119cej z nich znajduje si\u0119 w archidiecezji krakowskiej, tarnowskiej, sandomierskiej, rzeszowskiej oraz radomskiej.<\/p>\n<p style=\"text-align: justify;\"><br \/>Kiedy powstawa\u0142a rodzina szk\u00f3\u0142 papieskich w 1998 r., w Polsce by\u0142o 70 plac\u00f3wek nosz\u0105cych imi\u0119 Jana Paw\u0142a II. Przed kanonizacj\u0105 papie\u017ca-Polaka wydany zostanie drugi tom albumu dokumentuj\u0105cego dzia\u0142alno\u015bci szk\u00f3\u0142 papieskich w Polsce. Gotowy b\u0119dzie w kwietniu br. Autorzy chc\u0105 rozes\u0142a\u0107 opracowanie \u2013 podobnie jak to by\u0142o z cz\u0119\u015bci\u0105 pierwsz\u0105 \u2013 do ponad stu najwi\u0119kszych bibliotek w Europie i na \u015bwiecie. Pomys\u0142odawca albumu oraz jeden z inicjator\u00f3w utworzenia rodziny szk\u00f3\u0142 papieskich Zbigniew Gumi\u0144ski powiedzia\u0142, \u017ce album b\u0119dzie wizyt\u00f3wk\u0105 szk\u00f3\u0142 z dum\u0105 nosz\u0105cych imi\u0119 Jana Paw\u0142a II. \u2013 B\u0119dzie to \u015bwiadectwo, kim dla nas by\u0142 i jest Papie\u017c -Polak \u2013 doda\u0142.<\/p>\n<p style=\"text-align: justify;\"><br \/>Druga cz\u0119\u015b\u0107 publikacji dotyczy\u0107 b\u0119dzie okresu od pierwszej rocznicy \u015bmierci do kanonizacji Jana Paw\u0142a II. Podobnie jak tom pierwszy, publikacja trafi do ponad stu bibliotek narodowych na ca\u0142ym \u015bwiecie.<\/p>\n<p style=\"text-align: justify;\"><br \/>\u2013 Pokolenie JPII trwa nadal. Najlepszym tego dowodem jest, \u017ce tak wiele szk\u00f3\u0142 chce wychowywa\u0107 m\u0142odzie\u017c w oparciu o warto\u015bci p\u0142yn\u0105ce z pontyfikatu Jana Paw\u0142a II. Dzieci poznaj\u0105 patrona poprzez r\u00f3\u017cne formy: konkursy, pielgrzymki czy udzia\u0142 w Dniu Papieskim \u2013 powiedzia\u0142 Zbigniew Gumi\u0144ski.<\/p>\n<p style=\"text-align: justify;\"><br \/>Pierwsza cz\u0119\u015b\u0107 albumu dokumentuje 7 lat dzia\u0142alno\u015bci rodziny szk\u00f3\u0142 papieskich, relacje z og\u00f3lnopolskich zjazd\u00f3w, pielgrzymek na Jasn\u0105 G\u00f3r\u0119 oraz spotka\u0144 z Janem Paw\u0142em II. W albumie zamieszczono kilkaset fotografii, m.in. sztandar\u00f3w, popiersi i pomnik\u00f3w po\u015bwi\u0119conych Janowi Paw\u0142owi II. W albumie zamieszczono te\u017c dane teleadresowe szk\u00f3\u0142 papieskich w Australii, Kanadzie, USA i na Litwie. Podobnie b\u0119dzie z cz\u0119\u015bci\u0105 drug\u0105.<\/p>\n<p style=\"text-align: justify;\"><br \/>Najwi\u0119cej szk\u00f3\u0142, kt\u00f3rych patronem jest Jan Pawe\u0142 II znajduje si\u0119 w archidiecezji krakowskiej, tarnowskiej, sandomierskiej, rzeszowskiej oraz radomskiej. Kiedy powstawa\u0142a rodzina szk\u00f3\u0142 papieskich (1998), w Polsce by\u0142o 70 plac\u00f3wek nosz\u0105cych imi\u0119 Jana Paw\u0142a II. Pierwszymi szko\u0142ami, kt\u00f3re obra\u0142y sobie za patrona Papie\u017ca-Polaka by\u0142y plac\u00f3wki w My\u015bleniach i Gda\u0144sku. By\u0142o to w 1990 roku.<br \/>Idea integracji spo\u0142eczno\u015bci szkolnych, kt\u00f3re za patrona obra\u0142y sobie Papie\u017ca-Polaka zrodzi\u0142a si\u0119 w pa\u017adzierniku 1998 roku w Zespole Szk\u00f3\u0142 Integracyjnych w Radomiu. Uczniowie i nauczyciele nale\u017c\u0105cy do rodziny zobowi\u0105zani s\u0105 m.in. do przyjmowania w \u017cywy spos\u00f3b nauk papieskich poprzez realizowanie ich w \u017cyciu. Ponadto szko\u0142y organizuj\u0105 konkursy o r\u00f3\u017cnej tematyce i zawody sportowe, a wszystko to w celu upowszechniania nauki patrona szk\u00f3\u0142 Jana Paw\u0142a II.<br \/><br \/><\/p>\n\t\t\t\t\t\t\t\t<\/div>\n\t\t\t\t<\/div>\n\t\t\t\t\t<\/div>\n\t\t<\/div>\n\t\t\t\t\t<\/div>\n\t\t<\/section>\n\t\t\t\t<\/div>\n\t\t","protected":false},"excerpt":{"rendered":"<p>A tak to si\u0119 zacz\u0119\u0142o&#8230;Historia Rodziny Szk\u00f3\u0142 \u00a016 pa\u017adziernika 1998 r. w dwudziest\u0105 rocznic\u0119 pontyfikatu Ojca \u015awi\u0119tego Jana Paw\u0142a II &hellip; <\/p>\n","protected":false},"author":1,"featured_media":0,"parent":0,"menu_order":0,"comment_status":"closed","ping_status":"closed","template":"","meta":{"footnotes":""},"class_list":["post-116","page","type-page","status-publish","hentry"],"yoast_head":"<!-- This site is optimized with the Yoast SEO plugin v27.4 - https:\/\/yoast.com\/product\/yoast-seo-wordpress\/ -->\n<title>RODZINA SZK\u00d3\u0141 JANA PAW\u0141A II - Szko\u0142a Podstawowa im. Jana Paw\u0142a II w K\u0119b\u0142owie<\/title>\n<meta name=\"robots\" content=\"index, follow, max-snippet:-1, max-image-preview:large, max-video-preview:-1\" \/>\n<link rel=\"canonical\" href=\"https:\/\/spkeblowo.pl\/?page_id=116\" \/>\n<meta property=\"og:locale\" content=\"pl_PL\" \/>\n<meta property=\"og:type\" content=\"article\" \/>\n<meta property=\"og:title\" content=\"RODZINA SZK\u00d3\u0141 JANA PAW\u0141A II - Szko\u0142a Podstawowa im. Jana Paw\u0142a II w K\u0119b\u0142owie\" \/>\n<meta property=\"og:description\" content=\"A tak to si\u0119 zacz\u0119\u0142o&#8230;Historia Rodziny Szk\u00f3\u0142 \u00a016 pa\u017adziernika 1998 r. w dwudziest\u0105 rocznic\u0119 pontyfikatu Ojca \u015awi\u0119tego Jana Paw\u0142a II &hellip;\" \/>\n<meta property=\"og:url\" content=\"https:\/\/spkeblowo.pl\/?page_id=116\" \/>\n<meta property=\"og:site_name\" content=\"Szko\u0142a Podstawowa im. Jana Paw\u0142a II w K\u0119b\u0142owie\" \/>\n<meta property=\"article:modified_time\" content=\"2020-03-11T22:52:30+00:00\" \/>\n<meta property=\"og:image\" content=\"https:\/\/spkeblowo.pl\/wp-content\/uploads\/2020\/03\/71407749.9060bb08093915.png\" \/>\n<meta name=\"twitter:card\" content=\"summary_large_image\" \/>\n<meta name=\"twitter:label1\" content=\"Szacowany czas czytania\" \/>\n\t<meta name=\"twitter:data1\" content=\"4 minuty\" \/>\n<script type=\"application\/ld+json\" class=\"yoast-schema-graph\">{\"@context\":\"https:\\\/\\\/schema.org\",\"@graph\":[{\"@type\":\"WebPage\",\"@id\":\"https:\\\/\\\/spkeblowo.pl\\\/?page_id=116\",\"url\":\"https:\\\/\\\/spkeblowo.pl\\\/?page_id=116\",\"name\":\"RODZINA SZK\u00d3\u0141 JANA PAW\u0141A II - Szko\u0142a Podstawowa im. Jana Paw\u0142a II w K\u0119b\u0142owie\",\"isPartOf\":{\"@id\":\"https:\\\/\\\/spkeblowo.pl\\\/#website\"},\"primaryImageOfPage\":{\"@id\":\"https:\\\/\\\/spkeblowo.pl\\\/?page_id=116#primaryimage\"},\"image\":{\"@id\":\"https:\\\/\\\/spkeblowo.pl\\\/?page_id=116#primaryimage\"},\"thumbnailUrl\":\"https:\\\/\\\/spkeblowo.pl\\\/wp-content\\\/uploads\\\/2020\\\/03\\\/71407749.9060bb08093915.png\",\"datePublished\":\"2020-03-10T16:21:36+00:00\",\"dateModified\":\"2020-03-11T22:52:30+00:00\",\"breadcrumb\":{\"@id\":\"https:\\\/\\\/spkeblowo.pl\\\/?page_id=116#breadcrumb\"},\"inLanguage\":\"pl-PL\",\"potentialAction\":[{\"@type\":\"ReadAction\",\"target\":[\"https:\\\/\\\/spkeblowo.pl\\\/?page_id=116\"]}]},{\"@type\":\"ImageObject\",\"inLanguage\":\"pl-PL\",\"@id\":\"https:\\\/\\\/spkeblowo.pl\\\/?page_id=116#primaryimage\",\"url\":\"https:\\\/\\\/spkeblowo.pl\\\/wp-content\\\/uploads\\\/2020\\\/03\\\/71407749.9060bb08093915.png\",\"contentUrl\":\"https:\\\/\\\/spkeblowo.pl\\\/wp-content\\\/uploads\\\/2020\\\/03\\\/71407749.9060bb08093915.png\",\"width\":258,\"height\":257},{\"@type\":\"BreadcrumbList\",\"@id\":\"https:\\\/\\\/spkeblowo.pl\\\/?page_id=116#breadcrumb\",\"itemListElement\":[{\"@type\":\"ListItem\",\"position\":1,\"name\":\"Strona g\u0142\u00f3wna\",\"item\":\"https:\\\/\\\/spkeblowo.pl\\\/\"},{\"@type\":\"ListItem\",\"position\":2,\"name\":\"RODZINA SZK\u00d3\u0141 JANA PAW\u0141A II\"}]},{\"@type\":\"WebSite\",\"@id\":\"https:\\\/\\\/spkeblowo.pl\\\/#website\",\"url\":\"https:\\\/\\\/spkeblowo.pl\\\/\",\"name\":\"Szko\u0142a Podstawowa im. Jana Paw\u0142a II w K\u0119b\u0142owie\",\"description\":\"\",\"publisher\":{\"@id\":\"https:\\\/\\\/spkeblowo.pl\\\/#organization\"},\"potentialAction\":[{\"@type\":\"SearchAction\",\"target\":{\"@type\":\"EntryPoint\",\"urlTemplate\":\"https:\\\/\\\/spkeblowo.pl\\\/?s={search_term_string}\"},\"query-input\":{\"@type\":\"PropertyValueSpecification\",\"valueRequired\":true,\"valueName\":\"search_term_string\"}}],\"inLanguage\":\"pl-PL\"},{\"@type\":\"Organization\",\"@id\":\"https:\\\/\\\/spkeblowo.pl\\\/#organization\",\"name\":\"Szko\u0142a Podstawowa im. Jana Paw\u0142a II w K\u0119b\u0142owie\",\"url\":\"https:\\\/\\\/spkeblowo.pl\\\/\",\"logo\":{\"@type\":\"ImageObject\",\"inLanguage\":\"pl-PL\",\"@id\":\"https:\\\/\\\/spkeblowo.pl\\\/#\\\/schema\\\/logo\\\/image\\\/\",\"url\":\"https:\\\/\\\/spkeblowo.pl\\\/wp-content\\\/uploads\\\/2020\\\/03\\\/2-2.png\",\"contentUrl\":\"https:\\\/\\\/spkeblowo.pl\\\/wp-content\\\/uploads\\\/2020\\\/03\\\/2-2.png\",\"width\":1400,\"height\":350,\"caption\":\"Szko\u0142a Podstawowa im. Jana Paw\u0142a II w K\u0119b\u0142owie\"},\"image\":{\"@id\":\"https:\\\/\\\/spkeblowo.pl\\\/#\\\/schema\\\/logo\\\/image\\\/\"}}]}<\/script>\n<!-- \/ Yoast SEO plugin. -->","yoast_head_json":{"title":"RODZINA SZK\u00d3\u0141 JANA PAW\u0141A II - Szko\u0142a Podstawowa im. Jana Paw\u0142a II w K\u0119b\u0142owie","robots":{"index":"index","follow":"follow","max-snippet":"max-snippet:-1","max-image-preview":"max-image-preview:large","max-video-preview":"max-video-preview:-1"},"canonical":"https:\/\/spkeblowo.pl\/?page_id=116","og_locale":"pl_PL","og_type":"article","og_title":"RODZINA SZK\u00d3\u0141 JANA PAW\u0141A II - Szko\u0142a Podstawowa im. Jana Paw\u0142a II w K\u0119b\u0142owie","og_description":"A tak to si\u0119 zacz\u0119\u0142o&#8230;Historia Rodziny Szk\u00f3\u0142 \u00a016 pa\u017adziernika 1998 r. w dwudziest\u0105 rocznic\u0119 pontyfikatu Ojca \u015awi\u0119tego Jana Paw\u0142a II &hellip;","og_url":"https:\/\/spkeblowo.pl\/?page_id=116","og_site_name":"Szko\u0142a Podstawowa im. Jana Paw\u0142a II w K\u0119b\u0142owie","article_modified_time":"2020-03-11T22:52:30+00:00","og_image":[{"url":"https:\/\/spkeblowo.pl\/wp-content\/uploads\/2020\/03\/71407749.9060bb08093915.png","type":"","width":"","height":""}],"twitter_card":"summary_large_image","twitter_misc":{"Szacowany czas czytania":"4 minuty"},"schema":{"@context":"https:\/\/schema.org","@graph":[{"@type":"WebPage","@id":"https:\/\/spkeblowo.pl\/?page_id=116","url":"https:\/\/spkeblowo.pl\/?page_id=116","name":"RODZINA SZK\u00d3\u0141 JANA PAW\u0141A II - Szko\u0142a Podstawowa im. Jana Paw\u0142a II w K\u0119b\u0142owie","isPartOf":{"@id":"https:\/\/spkeblowo.pl\/#website"},"primaryImageOfPage":{"@id":"https:\/\/spkeblowo.pl\/?page_id=116#primaryimage"},"image":{"@id":"https:\/\/spkeblowo.pl\/?page_id=116#primaryimage"},"thumbnailUrl":"https:\/\/spkeblowo.pl\/wp-content\/uploads\/2020\/03\/71407749.9060bb08093915.png","datePublished":"2020-03-10T16:21:36+00:00","dateModified":"2020-03-11T22:52:30+00:00","breadcrumb":{"@id":"https:\/\/spkeblowo.pl\/?page_id=116#breadcrumb"},"inLanguage":"pl-PL","potentialAction":[{"@type":"ReadAction","target":["https:\/\/spkeblowo.pl\/?page_id=116"]}]},{"@type":"ImageObject","inLanguage":"pl-PL","@id":"https:\/\/spkeblowo.pl\/?page_id=116#primaryimage","url":"https:\/\/spkeblowo.pl\/wp-content\/uploads\/2020\/03\/71407749.9060bb08093915.png","contentUrl":"https:\/\/spkeblowo.pl\/wp-content\/uploads\/2020\/03\/71407749.9060bb08093915.png","width":258,"height":257},{"@type":"BreadcrumbList","@id":"https:\/\/spkeblowo.pl\/?page_id=116#breadcrumb","itemListElement":[{"@type":"ListItem","position":1,"name":"Strona g\u0142\u00f3wna","item":"https:\/\/spkeblowo.pl\/"},{"@type":"ListItem","position":2,"name":"RODZINA SZK\u00d3\u0141 JANA PAW\u0141A II"}]},{"@type":"WebSite","@id":"https:\/\/spkeblowo.pl\/#website","url":"https:\/\/spkeblowo.pl\/","name":"Szko\u0142a Podstawowa im. Jana Paw\u0142a II w K\u0119b\u0142owie","description":"","publisher":{"@id":"https:\/\/spkeblowo.pl\/#organization"},"potentialAction":[{"@type":"SearchAction","target":{"@type":"EntryPoint","urlTemplate":"https:\/\/spkeblowo.pl\/?s={search_term_string}"},"query-input":{"@type":"PropertyValueSpecification","valueRequired":true,"valueName":"search_term_string"}}],"inLanguage":"pl-PL"},{"@type":"Organization","@id":"https:\/\/spkeblowo.pl\/#organization","name":"Szko\u0142a Podstawowa im. Jana Paw\u0142a II w K\u0119b\u0142owie","url":"https:\/\/spkeblowo.pl\/","logo":{"@type":"ImageObject","inLanguage":"pl-PL","@id":"https:\/\/spkeblowo.pl\/#\/schema\/logo\/image\/","url":"https:\/\/spkeblowo.pl\/wp-content\/uploads\/2020\/03\/2-2.png","contentUrl":"https:\/\/spkeblowo.pl\/wp-content\/uploads\/2020\/03\/2-2.png","width":1400,"height":350,"caption":"Szko\u0142a Podstawowa im. Jana Paw\u0142a II w K\u0119b\u0142owie"},"image":{"@id":"https:\/\/spkeblowo.pl\/#\/schema\/logo\/image\/"}}]}},"_links":{"self":[{"href":"https:\/\/spkeblowo.pl\/index.php?rest_route=\/wp\/v2\/pages\/116","targetHints":{"allow":["GET"]}}],"collection":[{"href":"https:\/\/spkeblowo.pl\/index.php?rest_route=\/wp\/v2\/pages"}],"about":[{"href":"https:\/\/spkeblowo.pl\/index.php?rest_route=\/wp\/v2\/types\/page"}],"author":[{"embeddable":true,"href":"https:\/\/spkeblowo.pl\/index.php?rest_route=\/wp\/v2\/users\/1"}],"replies":[{"embeddable":true,"href":"https:\/\/spkeblowo.pl\/index.php?rest_route=%2Fwp%2Fv2%2Fcomments&post=116"}],"version-history":[{"count":3,"href":"https:\/\/spkeblowo.pl\/index.php?rest_route=\/wp\/v2\/pages\/116\/revisions"}],"predecessor-version":[{"id":486,"href":"https:\/\/spkeblowo.pl\/index.php?rest_route=\/wp\/v2\/pages\/116\/revisions\/486"}],"wp:attachment":[{"href":"https:\/\/spkeblowo.pl\/index.php?rest_route=%2Fwp%2Fv2%2Fmedia&parent=116"}],"curies":[{"name":"wp","href":"https:\/\/api.w.org\/{rel}","templated":true}]}}